{"id":756198,"date":"2025-08-28T07:01:12","date_gmt":"2025-08-28T04:01:12","guid":{"rendered":"https:\/\/roveyayinevi.com.tr\/index.php\/urun\/st-marys-gunlukleri-2-yankilar-senfonisi\/"},"modified":"2026-04-16T03:09:30","modified_gmt":"2026-04-16T00:09:30","slug":"st-marys-gunlukleri-2-yankilar-senfonisi","status":"publish","type":"product","link":"https:\/\/roveyayinevi.com.tr\/index.php\/urun\/st-marys-gunlukleri-2-yankilar-senfonisi\/","title":{"rendered":"St Mary&#8217;s G\u00fcnl\u00fckleri 2: Yank\u0131lar Senfonisi"},"content":{"rendered":"<p>Zaman\u0131n S\u0131rlar\u0131n\u0131 Yeniden Ke\u015ffedin!   Jodi Taylor, St. Mary&#8217;s G\u00fcnl\u00fckleri serisinin yarat\u0131c\u0131 g\u00fcc\u00fc, &#8220;Biri Biter Di\u011feri Ba\u015flar&#8221;\u0131n merakla beklenen devam kitab\u0131nda sizi zaman\u0131n i\u00e7inde bir ser\u00fcvene \u00e7\u0131kar\u0131yor.   Bu heyecan dolu macerada St. Mary&#8217;nin Enstit\u00fcs\u00fc&#8217;ne geri gelin. Burada tarih sadece okunmuyor ayn\u0131 zamanda ya\u015fan\u0131yor da. Victoria D\u00f6nemi Londras\u0131n\u0131n sisli sokaklar\u0131nda Max ve s\u0131ra d\u0131\u015f\u0131 ekibiyle birlikte Kar\u0131nde\u015fen Jack\u2019in gizemini \u00e7\u00f6zmek i\u00e7in ad\u0131m at\u0131n. Ancak unutmay\u0131n, beklenmedik g\u00f6lgeleri ayd\u0131nlat\u0131rken daha karanl\u0131k bir \u015feyi de uyand\u0131racaks\u0131n\u0131z. Canterbury Katedrali kendi s\u0131rlar\u0131n\u0131 kendine saklarken ekip, Ba\u015fpiskopos Thomas Becket&#8217;in \u015fok edici cinayetinin tan\u0131\u011f\u0131 olacak. Ge\u00e7mi\u015fin yank\u0131lar\u0131 tehlike dolu bir \u015fekilde yank\u0131lanacak. St. Mary&#8217;s Enstit\u00fcs\u00fc\u2019n\u00fc ve tarihin kendisini tehdit eden bir d\u00fc\u015fman\u0131n pe\u015fine d\u00fc\u015feceksiniz. Her \u015feyi yeniden yazmaya kararl\u0131, durdurulamaz bir d\u00fc\u015fman bu.   St. Mary\u2019s G\u00fcnl\u00fckleri serisinin ikinci kitab\u0131 Yank\u0131lar Senfonisi, tarih\u00ee maceralar\u0131n en heyecanl\u0131 anlar\u0131n\u0131 sunuyor. Kazalar ve ke\u015fifler i\u00e7 i\u00e7e ge\u00e7iyor. Jodi Taylor&#8217;\u0131n mizah\u0131 ve e\u015fsiz anlat\u0131m yetene\u011fi, sizi ilk sayfadan son sayfaya kadar etkisi alt\u0131na alacak. E\u011fer dodolarla \u00e7ay i\u00e7mek, tarihsel olaylar\u0131 yak\u0131ndan g\u00f6zlemlemek ve tarihin i\u00e7inde g\u00fclmek istiyorsan\u0131z bu kitap tam size g\u00f6re. \u00c7ekinmeyin! St. Mary&#8217;s\u2019in tarih\u00e7ileriyle asla s\u0131k\u0131lmazs\u0131n\u0131z \u00e7\u00fcnk\u00fc tarih her daim oynamak i\u00e7in haz\u0131rd\u0131r. <\/p>\n","protected":false},"excerpt":{"rendered":"<p>Zaman\u0131n S\u0131rlar\u0131n\u0131 Yeniden Ke\u015ffedin! Jodi Taylor, St. Mary&#8217;s G\u00fcnl\u00fckleri serisinin yarat\u0131c\u0131 g\u00fcc\u00fc, &#8220;Biri Biter Di\u011feri Ba\u015flar&#8221;\u0131n merakla beklenen devam kitab\u0131nda sizi zaman\u0131n i\u00e7inde bir ser\u00fcvene \u00e7\u0131kar\u0131yor.<span class=\"excerpt-hellip\"> [\u2026]<\/span><\/p>\n","protected":false},"featured_media":0,"template":"","meta":{"_monsterinsights_skip_tracking":false,"_monsterinsights_sitenote_active":false,"_monsterinsights_sitenote_note":"","_monsterinsights_sitenote_category":0},"product_brand":[],"product_cat":[12540,12291],"product_tag":[],"class_list":{"0":"post-756198","1":"product","2":"type-product","3":"status-publish","5":"product_cat-bilim-kurgu","6":"product_cat-edebiyat","7":"pa_cilt-ciltsiz","8":"pa_tur-kitap","9":"pa_yayinevi-perseus","10":"pa_yazar-jodi-taylor","12":"first","13":"instock","14":"sale","15":"shipping-taxable","16":"purchasable","17":"product-type-simple"},"_links":{"self":[{"href":"https:\/\/roveyayinevi.com.tr\/index.php\/wp-json\/wp\/v2\/product\/756198","targetHints":{"allow":["GET"]}}],"collection":[{"href":"https:\/\/roveyayinevi.com.tr\/index.php\/wp-json\/wp\/v2\/product"}],"about":[{"href":"https:\/\/roveyayinevi.com.tr\/index.php\/wp-json\/wp\/v2\/types\/product"}],"wp:attachment":[{"href":"https:\/\/roveyayinevi.com.tr\/index.php\/wp-json\/wp\/v2\/media?parent=756198"}],"wp:term":[{"taxonomy":"product_brand","embeddable":true,"href":"https:\/\/roveyayinevi.com.tr\/index.php\/wp-json\/wp\/v2\/product_brand?post=756198"},{"taxonomy":"product_cat","embeddable":true,"href":"https:\/\/roveyayinevi.com.tr\/index.php\/wp-json\/wp\/v2\/product_cat?post=756198"},{"taxonomy":"product_tag","embeddable":true,"href":"https:\/\/roveyayinevi.com.tr\/index.php\/wp-json\/wp\/v2\/product_tag?post=756198"}],"curies":[{"name":"wp","href":"https:\/\/api.w.org\/{rel}","templated":true}]}}