{"id":756196,"date":"2025-08-28T07:01:08","date_gmt":"2025-08-28T04:01:08","guid":{"rendered":"https:\/\/roveyayinevi.com.tr\/index.php\/urun\/musibet\/"},"modified":"2026-04-16T03:09:30","modified_gmt":"2026-04-16T00:09:30","slug":"musibet","status":"publish","type":"product","link":"https:\/\/roveyayinevi.com.tr\/index.php\/urun\/musibet\/","title":{"rendered":"Musibet"},"content":{"rendered":"<p>O bir ucube mi, yoksa bir mucize miydi? Do\u011fdu\u011fu gece u\u011fursuz say\u0131l\u0131p karanl\u0131k bir kuyuya at\u0131ld\u0131. Y\u0131llarca k\u00f6r bir ihtiyar\u0131n dizi dibinde, insanlardan uzak bir hayat ya\u015fad\u0131. Bir zaman sonra kafas\u0131n\u0131n i\u00e7inde duydu\u011fu sesler ve zindana d\u00f6nen bedeni aras\u0131nda s\u0131k\u0131\u015f\u0131p kald\u0131. Bir felaket,  insanlar\u0131n ruhlar\u0131n\u0131 i\u015fitip ak\u0131llar\u0131n\u0131 okudu\u011fu ger\u00e7e\u011fini ortaya \u00e7\u0131kard\u0131. Dilerse o, \u00e2lemi avcuna alacak kudrete sahipti. *** Anadolu\u2019nun kadim ve puslu vakitlerinde derg\u00e2hlardan saraylara, da\u011flardan denizlere uzanan b\u00fcy\u00fcleyici, \u015fa\u015f\u0131rt\u0131c\u0131 ve nefes kesici bir yolculuk. S\u0131ra d\u0131\u015f\u0131 bir kahraman\u0131n g\u00f6z\u00fcnden d\u00fcnya ve \u00f6tesine \u015fahitlik etmek, insan ruhunun ve akl\u0131n\u0131n derinliklerinde iyi ve k\u00f6t\u00fcn\u00fcn, hayal ve ger\u00e7e\u011fin, a\u015fk ve nefretin tam ortas\u0131nda kalm\u0131\u015f bir hakikati arama hik\u00e2yesi. \u00d6d\u00fcll\u00fc yazar Faruk Y\u0131ld\u0131z\u2019\u0131n kalemimden ger\u00e7ekli\u011fin s\u0131n\u0131rlar\u0131n\u0131 zorlayan,  s\u00fcr\u00fckleyici bir romana haz\u0131r olun.    <\/p>\n","protected":false},"excerpt":{"rendered":"<p>O bir ucube mi, yoksa bir mucize miydi? Do\u011fdu\u011fu gece u\u011fursuz say\u0131l\u0131p karanl\u0131k bir kuyuya at\u0131ld\u0131. Y\u0131llarca k\u00f6r bir ihtiyar\u0131n dizi dibinde, insanlardan uzak bir hayat<span class=\"excerpt-hellip\"> [\u2026]<\/span><\/p>\n","protected":false},"featured_media":0,"template":"","meta":{"_monsterinsights_skip_tracking":false,"_monsterinsights_sitenote_active":false,"_monsterinsights_sitenote_note":"","_monsterinsights_sitenote_category":0},"product_brand":[],"product_cat":[12291,12711],"product_tag":[],"class_list":{"0":"post-756196","1":"product","2":"type-product","3":"status-publish","5":"product_cat-edebiyat","6":"product_cat-roman-oyku","7":"pa_cilt-ciltsiz","8":"pa_tur-kitap","9":"pa_yayinevi-nesil-yayinlari","10":"pa_yazar-faruk-yildiz","12":"first","13":"instock","14":"sale","15":"shipping-taxable","16":"purchasable","17":"product-type-simple"},"_links":{"self":[{"href":"https:\/\/roveyayinevi.com.tr\/index.php\/wp-json\/wp\/v2\/product\/756196","targetHints":{"allow":["GET"]}}],"collection":[{"href":"https:\/\/roveyayinevi.com.tr\/index.php\/wp-json\/wp\/v2\/product"}],"about":[{"href":"https:\/\/roveyayinevi.com.tr\/index.php\/wp-json\/wp\/v2\/types\/product"}],"wp:attachment":[{"href":"https:\/\/roveyayinevi.com.tr\/index.php\/wp-json\/wp\/v2\/media?parent=756196"}],"wp:term":[{"taxonomy":"product_brand","embeddable":true,"href":"https:\/\/roveyayinevi.com.tr\/index.php\/wp-json\/wp\/v2\/product_brand?post=756196"},{"taxonomy":"product_cat","embeddable":true,"href":"https:\/\/roveyayinevi.com.tr\/index.php\/wp-json\/wp\/v2\/product_cat?post=756196"},{"taxonomy":"product_tag","embeddable":true,"href":"https:\/\/roveyayinevi.com.tr\/index.php\/wp-json\/wp\/v2\/product_tag?post=756196"}],"curies":[{"name":"wp","href":"https:\/\/api.w.org\/{rel}","templated":true}]}}