{"id":756177,"date":"2025-08-28T07:00:36","date_gmt":"2025-08-28T04:00:36","guid":{"rendered":"https:\/\/roveyayinevi.com.tr\/index.php\/urun\/kukuliyle-yaratici-etkinlikler-2\/"},"modified":"2026-04-16T03:09:29","modified_gmt":"2026-04-16T00:09:29","slug":"kukuliyle-yaratici-etkinlikler-2","status":"publish","type":"product","link":"https:\/\/roveyayinevi.com.tr\/index.php\/urun\/kukuliyle-yaratici-etkinlikler-2\/","title":{"rendered":"KUKUL\u0130\u2019YLE YARATICI ETK\u0130NL\u0130KLER"},"content":{"rendered":"<p>Kukuli, yarat\u0131c\u0131 miniklerle bu kez reng\u00e2renk bir aktivite kitab\u0131 ile bulu\u015fuyor!Bu ne\u015feli kitapta doya doya oynayabilece\u011fin oyunlar, sevdiklerinle beraber \u00f6\u011frenip e\u011flenece\u011fin aktiviteler seni bekliyor.Haydi sen de kat\u0131l, Kukuli ve arkada\u015flar\u0131yla ke\u015ffet \u00f6\u011fren, e\u011flen!<\/p>\n","protected":false},"excerpt":{"rendered":"<p>Kukuli, yarat\u0131c\u0131 miniklerle bu kez reng\u00e2renk bir aktivite kitab\u0131 ile bulu\u015fuyor!Bu ne\u015feli kitapta doya doya oynayabilece\u011fin oyunlar, sevdiklerinle beraber \u00f6\u011frenip e\u011flenece\u011fin aktiviteler seni bekliyor.Haydi sen de<span class=\"excerpt-hellip\"> [\u2026]<\/span><\/p>\n","protected":false},"featured_media":0,"template":"","meta":{"_monsterinsights_skip_tracking":false,"_monsterinsights_sitenote_active":false,"_monsterinsights_sitenote_note":"","_monsterinsights_sitenote_category":0},"product_brand":[],"product_cat":[12274,15842],"product_tag":[],"class_list":{"0":"post-756177","1":"product","2":"type-product","3":"status-publish","5":"product_cat-cocuk-ve-genclik-kitaplari","6":"product_cat-egitici-kitaplar","7":"pa_cilt-ciltsiz","8":"pa_tur-kitap","9":"pa_yayinevi-beta-kids","10":"pa_yazar-buket-kurt","11":"pa_yazar-serhat-akdeniz","13":"first","14":"instock","15":"sale","16":"shipping-taxable","17":"purchasable","18":"product-type-simple"},"_links":{"self":[{"href":"https:\/\/roveyayinevi.com.tr\/index.php\/wp-json\/wp\/v2\/product\/756177","targetHints":{"allow":["GET"]}}],"collection":[{"href":"https:\/\/roveyayinevi.com.tr\/index.php\/wp-json\/wp\/v2\/product"}],"about":[{"href":"https:\/\/roveyayinevi.com.tr\/index.php\/wp-json\/wp\/v2\/types\/product"}],"wp:attachment":[{"href":"https:\/\/roveyayinevi.com.tr\/index.php\/wp-json\/wp\/v2\/media?parent=756177"}],"wp:term":[{"taxonomy":"product_brand","embeddable":true,"href":"https:\/\/roveyayinevi.com.tr\/index.php\/wp-json\/wp\/v2\/product_brand?post=756177"},{"taxonomy":"product_cat","embeddable":true,"href":"https:\/\/roveyayinevi.com.tr\/index.php\/wp-json\/wp\/v2\/product_cat?post=756177"},{"taxonomy":"product_tag","embeddable":true,"href":"https:\/\/roveyayinevi.com.tr\/index.php\/wp-json\/wp\/v2\/product_tag?post=756177"}],"curies":[{"name":"wp","href":"https:\/\/api.w.org\/{rel}","templated":true}]}}