{"id":756164,"date":"2025-08-28T07:00:14","date_gmt":"2025-08-28T04:00:14","guid":{"rendered":"https:\/\/roveyayinevi.com.tr\/index.php\/urun\/dc-comics-teen-titans-go-sayborg-devreler-yaninca\/"},"modified":"2026-04-16T03:09:29","modified_gmt":"2026-04-16T00:09:29","slug":"dc-comics-teen-titans-go-sayborg-devreler-yaninca","status":"publish","type":"product","link":"https:\/\/roveyayinevi.com.tr\/index.php\/urun\/dc-comics-teen-titans-go-sayborg-devreler-yaninca\/","title":{"rendered":"DC Comics: Teen Titans Go! Sayborg Devreler Yan\u0131nca"},"content":{"rendered":"<p>Sayborg yar\u0131 ergen yar\u0131 robot olabilir ama tamamen muhte\u015femdir. \u0130nsan\u00fcst\u00fc bir g\u00fcce ve patlam\u0131\u015f m\u0131s\u0131r yapan bir kola sahiptir! Bu m\u00fchendislik harikas\u0131 kahraman s\u0131radan biri gibi davranmaya kalk\u0131\u015f\u0131rsa ne olur? Bu harika \u00f6yk\u00fcleri oku ve kendin karar ver!<\/p>\n","protected":false},"excerpt":{"rendered":"<p>Sayborg yar\u0131 ergen yar\u0131 robot olabilir ama tamamen muhte\u015femdir. \u0130nsan\u00fcst\u00fc bir g\u00fcce ve patlam\u0131\u015f m\u0131s\u0131r yapan bir kola sahiptir! Bu m\u00fchendislik harikas\u0131 kahraman s\u0131radan biri gibi<span class=\"excerpt-hellip\"> [\u2026]<\/span><\/p>\n","protected":false},"featured_media":0,"template":"","meta":{"_monsterinsights_skip_tracking":false,"_monsterinsights_sitenote_active":false,"_monsterinsights_sitenote_note":"","_monsterinsights_sitenote_category":0},"product_brand":[],"product_cat":[12274,12284],"product_tag":[],"class_list":{"0":"post-756164","1":"product","2":"type-product","3":"status-publish","5":"product_cat-cocuk-ve-genclik-kitaplari","6":"product_cat-hikayeler","7":"pa_cilt-ciltsiz","8":"pa_tur-kitap","9":"pa_yayinevi-beta-kids","10":"pa_yazar-steve-korte","12":"first","13":"instock","14":"sale","15":"shipping-taxable","16":"purchasable","17":"product-type-simple"},"_links":{"self":[{"href":"https:\/\/roveyayinevi.com.tr\/index.php\/wp-json\/wp\/v2\/product\/756164","targetHints":{"allow":["GET"]}}],"collection":[{"href":"https:\/\/roveyayinevi.com.tr\/index.php\/wp-json\/wp\/v2\/product"}],"about":[{"href":"https:\/\/roveyayinevi.com.tr\/index.php\/wp-json\/wp\/v2\/types\/product"}],"wp:attachment":[{"href":"https:\/\/roveyayinevi.com.tr\/index.php\/wp-json\/wp\/v2\/media?parent=756164"}],"wp:term":[{"taxonomy":"product_brand","embeddable":true,"href":"https:\/\/roveyayinevi.com.tr\/index.php\/wp-json\/wp\/v2\/product_brand?post=756164"},{"taxonomy":"product_cat","embeddable":true,"href":"https:\/\/roveyayinevi.com.tr\/index.php\/wp-json\/wp\/v2\/product_cat?post=756164"},{"taxonomy":"product_tag","embeddable":true,"href":"https:\/\/roveyayinevi.com.tr\/index.php\/wp-json\/wp\/v2\/product_tag?post=756164"}],"curies":[{"name":"wp","href":"https:\/\/api.w.org\/{rel}","templated":true}]}}