{"id":756163,"date":"2025-08-28T07:00:12","date_gmt":"2025-08-28T04:00:12","guid":{"rendered":"https:\/\/roveyayinevi.com.tr\/index.php\/urun\/dc-super-evciller-takimi-lulunun-gucu\/"},"modified":"2026-04-16T03:09:29","modified_gmt":"2026-04-16T00:09:29","slug":"dc-super-evciller-takimi-lulunun-gucu","status":"publish","type":"product","link":"https:\/\/roveyayinevi.com.tr\/index.php\/urun\/dc-super-evciller-takimi-lulunun-gucu\/","title":{"rendered":"DC S\u00dcPER EVC\u0130LLER TAKIMI \u2013 LULU\u2019NUN G\u00dcC\u00dc"},"content":{"rendered":"<p>29 Temmuz\u2019da g\u00f6sterime girecek olan DC S\u00fcper Evciller Tak\u0131m\u0131 \u015fimdi birbirinden e\u011flenceli maceralar\u0131yla kar\u015f\u0131nda! Lulu ve k\u00f6t\u00fcl\u00fck dolu d\u00e2hi arkada\u015f\u0131 Lex Luther en y\u00fcksek g\u00fcc\u00fc elde etmek i\u00e7in bir plan yapar. Bu plan\u0131n\u0131n amac\u0131 S\u00fcper Evcilleri alt etmektir! Sence bunu ba\u015farabilecekler mi?Hadi gidip \u015fu S\u00dcPER EVC\u0130LLER\u0130 bir gu\u0308zel tepeleyelim!<\/p>\n","protected":false},"excerpt":{"rendered":"<p>29 Temmuz\u2019da g\u00f6sterime girecek olan DC S\u00fcper Evciller Tak\u0131m\u0131 \u015fimdi birbirinden e\u011flenceli maceralar\u0131yla kar\u015f\u0131nda! Lulu ve k\u00f6t\u00fcl\u00fck dolu d\u00e2hi arkada\u015f\u0131 Lex Luther en y\u00fcksek g\u00fcc\u00fc elde<span class=\"excerpt-hellip\"> [\u2026]<\/span><\/p>\n","protected":false},"featured_media":0,"template":"","meta":{"_monsterinsights_skip_tracking":false,"_monsterinsights_sitenote_active":false,"_monsterinsights_sitenote_note":"","_monsterinsights_sitenote_category":0},"product_brand":[],"product_cat":[12274,12284],"product_tag":[],"class_list":{"0":"post-756163","1":"product","2":"type-product","3":"status-publish","5":"product_cat-cocuk-ve-genclik-kitaplari","6":"product_cat-hikayeler","7":"pa_cilt-ciltsiz","8":"pa_tur-kitap","9":"pa_yayinevi-beta-kids","10":"pa_yazar-rachel-chlebowski","12":"first","13":"instock","14":"sale","15":"shipping-taxable","16":"purchasable","17":"product-type-simple"},"_links":{"self":[{"href":"https:\/\/roveyayinevi.com.tr\/index.php\/wp-json\/wp\/v2\/product\/756163","targetHints":{"allow":["GET"]}}],"collection":[{"href":"https:\/\/roveyayinevi.com.tr\/index.php\/wp-json\/wp\/v2\/product"}],"about":[{"href":"https:\/\/roveyayinevi.com.tr\/index.php\/wp-json\/wp\/v2\/types\/product"}],"wp:attachment":[{"href":"https:\/\/roveyayinevi.com.tr\/index.php\/wp-json\/wp\/v2\/media?parent=756163"}],"wp:term":[{"taxonomy":"product_brand","embeddable":true,"href":"https:\/\/roveyayinevi.com.tr\/index.php\/wp-json\/wp\/v2\/product_brand?post=756163"},{"taxonomy":"product_cat","embeddable":true,"href":"https:\/\/roveyayinevi.com.tr\/index.php\/wp-json\/wp\/v2\/product_cat?post=756163"},{"taxonomy":"product_tag","embeddable":true,"href":"https:\/\/roveyayinevi.com.tr\/index.php\/wp-json\/wp\/v2\/product_tag?post=756163"}],"curies":[{"name":"wp","href":"https:\/\/api.w.org\/{rel}","templated":true}]}}