{"id":756160,"date":"2025-08-28T07:00:07","date_gmt":"2025-08-28T04:00:07","guid":{"rendered":"https:\/\/roveyayinevi.com.tr\/index.php\/urun\/dc-harika-maceralarla-superman-sihirli-canavarlar\/"},"modified":"2026-04-16T03:09:29","modified_gmt":"2026-04-16T00:09:29","slug":"dc-harika-maceralarla-superman-sihirli-canavarlar","status":"publish","type":"product","link":"https:\/\/roveyayinevi.com.tr\/index.php\/urun\/dc-harika-maceralarla-superman-sihirli-canavarlar\/","title":{"rendered":"DC HAR\u0130KA MACERALARLA S\u00dcPERMAN S\u0130H\u0130RL\u0130 CANAVARLAR"},"content":{"rendered":"<p>DC HAR\u0130KA MACERALARLA SUPERMAN S\u0130H\u0130RL\u0130 CANAVARLARBU \u0130\u015e TAM SUPERMAN\u2019E G\u00d6RE!Mister Mxyzptik, Metropolis\u2019te sorun \u00e7\u0131kar\u0131rken SUPERMAN ve SHAZAM baltay\u0131 ta\u015fa vurdular. Acaba cesur ikili, sihirli canavarlar\u0131 durdurabilecek mi?<\/p>\n","protected":false},"excerpt":{"rendered":"<p>DC HAR\u0130KA MACERALARLA SUPERMAN S\u0130H\u0130RL\u0130 CANAVARLARBU \u0130\u015e TAM SUPERMAN\u2019E G\u00d6RE!Mister Mxyzptik, Metropolis\u2019te sorun \u00e7\u0131kar\u0131rken SUPERMAN ve SHAZAM baltay\u0131 ta\u015fa vurdular. Acaba cesur ikili, sihirli canavarlar\u0131 durdurabilecek<span class=\"excerpt-hellip\"> [\u2026]<\/span><\/p>\n","protected":false},"featured_media":0,"template":"","meta":{"_monsterinsights_skip_tracking":false,"_monsterinsights_sitenote_active":false,"_monsterinsights_sitenote_note":"","_monsterinsights_sitenote_category":0},"product_brand":[],"product_cat":[12274,12284],"product_tag":[],"class_list":{"0":"post-756160","1":"product","2":"type-product","3":"status-publish","5":"product_cat-cocuk-ve-genclik-kitaplari","6":"product_cat-hikayeler","7":"pa_cilt-ciltsiz","8":"pa_tur-kitap","9":"pa_yayinevi-beta-kids","10":"pa_yazar-benjamin-bird","12":"first","13":"instock","14":"sale","15":"shipping-taxable","16":"purchasable","17":"product-type-simple"},"_links":{"self":[{"href":"https:\/\/roveyayinevi.com.tr\/index.php\/wp-json\/wp\/v2\/product\/756160","targetHints":{"allow":["GET"]}}],"collection":[{"href":"https:\/\/roveyayinevi.com.tr\/index.php\/wp-json\/wp\/v2\/product"}],"about":[{"href":"https:\/\/roveyayinevi.com.tr\/index.php\/wp-json\/wp\/v2\/types\/product"}],"wp:attachment":[{"href":"https:\/\/roveyayinevi.com.tr\/index.php\/wp-json\/wp\/v2\/media?parent=756160"}],"wp:term":[{"taxonomy":"product_brand","embeddable":true,"href":"https:\/\/roveyayinevi.com.tr\/index.php\/wp-json\/wp\/v2\/product_brand?post=756160"},{"taxonomy":"product_cat","embeddable":true,"href":"https:\/\/roveyayinevi.com.tr\/index.php\/wp-json\/wp\/v2\/product_cat?post=756160"},{"taxonomy":"product_tag","embeddable":true,"href":"https:\/\/roveyayinevi.com.tr\/index.php\/wp-json\/wp\/v2\/product_tag?post=756160"}],"curies":[{"name":"wp","href":"https:\/\/api.w.org\/{rel}","templated":true}]}}