{"id":756158,"date":"2025-08-28T07:00:03","date_gmt":"2025-08-28T04:00:03","guid":{"rendered":"https:\/\/roveyayinevi.com.tr\/index.php\/urun\/dc-super-friends-super-evcil-hayvanlar\/"},"modified":"2026-04-16T03:09:29","modified_gmt":"2026-04-16T00:09:29","slug":"dc-super-friends-super-evcil-hayvanlar","status":"publish","type":"product","link":"https:\/\/roveyayinevi.com.tr\/index.php\/urun\/dc-super-friends-super-evcil-hayvanlar\/","title":{"rendered":"DC SUPER FRIENDS SUPER EVC\u0130L HAYVANLAR"},"content":{"rendered":"<p>DC SUPER FR\u0130ENDS SUPER EVC\u0130L HAYVANLARZaman zaman s\u00fcper kahramanlar\u0131n evcil hayvanlar\u0131 da k\u00f6t\u00fclerin kar\u015f\u0131s\u0131na dikilebilir.Metropolis\u2019in geleneksel Evcil Hayvan G\u00f6sterisi de i\u015fte b\u00f6yle bir olaya sahne oldu. \u00dcstelik S\u00fcper Dostlar\u2019\u0131n ba\u015f belas\u0131 olan baz\u0131 k\u00f6t\u00fclerin hayvanlar\u0131 da onlara yard\u0131m etti. \u0130yilerle k\u00f6t\u00fcler ve onlar\u0131n super yetenekli evcil hayvanlar\u0131 tek bir k\u00f6t\u00fcye kar\u015f\u0131 birle\u015fti! \u0130yi ama bu kendini bilmez acaba kimdi?<\/p>\n","protected":false},"excerpt":{"rendered":"<p>DC SUPER FR\u0130ENDS SUPER EVC\u0130L HAYVANLARZaman zaman s\u00fcper kahramanlar\u0131n evcil hayvanlar\u0131 da k\u00f6t\u00fclerin kar\u015f\u0131s\u0131na dikilebilir.Metropolis\u2019in geleneksel Evcil Hayvan G\u00f6sterisi de i\u015fte b\u00f6yle bir olaya sahne oldu.<span class=\"excerpt-hellip\"> [\u2026]<\/span><\/p>\n","protected":false},"featured_media":0,"template":"","meta":{"_monsterinsights_skip_tracking":false,"_monsterinsights_sitenote_active":false,"_monsterinsights_sitenote_note":"","_monsterinsights_sitenote_category":0},"product_brand":[],"product_cat":[12274,12284],"product_tag":[],"class_list":{"0":"post-756158","1":"product","2":"type-product","3":"status-publish","5":"product_cat-cocuk-ve-genclik-kitaplari","6":"product_cat-hikayeler","7":"pa_cilt-ciltsiz","8":"pa_tur-kitap","9":"pa_yayinevi-beta-kids","10":"pa_yazar-dc-editor-ekibi","12":"first","13":"instock","14":"sale","15":"shipping-taxable","16":"purchasable","17":"product-type-simple"},"_links":{"self":[{"href":"https:\/\/roveyayinevi.com.tr\/index.php\/wp-json\/wp\/v2\/product\/756158","targetHints":{"allow":["GET"]}}],"collection":[{"href":"https:\/\/roveyayinevi.com.tr\/index.php\/wp-json\/wp\/v2\/product"}],"about":[{"href":"https:\/\/roveyayinevi.com.tr\/index.php\/wp-json\/wp\/v2\/types\/product"}],"wp:attachment":[{"href":"https:\/\/roveyayinevi.com.tr\/index.php\/wp-json\/wp\/v2\/media?parent=756158"}],"wp:term":[{"taxonomy":"product_brand","embeddable":true,"href":"https:\/\/roveyayinevi.com.tr\/index.php\/wp-json\/wp\/v2\/product_brand?post=756158"},{"taxonomy":"product_cat","embeddable":true,"href":"https:\/\/roveyayinevi.com.tr\/index.php\/wp-json\/wp\/v2\/product_cat?post=756158"},{"taxonomy":"product_tag","embeddable":true,"href":"https:\/\/roveyayinevi.com.tr\/index.php\/wp-json\/wp\/v2\/product_tag?post=756158"}],"curies":[{"name":"wp","href":"https:\/\/api.w.org\/{rel}","templated":true}]}}