{"id":756157,"date":"2025-08-28T07:00:00","date_gmt":"2025-08-28T04:00:00","guid":{"rendered":"https:\/\/roveyayinevi.com.tr\/index.php\/urun\/dc-super-friends-cicek-gucu\/"},"modified":"2026-04-16T03:09:29","modified_gmt":"2026-04-16T00:09:29","slug":"dc-super-friends-cicek-gucu","status":"publish","type":"product","link":"https:\/\/roveyayinevi.com.tr\/index.php\/urun\/dc-super-friends-cicek-gucu\/","title":{"rendered":"DC SUPER FRIENDS \u00c7\u0130\u00c7EK G\u00dcC\u00dc"},"content":{"rendered":"<p>DC SUPER FR\u0130ENDS \u00c7\u0130\u00c7EK G\u00dcC\u00dcG\u00fcne\u015fli bir \u00f6\u011fleden sonra, Wonder Woman ile Batgirl hi\u00e7 beklemedikleri bir patlamayla \u015fa\u015fk\u0131na d\u00f6nd\u00fcler. Uzaydan gelen bir meteor, botanik bah\u00e7esindeki bitkilerin \u015fa\u015f\u0131rt\u0131c\u0131 \u015fekilde b\u00fcy\u00fcmesine neden oluyordu! \u0130ki kahraman, bu gizemli olay\u0131n arkas\u0131ndaki g\u00fcc\u00fcn kim oldu\u011funu \u00e7ok ge\u00e7meden anlad\u0131: Poison Ivy. Kahramanlar\u0131m\u0131z Gotham City\u2019yi kurtarmak i\u00e7inhemen harekete ge\u00e7meliler!<\/p>\n","protected":false},"excerpt":{"rendered":"<p>DC SUPER FR\u0130ENDS \u00c7\u0130\u00c7EK G\u00dcC\u00dcG\u00fcne\u015fli bir \u00f6\u011fleden sonra, Wonder Woman ile Batgirl hi\u00e7 beklemedikleri bir patlamayla \u015fa\u015fk\u0131na d\u00f6nd\u00fcler. Uzaydan gelen bir meteor, botanik bah\u00e7esindeki bitkilerin \u015fa\u015f\u0131rt\u0131c\u0131<span class=\"excerpt-hellip\"> [\u2026]<\/span><\/p>\n","protected":false},"featured_media":0,"template":"","meta":{"_monsterinsights_skip_tracking":false,"_monsterinsights_sitenote_active":false,"_monsterinsights_sitenote_note":"","_monsterinsights_sitenote_category":0},"product_brand":[],"product_cat":[12274,12284],"product_tag":[],"class_list":{"0":"post-756157","1":"product","2":"type-product","3":"status-publish","5":"product_cat-cocuk-ve-genclik-kitaplari","6":"product_cat-hikayeler","7":"pa_cilt-ciltsiz","8":"pa_tur-kitap","9":"pa_yayinevi-beta-kids","10":"pa_yazar-dc-editor-ekibi","12":"first","13":"instock","14":"sale","15":"shipping-taxable","16":"purchasable","17":"product-type-simple"},"_links":{"self":[{"href":"https:\/\/roveyayinevi.com.tr\/index.php\/wp-json\/wp\/v2\/product\/756157","targetHints":{"allow":["GET"]}}],"collection":[{"href":"https:\/\/roveyayinevi.com.tr\/index.php\/wp-json\/wp\/v2\/product"}],"about":[{"href":"https:\/\/roveyayinevi.com.tr\/index.php\/wp-json\/wp\/v2\/types\/product"}],"wp:attachment":[{"href":"https:\/\/roveyayinevi.com.tr\/index.php\/wp-json\/wp\/v2\/media?parent=756157"}],"wp:term":[{"taxonomy":"product_brand","embeddable":true,"href":"https:\/\/roveyayinevi.com.tr\/index.php\/wp-json\/wp\/v2\/product_brand?post=756157"},{"taxonomy":"product_cat","embeddable":true,"href":"https:\/\/roveyayinevi.com.tr\/index.php\/wp-json\/wp\/v2\/product_cat?post=756157"},{"taxonomy":"product_tag","embeddable":true,"href":"https:\/\/roveyayinevi.com.tr\/index.php\/wp-json\/wp\/v2\/product_tag?post=756157"}],"curies":[{"name":"wp","href":"https:\/\/api.w.org\/{rel}","templated":true}]}}