{"id":756156,"date":"2025-08-28T06:59:58","date_gmt":"2025-08-28T03:59:58","guid":{"rendered":"https:\/\/roveyayinevi.com.tr\/index.php\/urun\/dc-super-friends-buyuk-kahramanlar\/"},"modified":"2026-04-16T03:09:29","modified_gmt":"2026-04-16T00:09:29","slug":"dc-super-friends-buyuk-kahramanlar","status":"publish","type":"product","link":"https:\/\/roveyayinevi.com.tr\/index.php\/urun\/dc-super-friends-buyuk-kahramanlar\/","title":{"rendered":"DC SUPER FRIENDS B\u00dcY\u00dcK KAHRAMANLAR"},"content":{"rendered":"<p>DC SUPER FR\u0130ENDS B\u00dcY\u00dcK KAHRAMANLARBela bir\u00e7ok \u015fekilde ve boyutta kar\u015f\u0131m\u0131za \u00e7\u0131kabilir ama hi\u00e7bir bela d\u00fcnyan\u0131n en g\u00fc\u00e7l\u00fc kahramanlar\u0131 i\u00e7in yeterince b\u00fcy\u00fck de\u011fildir. Peki ya kahramanlar\u0131m\u0131z, bir k\u00f6t\u00fc taraf\u0131ndan k\u00fc\u00e7\u00fclt\u00fcl\u00fcrlerse?.. S\u00fcper Dostlar olarak tan\u0131nan Flash, Aquaman, Green Lantern, Superman ve Batman i\u015fte b\u00f6yle bir k\u00f6t\u00fcn\u00fcn \u0131\u015f\u0131nlar\u0131yla k\u00fc\u00e7\u00fcc\u00fck h\u00e2le geldiler! Peki, \u015fimdi ne yapacaklar? Cesaretleri, d\u00fcnyay\u0131kurtarmak i\u00e7in yeterli olacak m\u0131?<\/p>\n","protected":false},"excerpt":{"rendered":"<p>DC SUPER FR\u0130ENDS B\u00dcY\u00dcK KAHRAMANLARBela bir\u00e7ok \u015fekilde ve boyutta kar\u015f\u0131m\u0131za \u00e7\u0131kabilir ama hi\u00e7bir bela d\u00fcnyan\u0131n en g\u00fc\u00e7l\u00fc kahramanlar\u0131 i\u00e7in yeterince b\u00fcy\u00fck de\u011fildir. Peki ya kahramanlar\u0131m\u0131z, bir<span class=\"excerpt-hellip\"> [\u2026]<\/span><\/p>\n","protected":false},"featured_media":0,"template":"","meta":{"_monsterinsights_skip_tracking":false,"_monsterinsights_sitenote_active":false,"_monsterinsights_sitenote_note":"","_monsterinsights_sitenote_category":0},"product_brand":[],"product_cat":[12274,12284],"product_tag":[],"class_list":{"0":"post-756156","1":"product","2":"type-product","3":"status-publish","5":"product_cat-cocuk-ve-genclik-kitaplari","6":"product_cat-hikayeler","7":"pa_cilt-ciltsiz","8":"pa_tur-kitap","9":"pa_yayinevi-beta-kids","10":"pa_yazar-dc-editor-ekibi","12":"first","13":"instock","14":"sale","15":"shipping-taxable","16":"purchasable","17":"product-type-simple"},"_links":{"self":[{"href":"https:\/\/roveyayinevi.com.tr\/index.php\/wp-json\/wp\/v2\/product\/756156","targetHints":{"allow":["GET"]}}],"collection":[{"href":"https:\/\/roveyayinevi.com.tr\/index.php\/wp-json\/wp\/v2\/product"}],"about":[{"href":"https:\/\/roveyayinevi.com.tr\/index.php\/wp-json\/wp\/v2\/types\/product"}],"wp:attachment":[{"href":"https:\/\/roveyayinevi.com.tr\/index.php\/wp-json\/wp\/v2\/media?parent=756156"}],"wp:term":[{"taxonomy":"product_brand","embeddable":true,"href":"https:\/\/roveyayinevi.com.tr\/index.php\/wp-json\/wp\/v2\/product_brand?post=756156"},{"taxonomy":"product_cat","embeddable":true,"href":"https:\/\/roveyayinevi.com.tr\/index.php\/wp-json\/wp\/v2\/product_cat?post=756156"},{"taxonomy":"product_tag","embeddable":true,"href":"https:\/\/roveyayinevi.com.tr\/index.php\/wp-json\/wp\/v2\/product_tag?post=756156"}],"curies":[{"name":"wp","href":"https:\/\/api.w.org\/{rel}","templated":true}]}}