{"id":756153,"date":"2025-08-28T06:59:51","date_gmt":"2025-08-28T03:59:51","guid":{"rendered":"https:\/\/roveyayinevi.com.tr\/index.php\/urun\/dc-super-villains-joker-acik-denizlerde\/"},"modified":"2026-04-16T03:09:29","modified_gmt":"2026-04-16T00:09:29","slug":"dc-super-villains-joker-acik-denizlerde","status":"publish","type":"product","link":"https:\/\/roveyayinevi.com.tr\/index.php\/urun\/dc-super-villains-joker-acik-denizlerde\/","title":{"rendered":"DC SUPER VILLAINS JOKER A\u00c7IK DEN\u0130ZLERDE"},"content":{"rendered":"<p>DC SUPER VILLAINS JOKER A\u00c7IK DEN\u0130ZLERDEJoker, Gotham Liman\u0131\u2019ndan bir gemi ka\u00e7\u0131rm\u0131\u015fsa kimse g\u00fcvende de\u011fil demektir. Kendi kendini Korsanlar\u0131n Palya\u00e7o Prensi ilan eden k\u00f6t\u00fcm\u00fcz, \u015fehre gemiyle sald\u0131rmay\u0131 planl\u0131yor! Neyse ki cesur mu cesur korsan avc\u0131lar\u0131 Batman ve Robin i\u015f ba\u015f\u0131nda. Dynamic Duo, bu denizci super k\u00f6t\u00fcye g\u00fcverteyi mi temizletecek yoksa onu denize mi atacak?<\/p>\n","protected":false},"excerpt":{"rendered":"<p>DC SUPER VILLAINS JOKER A\u00c7IK DEN\u0130ZLERDEJoker, Gotham Liman\u0131\u2019ndan bir gemi ka\u00e7\u0131rm\u0131\u015fsa kimse g\u00fcvende de\u011fil demektir. Kendi kendini Korsanlar\u0131n Palya\u00e7o Prensi ilan eden k\u00f6t\u00fcm\u00fcz, \u015fehre gemiyle sald\u0131rmay\u0131<span class=\"excerpt-hellip\"> [\u2026]<\/span><\/p>\n","protected":false},"featured_media":0,"template":"","meta":{"_monsterinsights_skip_tracking":false,"_monsterinsights_sitenote_active":false,"_monsterinsights_sitenote_note":"","_monsterinsights_sitenote_category":0},"product_brand":[],"product_cat":[12416,12291],"product_tag":[],"class_list":{"0":"post-756153","1":"product","2":"type-product","3":"status-publish","5":"product_cat-cizgi-roman","6":"product_cat-edebiyat","7":"pa_cilt-ciltsiz","8":"pa_tur-kitap","9":"pa_yayinevi-beta-kids","10":"pa_yazar-j-e-bright","12":"first","13":"instock","14":"sale","15":"shipping-taxable","16":"purchasable","17":"product-type-simple"},"_links":{"self":[{"href":"https:\/\/roveyayinevi.com.tr\/index.php\/wp-json\/wp\/v2\/product\/756153","targetHints":{"allow":["GET"]}}],"collection":[{"href":"https:\/\/roveyayinevi.com.tr\/index.php\/wp-json\/wp\/v2\/product"}],"about":[{"href":"https:\/\/roveyayinevi.com.tr\/index.php\/wp-json\/wp\/v2\/types\/product"}],"wp:attachment":[{"href":"https:\/\/roveyayinevi.com.tr\/index.php\/wp-json\/wp\/v2\/media?parent=756153"}],"wp:term":[{"taxonomy":"product_brand","embeddable":true,"href":"https:\/\/roveyayinevi.com.tr\/index.php\/wp-json\/wp\/v2\/product_brand?post=756153"},{"taxonomy":"product_cat","embeddable":true,"href":"https:\/\/roveyayinevi.com.tr\/index.php\/wp-json\/wp\/v2\/product_cat?post=756153"},{"taxonomy":"product_tag","embeddable":true,"href":"https:\/\/roveyayinevi.com.tr\/index.php\/wp-json\/wp\/v2\/product_tag?post=756153"}],"curies":[{"name":"wp","href":"https:\/\/api.w.org\/{rel}","templated":true}]}}