{"id":756151,"date":"2025-08-28T06:59:47","date_gmt":"2025-08-28T03:59:47","guid":{"rendered":"https:\/\/roveyayinevi.com.tr\/index.php\/urun\/dc-super-villins-captain-cold-tipi-altinda-savas\/"},"modified":"2026-04-16T03:09:29","modified_gmt":"2026-04-16T00:09:29","slug":"dc-super-villins-captain-cold-tipi-altinda-savas","status":"publish","type":"product","link":"https:\/\/roveyayinevi.com.tr\/index.php\/urun\/dc-super-villins-captain-cold-tipi-altinda-savas\/","title":{"rendered":"DC SUPER VILLINS CAPTAIN COLD T\u0130P\u0130 ALTINDA SAVA\u015e"},"content":{"rendered":"<p>DC SUPER VILLAINS CAPTAIN COLD T\u0130P\u0130 ALTINDA SAVA\u015eYeni bir k\u0131\u015f su\u00e7lusu Central City\u2019yi i\u015fgal etti ve Captain Cold, buzlu sahtekar\u0131n, onun donmu\u015f bah\u00e7esini terk etmesini istiyor. Bunun i\u00e7in en az\u0131l\u0131 k\u0131\u015f k\u00f6t\u00fcs\u00fc oldu\u011funu herkese kan\u0131tlamak \u00fczere berbat bir grip yaratt\u0131. Ya\u015fayan en h\u0131zl\u0131 adam Flash, mide buland\u0131r\u0131c\u0131 super gribe yakalanmadan \u00f6nce bu u\u011fursuz k\u00f6t\u00fc adam\u0131 yakalayabilecek mi?<\/p>\n","protected":false},"excerpt":{"rendered":"<p>DC SUPER VILLAINS CAPTAIN COLD T\u0130P\u0130 ALTINDA SAVA\u015eYeni bir k\u0131\u015f su\u00e7lusu Central City\u2019yi i\u015fgal etti ve Captain Cold, buzlu sahtekar\u0131n, onun donmu\u015f bah\u00e7esini terk etmesini istiyor.<span class=\"excerpt-hellip\"> [\u2026]<\/span><\/p>\n","protected":false},"featured_media":0,"template":"","meta":{"_monsterinsights_skip_tracking":false,"_monsterinsights_sitenote_active":false,"_monsterinsights_sitenote_note":"","_monsterinsights_sitenote_category":0},"product_brand":[],"product_cat":[12416,12291],"product_tag":[],"class_list":{"0":"post-756151","1":"product","2":"type-product","3":"status-publish","5":"product_cat-cizgi-roman","6":"product_cat-edebiyat","7":"pa_cilt-ciltsiz","8":"pa_tur-kitap","9":"pa_yayinevi-beta-kids","10":"pa_yazar-scott-sonneborn","12":"first","13":"instock","14":"sale","15":"shipping-taxable","16":"purchasable","17":"product-type-simple"},"_links":{"self":[{"href":"https:\/\/roveyayinevi.com.tr\/index.php\/wp-json\/wp\/v2\/product\/756151","targetHints":{"allow":["GET"]}}],"collection":[{"href":"https:\/\/roveyayinevi.com.tr\/index.php\/wp-json\/wp\/v2\/product"}],"about":[{"href":"https:\/\/roveyayinevi.com.tr\/index.php\/wp-json\/wp\/v2\/types\/product"}],"wp:attachment":[{"href":"https:\/\/roveyayinevi.com.tr\/index.php\/wp-json\/wp\/v2\/media?parent=756151"}],"wp:term":[{"taxonomy":"product_brand","embeddable":true,"href":"https:\/\/roveyayinevi.com.tr\/index.php\/wp-json\/wp\/v2\/product_brand?post=756151"},{"taxonomy":"product_cat","embeddable":true,"href":"https:\/\/roveyayinevi.com.tr\/index.php\/wp-json\/wp\/v2\/product_cat?post=756151"},{"taxonomy":"product_tag","embeddable":true,"href":"https:\/\/roveyayinevi.com.tr\/index.php\/wp-json\/wp\/v2\/product_tag?post=756151"}],"curies":[{"name":"wp","href":"https:\/\/api.w.org\/{rel}","templated":true}]}}