{"id":756146,"date":"2025-08-28T06:59:39","date_gmt":"2025-08-28T03:59:39","guid":{"rendered":"https:\/\/roveyayinevi.com.tr\/index.php\/urun\/disney-vahsi-bati-en-guzel-maceralar-serisi\/"},"modified":"2026-04-16T03:09:29","modified_gmt":"2026-04-16T00:09:29","slug":"disney-vahsi-bati-en-guzel-maceralar-serisi","status":"publish","type":"product","link":"https:\/\/roveyayinevi.com.tr\/index.php\/urun\/disney-vahsi-bati-en-guzel-maceralar-serisi\/","title":{"rendered":"Disney Vah\u015fi Bat\u0131 En G\u00fczel Maceralar Serisi"},"content":{"rendered":"<p>Disney\u2019in en \u00e7ok sevilen En G\u00fczel Maceralar serisine bir yeni kitap daha eklendi: Disney En G\u00fczel Maceralar Vah\u015fi Bat\u0131!Disney d\u00fcnyas\u0131n\u0131n sevilen kahramanlar\u0131 en gizemli \u00e7izgi \u00f6yk\u00fclerde ba\u015frolde Vah\u015fi Bat\u0131!<\/p>\n","protected":false},"excerpt":{"rendered":"<p>Disney\u2019in en \u00e7ok sevilen En G\u00fczel Maceralar serisine bir yeni kitap daha eklendi: Disney En G\u00fczel Maceralar Vah\u015fi Bat\u0131!Disney d\u00fcnyas\u0131n\u0131n sevilen kahramanlar\u0131 en gizemli \u00e7izgi \u00f6yk\u00fclerde<span class=\"excerpt-hellip\"> [\u2026]<\/span><\/p>\n","protected":false},"featured_media":0,"template":"","meta":{"_monsterinsights_skip_tracking":false,"_monsterinsights_sitenote_active":false,"_monsterinsights_sitenote_note":"","_monsterinsights_sitenote_category":0},"product_brand":[],"product_cat":[12689,12274],"product_tag":[],"class_list":{"0":"post-756146","1":"product","2":"type-product","3":"status-publish","5":"product_cat-cizgi-roman-cocuk-ve-genclik-kitaplari","6":"product_cat-cocuk-ve-genclik-kitaplari","7":"pa_cilt-ciltsiz","8":"pa_tur-kitap","9":"pa_yayinevi-beta-kids","10":"pa_yazar-disney-editor-ekibi","12":"first","13":"instock","14":"sale","15":"shipping-taxable","16":"purchasable","17":"product-type-simple"},"_links":{"self":[{"href":"https:\/\/roveyayinevi.com.tr\/index.php\/wp-json\/wp\/v2\/product\/756146","targetHints":{"allow":["GET"]}}],"collection":[{"href":"https:\/\/roveyayinevi.com.tr\/index.php\/wp-json\/wp\/v2\/product"}],"about":[{"href":"https:\/\/roveyayinevi.com.tr\/index.php\/wp-json\/wp\/v2\/types\/product"}],"wp:attachment":[{"href":"https:\/\/roveyayinevi.com.tr\/index.php\/wp-json\/wp\/v2\/media?parent=756146"}],"wp:term":[{"taxonomy":"product_brand","embeddable":true,"href":"https:\/\/roveyayinevi.com.tr\/index.php\/wp-json\/wp\/v2\/product_brand?post=756146"},{"taxonomy":"product_cat","embeddable":true,"href":"https:\/\/roveyayinevi.com.tr\/index.php\/wp-json\/wp\/v2\/product_cat?post=756146"},{"taxonomy":"product_tag","embeddable":true,"href":"https:\/\/roveyayinevi.com.tr\/index.php\/wp-json\/wp\/v2\/product_tag?post=756146"}],"curies":[{"name":"wp","href":"https:\/\/api.w.org\/{rel}","templated":true}]}}