{"id":756136,"date":"2025-08-28T06:59:23","date_gmt":"2025-08-28T03:59:23","guid":{"rendered":"https:\/\/roveyayinevi.com.tr\/index.php\/urun\/disney-en-guzel-maceralar-serisi-suc\/"},"modified":"2026-04-16T03:09:29","modified_gmt":"2026-04-16T00:09:29","slug":"disney-en-guzel-maceralar-serisi-suc","status":"publish","type":"product","link":"https:\/\/roveyayinevi.com.tr\/index.php\/urun\/disney-en-guzel-maceralar-serisi-suc\/","title":{"rendered":"D\u0130SNEY- EN G\u00dcZEL MACERALAR SER\u0130S\u0130 &#8211; SU\u00c7"},"content":{"rendered":"<p>Disney\u2019in en \u00e7ok sevilen En G\u00fczel Maceralar serisine bir yeni kitap daha eklendi: Disney En G\u00fczel Maceralar SU\u00c7!<\/p>\n","protected":false},"excerpt":{"rendered":"<p>Disney\u2019in en \u00e7ok sevilen En G\u00fczel Maceralar serisine bir yeni kitap daha eklendi: Disney En G\u00fczel Maceralar SU\u00c7!<\/p>\n","protected":false},"featured_media":0,"template":"","meta":{"_monsterinsights_skip_tracking":false,"_monsterinsights_sitenote_active":false,"_monsterinsights_sitenote_note":"","_monsterinsights_sitenote_category":0},"product_brand":[],"product_cat":[12416,12291],"product_tag":[],"class_list":{"0":"post-756136","1":"product","2":"type-product","3":"status-publish","5":"product_cat-cizgi-roman","6":"product_cat-edebiyat","7":"pa_cilt-ciltsiz","8":"pa_tur-kitap","9":"pa_yayinevi-beta-kids","10":"pa_yazar-disney-editor-ekibi","12":"first","13":"instock","14":"sale","15":"shipping-taxable","16":"purchasable","17":"product-type-simple"},"_links":{"self":[{"href":"https:\/\/roveyayinevi.com.tr\/index.php\/wp-json\/wp\/v2\/product\/756136","targetHints":{"allow":["GET"]}}],"collection":[{"href":"https:\/\/roveyayinevi.com.tr\/index.php\/wp-json\/wp\/v2\/product"}],"about":[{"href":"https:\/\/roveyayinevi.com.tr\/index.php\/wp-json\/wp\/v2\/types\/product"}],"wp:attachment":[{"href":"https:\/\/roveyayinevi.com.tr\/index.php\/wp-json\/wp\/v2\/media?parent=756136"}],"wp:term":[{"taxonomy":"product_brand","embeddable":true,"href":"https:\/\/roveyayinevi.com.tr\/index.php\/wp-json\/wp\/v2\/product_brand?post=756136"},{"taxonomy":"product_cat","embeddable":true,"href":"https:\/\/roveyayinevi.com.tr\/index.php\/wp-json\/wp\/v2\/product_cat?post=756136"},{"taxonomy":"product_tag","embeddable":true,"href":"https:\/\/roveyayinevi.com.tr\/index.php\/wp-json\/wp\/v2\/product_tag?post=756136"}],"curies":[{"name":"wp","href":"https:\/\/api.w.org\/{rel}","templated":true}]}}