{"id":756134,"date":"2025-08-28T06:59:19","date_gmt":"2025-08-28T03:59:19","guid":{"rendered":"https:\/\/roveyayinevi.com.tr\/index.php\/urun\/disney-star-kotu-guclere-karsi-basa-bela\/"},"modified":"2026-04-16T03:09:29","modified_gmt":"2026-04-16T00:09:29","slug":"disney-star-kotu-guclere-karsi-basa-bela","status":"publish","type":"product","link":"https:\/\/roveyayinevi.com.tr\/index.php\/urun\/disney-star-kotu-guclere-karsi-basa-bela\/","title":{"rendered":"D\u0130SNEY- STAR K\u00d6T\u00dc G\u00dc\u00c7LERE KAR\u015eI BA\u015eA BELA"},"content":{"rendered":"<p>BOYNUZ KAFA\u2019NIN BA\u015eI B\u00dcY\u00dcK DERTTE.  STAR VE MARCO ONU KURTARAB\u0130LECEKLER M\u0130?Boyutlar aras\u0131 prenses Star Butterfly, en iyi arkada\u015f\u0131 Boynuz Kafa\u2019n\u0131n haks\u0131z yere hapsedildi\u011fini \u00f6\u011frendi! Neden mi? Ba\u015fka bir boyuta ait, el u\u0308stu\u0308nde tutulan bir tac\u0131 \u00e7almaktan! Prenses yan\u0131na Marco\u2019yu da alarak arkada\u015f\u0131na yard\u0131ma ko\u015fuyor. Boynuz Kafa\u2019n\u0131n masum oldu\u011funu kan\u0131tlamak ve ger\u00e7ek h\u0131rs\u0131z\u0131 bulmak u\u0308zere ikilimiz boyutlar aras\u0131 bir maceraya at\u0131l\u0131yor.Ama bunu ba\u015faramazlarsa onlar\u0131n da sonu Boynuz Kafa gibi hapsi boylamak olabilir!Zach Marcus ve Devin Taylor\u2019\u0131n haz\u0131rlad\u0131klar\u0131 bu orijinal \u00e7izgi roman, Daron Nefcy\u2019nin yaratt\u0131\u011f\u0131sevilen Disney Channel dizisi Star K\u00f6tu\u0308 Gu\u0308\u00e7lere Kar\u015f\u0131 b\u00f6lu\u0308mlerinden uyarland\u0131.Keyifli okumalar!<\/p>\n","protected":false},"excerpt":{"rendered":"<p>BOYNUZ KAFA\u2019NIN BA\u015eI B\u00dcY\u00dcK DERTTE. STAR VE MARCO ONU KURTARAB\u0130LECEKLER M\u0130?Boyutlar aras\u0131 prenses Star Butterfly, en iyi arkada\u015f\u0131 Boynuz Kafa\u2019n\u0131n haks\u0131z yere hapsedildi\u011fini \u00f6\u011frendi! Neden mi?<span class=\"excerpt-hellip\"> [\u2026]<\/span><\/p>\n","protected":false},"featured_media":0,"template":"","meta":{"_monsterinsights_skip_tracking":false,"_monsterinsights_sitenote_active":false,"_monsterinsights_sitenote_note":"","_monsterinsights_sitenote_category":0},"product_brand":[],"product_cat":[12274,12284],"product_tag":[],"class_list":{"0":"post-756134","1":"product","2":"type-product","3":"status-publish","5":"product_cat-cocuk-ve-genclik-kitaplari","6":"product_cat-hikayeler","7":"pa_cilt-ciltsiz","8":"pa_tur-kitap","9":"pa_yayinevi-beta-kids","10":"pa_yazar-disney-editor-ekibi","12":"first","13":"instock","14":"sale","15":"shipping-taxable","16":"purchasable","17":"product-type-simple"},"_links":{"self":[{"href":"https:\/\/roveyayinevi.com.tr\/index.php\/wp-json\/wp\/v2\/product\/756134","targetHints":{"allow":["GET"]}}],"collection":[{"href":"https:\/\/roveyayinevi.com.tr\/index.php\/wp-json\/wp\/v2\/product"}],"about":[{"href":"https:\/\/roveyayinevi.com.tr\/index.php\/wp-json\/wp\/v2\/types\/product"}],"wp:attachment":[{"href":"https:\/\/roveyayinevi.com.tr\/index.php\/wp-json\/wp\/v2\/media?parent=756134"}],"wp:term":[{"taxonomy":"product_brand","embeddable":true,"href":"https:\/\/roveyayinevi.com.tr\/index.php\/wp-json\/wp\/v2\/product_brand?post=756134"},{"taxonomy":"product_cat","embeddable":true,"href":"https:\/\/roveyayinevi.com.tr\/index.php\/wp-json\/wp\/v2\/product_cat?post=756134"},{"taxonomy":"product_tag","embeddable":true,"href":"https:\/\/roveyayinevi.com.tr\/index.php\/wp-json\/wp\/v2\/product_tag?post=756134"}],"curies":[{"name":"wp","href":"https:\/\/api.w.org\/{rel}","templated":true}]}}