{"id":756132,"date":"2025-08-28T06:59:16","date_gmt":"2025-08-28T03:59:16","guid":{"rendered":"https:\/\/roveyayinevi.com.tr\/index.php\/urun\/disney-esrarengiz-kasaba-maskeli-boyama-kitabi-dipper\/"},"modified":"2026-04-16T03:09:28","modified_gmt":"2026-04-16T00:09:28","slug":"disney-esrarengiz-kasaba-maskeli-boyama-kitabi-dipper","status":"publish","type":"product","link":"https:\/\/roveyayinevi.com.tr\/index.php\/urun\/disney-esrarengiz-kasaba-maskeli-boyama-kitabi-dipper\/","title":{"rendered":"D\u0130SNEY- ESRARENG\u0130Z KASABA MASKEL\u0130 BOYAMA K\u0130TABI &#8211; DIPPER"},"content":{"rendered":"<p>Dipper ve arkada\u015flar\u0131yla e\u011flenceli bir boyama maceras\u0131na haz\u0131r m\u0131s\u0131n?Haydi maskeni y\u00fcz\u00fcne tak, rengarenk boya kalemlerini kap ve Esrarengiz Kasaba\u2019ya ad\u0131m at! Boyama keyfiyle dolu saatler seni bekliyor.<\/p>\n","protected":false},"excerpt":{"rendered":"<p>Dipper ve arkada\u015flar\u0131yla e\u011flenceli bir boyama maceras\u0131na haz\u0131r m\u0131s\u0131n?Haydi maskeni y\u00fcz\u00fcne tak, rengarenk boya kalemlerini kap ve Esrarengiz Kasaba\u2019ya ad\u0131m at! Boyama keyfiyle dolu saatler seni<span class=\"excerpt-hellip\"> [\u2026]<\/span><\/p>\n","protected":false},"featured_media":0,"template":"","meta":{"_monsterinsights_skip_tracking":false,"_monsterinsights_sitenote_active":false,"_monsterinsights_sitenote_note":"","_monsterinsights_sitenote_category":0},"product_brand":[],"product_cat":[12644,12274],"product_tag":[],"class_list":{"0":"post-756132","1":"product","2":"type-product","3":"status-publish","5":"product_cat-boyama-kitaplari","6":"product_cat-cocuk-ve-genclik-kitaplari","7":"pa_cilt-ciltsiz","8":"pa_tur-kitap","9":"pa_yayinevi-beta-kids","10":"pa_yazar-kollektif","12":"first","13":"instock","14":"sale","15":"shipping-taxable","16":"purchasable","17":"product-type-simple"},"_links":{"self":[{"href":"https:\/\/roveyayinevi.com.tr\/index.php\/wp-json\/wp\/v2\/product\/756132","targetHints":{"allow":["GET"]}}],"collection":[{"href":"https:\/\/roveyayinevi.com.tr\/index.php\/wp-json\/wp\/v2\/product"}],"about":[{"href":"https:\/\/roveyayinevi.com.tr\/index.php\/wp-json\/wp\/v2\/types\/product"}],"wp:attachment":[{"href":"https:\/\/roveyayinevi.com.tr\/index.php\/wp-json\/wp\/v2\/media?parent=756132"}],"wp:term":[{"taxonomy":"product_brand","embeddable":true,"href":"https:\/\/roveyayinevi.com.tr\/index.php\/wp-json\/wp\/v2\/product_brand?post=756132"},{"taxonomy":"product_cat","embeddable":true,"href":"https:\/\/roveyayinevi.com.tr\/index.php\/wp-json\/wp\/v2\/product_cat?post=756132"},{"taxonomy":"product_tag","embeddable":true,"href":"https:\/\/roveyayinevi.com.tr\/index.php\/wp-json\/wp\/v2\/product_tag?post=756132"}],"curies":[{"name":"wp","href":"https:\/\/api.w.org\/{rel}","templated":true}]}}