{"id":756130,"date":"2025-08-28T06:59:13","date_gmt":"2025-08-28T03:59:13","guid":{"rendered":"https:\/\/roveyayinevi.com.tr\/index.php\/urun\/disney-esrarengiz-kasaba-yaratici-calisma-defteri-dipper\/"},"modified":"2026-04-16T03:09:28","modified_gmt":"2026-04-16T00:09:28","slug":"disney-esrarengiz-kasaba-yaratici-calisma-defteri-dipper","status":"publish","type":"product","link":"https:\/\/roveyayinevi.com.tr\/index.php\/urun\/disney-esrarengiz-kasaba-yaratici-calisma-defteri-dipper\/","title":{"rendered":"D\u0130SNEY- ESRARENG\u0130Z KASABA YARATICI \u00c7ALI\u015eMA DEFTER\u0130 DIPPER"},"content":{"rendered":"<p>Hayat\u0131nda gizemler mi var?Akl\u0131na s\u00fcper fikirler geliyor ama hepsini unutuyor musun? O zaman sen de Dipper gibi bu yarat\u0131c\u0131 \u00e7al\u0131\u015fma defterini kullan!Okulda, evde, her yerde yan\u0131nda olacak Yarat\u0131c\u0131 \u00c7al\u0131\u015fma Defteri\u2019nle not tutacak, Esrarengiz Kasaba tayfas\u0131yla birlikte gizemleri \u00e7\u00f6zecek ve tabii ki bol bol e\u011fleneceksin!<\/p>\n","protected":false},"excerpt":{"rendered":"<p>Hayat\u0131nda gizemler mi var?Akl\u0131na s\u00fcper fikirler geliyor ama hepsini unutuyor musun? O zaman sen de Dipper gibi bu yarat\u0131c\u0131 \u00e7al\u0131\u015fma defterini kullan!Okulda, evde, her yerde yan\u0131nda<span class=\"excerpt-hellip\"> [\u2026]<\/span><\/p>\n","protected":false},"featured_media":0,"template":"","meta":{"_monsterinsights_skip_tracking":false,"_monsterinsights_sitenote_active":false,"_monsterinsights_sitenote_note":"","_monsterinsights_sitenote_category":0},"product_brand":[],"product_cat":[12274,15842],"product_tag":[],"class_list":{"0":"post-756130","1":"product","2":"type-product","3":"status-publish","5":"product_cat-cocuk-ve-genclik-kitaplari","6":"product_cat-egitici-kitaplar","7":"pa_cilt-ciltli","8":"pa_tur-kitap","9":"pa_yayinevi-beta-kids","10":"pa_yazar-disney-editor-ekibi","12":"first","13":"instock","14":"sale","15":"shipping-taxable","16":"purchasable","17":"product-type-simple"},"_links":{"self":[{"href":"https:\/\/roveyayinevi.com.tr\/index.php\/wp-json\/wp\/v2\/product\/756130","targetHints":{"allow":["GET"]}}],"collection":[{"href":"https:\/\/roveyayinevi.com.tr\/index.php\/wp-json\/wp\/v2\/product"}],"about":[{"href":"https:\/\/roveyayinevi.com.tr\/index.php\/wp-json\/wp\/v2\/types\/product"}],"wp:attachment":[{"href":"https:\/\/roveyayinevi.com.tr\/index.php\/wp-json\/wp\/v2\/media?parent=756130"}],"wp:term":[{"taxonomy":"product_brand","embeddable":true,"href":"https:\/\/roveyayinevi.com.tr\/index.php\/wp-json\/wp\/v2\/product_brand?post=756130"},{"taxonomy":"product_cat","embeddable":true,"href":"https:\/\/roveyayinevi.com.tr\/index.php\/wp-json\/wp\/v2\/product_cat?post=756130"},{"taxonomy":"product_tag","embeddable":true,"href":"https:\/\/roveyayinevi.com.tr\/index.php\/wp-json\/wp\/v2\/product_tag?post=756130"}],"curies":[{"name":"wp","href":"https:\/\/api.w.org\/{rel}","templated":true}]}}