{"id":756129,"date":"2025-08-28T06:59:11","date_gmt":"2025-08-28T03:59:11","guid":{"rendered":"https:\/\/roveyayinevi.com.tr\/index.php\/urun\/disney-esrarengiz-kasaba-oyun-kitabi\/"},"modified":"2026-04-16T03:09:28","modified_gmt":"2026-04-16T00:09:28","slug":"disney-esrarengiz-kasaba-oyun-kitabi","status":"publish","type":"product","link":"https:\/\/roveyayinevi.com.tr\/index.php\/urun\/disney-esrarengiz-kasaba-oyun-kitabi\/","title":{"rendered":"D\u0130SNEY ESRARENG\u0130Z KASABA OYUN K\u0130TABI"},"content":{"rendered":"<p>PAYTAK pe\u00e7eteyi yedi.SOOS vazoyu k\u0131rd\u0131.STAN Dipper\u2019\u0131n sesiyle alay etti.D\u0130PPER gizemli bir olay anlatt\u0131.\u015eimdi bu bilgilerle ne yapacaks\u0131n? Kim bilir nas\u0131l bir oyun ba\u015fl\u0131yor!CAN SIKINTISINA SON!Mabel ve Dipper\u2019\u0131n 25 m\u00fcthi\u015f parti oyunuyla e\u011flenmeye haz\u0131r m\u0131s\u0131n? E\u011flenirken dikkat etmen gereken \u015feyler de var. Harika Amca Stan bu sefer sihir numaralar\u0131 deniyor!Esrarengiz Kasaba \u015fimdi yepyeni kitab\u0131yla okurlar\u0131yla bulu\u015fmay\u0131 bekliyor!<\/p>\n","protected":false},"excerpt":{"rendered":"<p>PAYTAK pe\u00e7eteyi yedi.SOOS vazoyu k\u0131rd\u0131.STAN Dipper\u2019\u0131n sesiyle alay etti.D\u0130PPER gizemli bir olay anlatt\u0131.\u015eimdi bu bilgilerle ne yapacaks\u0131n? Kim bilir nas\u0131l bir oyun ba\u015fl\u0131yor!CAN SIKINTISINA SON!Mabel ve<span class=\"excerpt-hellip\"> [\u2026]<\/span><\/p>\n","protected":false},"featured_media":0,"template":"","meta":{"_monsterinsights_skip_tracking":false,"_monsterinsights_sitenote_active":false,"_monsterinsights_sitenote_note":"","_monsterinsights_sitenote_category":0},"product_brand":[],"product_cat":[12274,15842],"product_tag":[],"class_list":{"0":"post-756129","1":"product","2":"type-product","3":"status-publish","5":"product_cat-cocuk-ve-genclik-kitaplari","6":"product_cat-egitici-kitaplar","7":"pa_cilt-ciltsiz","8":"pa_tur-kitap","9":"pa_yayinevi-beta-kids","10":"pa_yazar-disney-editor-ekibi","12":"first","13":"instock","14":"sale","15":"shipping-taxable","16":"purchasable","17":"product-type-simple"},"_links":{"self":[{"href":"https:\/\/roveyayinevi.com.tr\/index.php\/wp-json\/wp\/v2\/product\/756129","targetHints":{"allow":["GET"]}}],"collection":[{"href":"https:\/\/roveyayinevi.com.tr\/index.php\/wp-json\/wp\/v2\/product"}],"about":[{"href":"https:\/\/roveyayinevi.com.tr\/index.php\/wp-json\/wp\/v2\/types\/product"}],"wp:attachment":[{"href":"https:\/\/roveyayinevi.com.tr\/index.php\/wp-json\/wp\/v2\/media?parent=756129"}],"wp:term":[{"taxonomy":"product_brand","embeddable":true,"href":"https:\/\/roveyayinevi.com.tr\/index.php\/wp-json\/wp\/v2\/product_brand?post=756129"},{"taxonomy":"product_cat","embeddable":true,"href":"https:\/\/roveyayinevi.com.tr\/index.php\/wp-json\/wp\/v2\/product_cat?post=756129"},{"taxonomy":"product_tag","embeddable":true,"href":"https:\/\/roveyayinevi.com.tr\/index.php\/wp-json\/wp\/v2\/product_tag?post=756129"}],"curies":[{"name":"wp","href":"https:\/\/api.w.org\/{rel}","templated":true}]}}