{"id":756128,"date":"2025-08-28T06:59:10","date_gmt":"2025-08-28T03:59:10","guid":{"rendered":"https:\/\/roveyayinevi.com.tr\/index.php\/urun\/disney-esrarengiz-kasaba-gizemli-ve-aciklanamaz-maceralar\/"},"modified":"2026-04-16T03:09:28","modified_gmt":"2026-04-16T00:09:28","slug":"disney-esrarengiz-kasaba-gizemli-ve-aciklanamaz-maceralar","status":"publish","type":"product","link":"https:\/\/roveyayinevi.com.tr\/index.php\/urun\/disney-esrarengiz-kasaba-gizemli-ve-aciklanamaz-maceralar\/","title":{"rendered":"D\u0130SNEY ESRARENG\u0130Z KASABA  G\u0130ZEML\u0130 VE  A\u00c7IKLANAMAZ MACERALAR"},"content":{"rendered":"<p>Birbirinden yeni Esrarengiz Kasaba maceralar\u0131na haz\u0131r m\u0131s\u0131n?Yaz geldi!  Yaz geldi! G\u00fcnleri tembellikle ge\u00e7irmenin, dondurma yemenin ve y\u00fczme havuzuna gitmenin tam zaman\u0131. Ama ad\u0131n Dipper ya da Mabel Pines ise bu senin i\u00e7in ge\u00e7erli de\u011fil. Bu yaz, kaba ama bir \u015fekilde sevimli Stan amcan ve Gizemli Kul\u00fcbe\u2019deki \u00e7al\u0131\u015fanlar\u0131yla t\u00fcyler \u00fcrpertici maceralar ya\u015fayacaks\u0131n! Dipper ve Mabel\u2019\u0131n en heyecan verici maceralar\u0131n\u0131 okumaya haz\u0131r m\u0131s\u0131n? Ah, unutmadan: Harika Amca Stan\u2019in de bu konuda s\u00f6yleyecekleri olabilir!<\/p>\n","protected":false},"excerpt":{"rendered":"<p>Birbirinden yeni Esrarengiz Kasaba maceralar\u0131na haz\u0131r m\u0131s\u0131n?Yaz geldi! Yaz geldi! G\u00fcnleri tembellikle ge\u00e7irmenin, dondurma yemenin ve y\u00fczme havuzuna gitmenin tam zaman\u0131. Ama ad\u0131n Dipper ya da<span class=\"excerpt-hellip\"> [\u2026]<\/span><\/p>\n","protected":false},"featured_media":0,"template":"","meta":{"_monsterinsights_skip_tracking":false,"_monsterinsights_sitenote_active":false,"_monsterinsights_sitenote_note":"","_monsterinsights_sitenote_category":0},"product_brand":[],"product_cat":[12274,12284],"product_tag":[],"class_list":{"0":"post-756128","1":"product","2":"type-product","3":"status-publish","5":"product_cat-cocuk-ve-genclik-kitaplari","6":"product_cat-hikayeler","7":"pa_cilt-ciltsiz","8":"pa_tur-kitap","9":"pa_yayinevi-beta-kids","10":"pa_yazar-alex-hirsch","12":"first","13":"instock","14":"sale","15":"shipping-taxable","16":"purchasable","17":"product-type-simple"},"_links":{"self":[{"href":"https:\/\/roveyayinevi.com.tr\/index.php\/wp-json\/wp\/v2\/product\/756128","targetHints":{"allow":["GET"]}}],"collection":[{"href":"https:\/\/roveyayinevi.com.tr\/index.php\/wp-json\/wp\/v2\/product"}],"about":[{"href":"https:\/\/roveyayinevi.com.tr\/index.php\/wp-json\/wp\/v2\/types\/product"}],"wp:attachment":[{"href":"https:\/\/roveyayinevi.com.tr\/index.php\/wp-json\/wp\/v2\/media?parent=756128"}],"wp:term":[{"taxonomy":"product_brand","embeddable":true,"href":"https:\/\/roveyayinevi.com.tr\/index.php\/wp-json\/wp\/v2\/product_brand?post=756128"},{"taxonomy":"product_cat","embeddable":true,"href":"https:\/\/roveyayinevi.com.tr\/index.php\/wp-json\/wp\/v2\/product_cat?post=756128"},{"taxonomy":"product_tag","embeddable":true,"href":"https:\/\/roveyayinevi.com.tr\/index.php\/wp-json\/wp\/v2\/product_tag?post=756128"}],"curies":[{"name":"wp","href":"https:\/\/api.w.org\/{rel}","templated":true}]}}