{"id":756126,"date":"2025-08-28T06:59:07","date_gmt":"2025-08-28T03:59:07","guid":{"rendered":"https:\/\/roveyayinevi.com.tr\/index.php\/urun\/disney-esrarengiz-kasaba-2022-dipper-ve-mabel-ile-bir-yil-gizemli-ajanda\/"},"modified":"2026-04-16T03:09:28","modified_gmt":"2026-04-16T00:09:28","slug":"disney-esrarengiz-kasaba-2022-dipper-ve-mabel-ile-bir-yil-gizemli-ajanda","status":"publish","type":"product","link":"https:\/\/roveyayinevi.com.tr\/index.php\/urun\/disney-esrarengiz-kasaba-2022-dipper-ve-mabel-ile-bir-yil-gizemli-ajanda\/","title":{"rendered":"Disney &#8211; Esrarengiz Kasaba 2022 Dipper ve Mabel ile Bir Y\u0131l &#8211; Gizemli Ajanda"},"content":{"rendered":"<p>Dipper ve Mabel\u2019\u0131n Gizemli 2022 Ajandas\u0131yla kahkaha ve macera dolu bir y\u0131l seni bekliyor!Do\u011fum g\u00fcnleri, arkada\u015f bulu\u015fmalar\u0131n\u0131 ve di\u011fer \u00f6nemli etkinlikleri not alabilece\u011fin ajandan sayesinde, Dipper ve Mabel ile e\u011flenceden e\u011flenceye ko\u015farken \u00e7ok e\u011fleneceksin! Ayr\u0131ca ajandan\u0131n sayfalar\u0131ndaki heyecanl\u0131 bilmeceler ve bulmacalarla Esrarengiz Kasaba\u2019y\u0131 derinlemesine ke\u015ffedeceksin!<\/p>\n","protected":false},"excerpt":{"rendered":"<p>Dipper ve Mabel\u2019\u0131n Gizemli 2022 Ajandas\u0131yla kahkaha ve macera dolu bir y\u0131l seni bekliyor!Do\u011fum g\u00fcnleri, arkada\u015f bulu\u015fmalar\u0131n\u0131 ve di\u011fer \u00f6nemli etkinlikleri not alabilece\u011fin ajandan sayesinde, Dipper<span class=\"excerpt-hellip\"> [\u2026]<\/span><\/p>\n","protected":false},"featured_media":0,"template":"","meta":{"_monsterinsights_skip_tracking":false,"_monsterinsights_sitenote_active":false,"_monsterinsights_sitenote_note":"","_monsterinsights_sitenote_category":0},"product_brand":[],"product_cat":[12274,12284],"product_tag":[],"class_list":{"0":"post-756126","1":"product","2":"type-product","3":"status-publish","5":"product_cat-cocuk-ve-genclik-kitaplari","6":"product_cat-hikayeler","7":"pa_cilt-ciltli","8":"pa_tur-kitap","9":"pa_yayinevi-beta-kids","10":"pa_yazar-disney-editor-ekibi","12":"first","13":"instock","14":"sale","15":"shipping-taxable","16":"purchasable","17":"product-type-simple"},"_links":{"self":[{"href":"https:\/\/roveyayinevi.com.tr\/index.php\/wp-json\/wp\/v2\/product\/756126","targetHints":{"allow":["GET"]}}],"collection":[{"href":"https:\/\/roveyayinevi.com.tr\/index.php\/wp-json\/wp\/v2\/product"}],"about":[{"href":"https:\/\/roveyayinevi.com.tr\/index.php\/wp-json\/wp\/v2\/types\/product"}],"wp:attachment":[{"href":"https:\/\/roveyayinevi.com.tr\/index.php\/wp-json\/wp\/v2\/media?parent=756126"}],"wp:term":[{"taxonomy":"product_brand","embeddable":true,"href":"https:\/\/roveyayinevi.com.tr\/index.php\/wp-json\/wp\/v2\/product_brand?post=756126"},{"taxonomy":"product_cat","embeddable":true,"href":"https:\/\/roveyayinevi.com.tr\/index.php\/wp-json\/wp\/v2\/product_cat?post=756126"},{"taxonomy":"product_tag","embeddable":true,"href":"https:\/\/roveyayinevi.com.tr\/index.php\/wp-json\/wp\/v2\/product_tag?post=756126"}],"curies":[{"name":"wp","href":"https:\/\/api.w.org\/{rel}","templated":true}]}}