{"id":756125,"date":"2025-08-28T06:59:05","date_gmt":"2025-08-28T03:59:05","guid":{"rendered":"https:\/\/roveyayinevi.com.tr\/index.php\/urun\/disney-esrarengiz-kasaba-dunyasi\/"},"modified":"2026-04-16T03:09:28","modified_gmt":"2026-04-16T00:09:28","slug":"disney-esrarengiz-kasaba-dunyasi","status":"publish","type":"product","link":"https:\/\/roveyayinevi.com.tr\/index.php\/urun\/disney-esrarengiz-kasaba-dunyasi\/","title":{"rendered":"DISNEY ESRARENG\u0130Z KASABA D\u00dcNYASI"},"content":{"rendered":"<p>BU K\u0130TAPTA T\u00dcM SIRLAMIZI A\u00c7IKLIYORUM!Esrarengiz Kasaba\u2019n\u0131n \u00f6yle bu\u0308yu\u0308k ve gizemli bir du\u0308nyas\u0131 var ki onu tamamen ke\u015ffetmek asla olas\u0131 de\u011fil&#8230; ama kesinlikle denemeye de\u011fer!Dizinin en sevdi\u011fin karakterlerini ve en e\u011flenceli maceralar\u0131n\u0131 bu kitapta senin i\u00e7in bir araya getirdik.Destans\u0131 anlar\u0131 yeniden ya\u015famaya ve harika vakit ge\u00e7irmeye haz\u0131rsan ba\u015flayal\u0131m!<\/p>\n","protected":false},"excerpt":{"rendered":"<p>BU K\u0130TAPTA T\u00dcM SIRLAMIZI A\u00c7IKLIYORUM!Esrarengiz Kasaba\u2019n\u0131n \u00f6yle bu\u0308yu\u0308k ve gizemli bir du\u0308nyas\u0131 var ki onu tamamen ke\u015ffetmek asla olas\u0131 de\u011fil&#8230; ama kesinlikle denemeye de\u011fer!Dizinin en sevdi\u011fin<span class=\"excerpt-hellip\"> [\u2026]<\/span><\/p>\n","protected":false},"featured_media":0,"template":"","meta":{"_monsterinsights_skip_tracking":false,"_monsterinsights_sitenote_active":false,"_monsterinsights_sitenote_note":"","_monsterinsights_sitenote_category":0},"product_brand":[],"product_cat":[12274,12284],"product_tag":[],"class_list":{"0":"post-756125","1":"product","2":"type-product","3":"status-publish","5":"product_cat-cocuk-ve-genclik-kitaplari","6":"product_cat-hikayeler","7":"pa_cilt-ciltsiz","8":"pa_tur-kitap","9":"pa_yayinevi-beta-kids","10":"pa_yazar-disney-editor-ekibi","12":"first","13":"instock","14":"sale","15":"shipping-taxable","16":"purchasable","17":"product-type-simple"},"_links":{"self":[{"href":"https:\/\/roveyayinevi.com.tr\/index.php\/wp-json\/wp\/v2\/product\/756125","targetHints":{"allow":["GET"]}}],"collection":[{"href":"https:\/\/roveyayinevi.com.tr\/index.php\/wp-json\/wp\/v2\/product"}],"about":[{"href":"https:\/\/roveyayinevi.com.tr\/index.php\/wp-json\/wp\/v2\/types\/product"}],"wp:attachment":[{"href":"https:\/\/roveyayinevi.com.tr\/index.php\/wp-json\/wp\/v2\/media?parent=756125"}],"wp:term":[{"taxonomy":"product_brand","embeddable":true,"href":"https:\/\/roveyayinevi.com.tr\/index.php\/wp-json\/wp\/v2\/product_brand?post=756125"},{"taxonomy":"product_cat","embeddable":true,"href":"https:\/\/roveyayinevi.com.tr\/index.php\/wp-json\/wp\/v2\/product_cat?post=756125"},{"taxonomy":"product_tag","embeddable":true,"href":"https:\/\/roveyayinevi.com.tr\/index.php\/wp-json\/wp\/v2\/product_tag?post=756125"}],"curies":[{"name":"wp","href":"https:\/\/api.w.org\/{rel}","templated":true}]}}