{"id":756123,"date":"2025-08-28T06:59:01","date_gmt":"2025-08-28T03:59:01","guid":{"rendered":"https:\/\/roveyayinevi.com.tr\/index.php\/urun\/disney-esrarengiz-kasaba-turist-kapani\/"},"modified":"2026-04-16T03:09:28","modified_gmt":"2026-04-16T00:09:28","slug":"disney-esrarengiz-kasaba-turist-kapani","status":"publish","type":"product","link":"https:\/\/roveyayinevi.com.tr\/index.php\/urun\/disney-esrarengiz-kasaba-turist-kapani\/","title":{"rendered":"DISNEY ESRARENG\u0130Z KASABA TUR\u0130ST KAPANI"},"content":{"rendered":"<p>G\u0130ZEML\u0130 KUL\u00dcBE\u2019YE HO\u015e GELD\u0130N!Dipper ve Mabel\u2019\u0131n Esrarengiz Kasaba\u2019daki yaz tatili seru\u0308veni daha yeni ba\u015fl\u0131yor. \u0130kizler, Harika Amca Stan\u2019in Gizemli Kulu\u0308be\u2019sinde \u00e7al\u0131\u015fmad\u0131klar\u0131 zamanlarda, Soos ve Wendy\u2019yle birlikte kasaba yerlilerinin s\u0131rlar\u0131n\u0131 ke\u015ffetmeye devam ediyorlar. Elbette yeni maceralar\u0131nda onlara, kimisi dost canl\u0131s\u0131, kimisi ise k\u00f6tu\u0308lu\u0308k pe\u015finde, bir su\u0308ru\u0308 do\u011fau\u0308stu\u0308 yarat\u0131k e\u015flik edecek.\u00c7ok sevilen Disney animasyon serisinden uyarlanan Esrarengiz Kasaba \u2013 \u00c7izgi Diziden \u00d6yku\u0308ler kitaplar\u0131yla birlikte, Dipper ve Mabel\u2019\u0131n heyecan dolu maceralar\u0131na sen de istedi\u011fin zaman ortak olabilirsin!<\/p>\n","protected":false},"excerpt":{"rendered":"<p>G\u0130ZEML\u0130 KUL\u00dcBE\u2019YE HO\u015e GELD\u0130N!Dipper ve Mabel\u2019\u0131n Esrarengiz Kasaba\u2019daki yaz tatili seru\u0308veni daha yeni ba\u015fl\u0131yor. \u0130kizler, Harika Amca Stan\u2019in Gizemli Kulu\u0308be\u2019sinde \u00e7al\u0131\u015fmad\u0131klar\u0131 zamanlarda, Soos ve Wendy\u2019yle birlikte<span class=\"excerpt-hellip\"> [\u2026]<\/span><\/p>\n","protected":false},"featured_media":0,"template":"","meta":{"_monsterinsights_skip_tracking":false,"_monsterinsights_sitenote_active":false,"_monsterinsights_sitenote_note":"","_monsterinsights_sitenote_category":0},"product_brand":[],"product_cat":[12274,12284],"product_tag":[],"class_list":{"0":"post-756123","1":"product","2":"type-product","3":"status-publish","5":"product_cat-cocuk-ve-genclik-kitaplari","6":"product_cat-hikayeler","7":"pa_cilt-ciltsiz","8":"pa_tur-kitap","9":"pa_yayinevi-beta-kids","10":"pa_yazar-disney-editor-ekibi","12":"first","13":"instock","14":"sale","15":"shipping-taxable","16":"purchasable","17":"product-type-simple"},"_links":{"self":[{"href":"https:\/\/roveyayinevi.com.tr\/index.php\/wp-json\/wp\/v2\/product\/756123","targetHints":{"allow":["GET"]}}],"collection":[{"href":"https:\/\/roveyayinevi.com.tr\/index.php\/wp-json\/wp\/v2\/product"}],"about":[{"href":"https:\/\/roveyayinevi.com.tr\/index.php\/wp-json\/wp\/v2\/types\/product"}],"wp:attachment":[{"href":"https:\/\/roveyayinevi.com.tr\/index.php\/wp-json\/wp\/v2\/media?parent=756123"}],"wp:term":[{"taxonomy":"product_brand","embeddable":true,"href":"https:\/\/roveyayinevi.com.tr\/index.php\/wp-json\/wp\/v2\/product_brand?post=756123"},{"taxonomy":"product_cat","embeddable":true,"href":"https:\/\/roveyayinevi.com.tr\/index.php\/wp-json\/wp\/v2\/product_cat?post=756123"},{"taxonomy":"product_tag","embeddable":true,"href":"https:\/\/roveyayinevi.com.tr\/index.php\/wp-json\/wp\/v2\/product_tag?post=756123"}],"curies":[{"name":"wp","href":"https:\/\/api.w.org\/{rel}","templated":true}]}}