{"id":756119,"date":"2025-08-28T06:58:53","date_gmt":"2025-08-28T03:58:53","guid":{"rendered":"https:\/\/roveyayinevi.com.tr\/index.php\/urun\/disney-esrarengiz-kasaba-dipperin-anlasilmaz-tuhafliklar-gunlugu\/"},"modified":"2026-04-11T03:18:11","modified_gmt":"2026-04-11T00:18:11","slug":"disney-esrarengiz-kasaba-dipperin-anlasilmaz-tuhafliklar-gunlugu","status":"publish","type":"product","link":"https:\/\/roveyayinevi.com.tr\/index.php\/urun\/disney-esrarengiz-kasaba-dipperin-anlasilmaz-tuhafliklar-gunlugu\/","title":{"rendered":"DISNEY \u2013 ESRARENG\u0130Z KASABA DIPPER\u2019IN ANLA\u015eILMAZ TUHAFLIKLAR G\u00dcNL\u00dc\u011e\u00dc"},"content":{"rendered":"<p>Merhaba Yabanc\u0131!Bu rehberin eline nas\u0131l ge\u00e7ti\u011fini bilmiyorum ama \u015fundan emin olabilirsin: BUNDAN B\u00d6YLE Esrarengiz Kasaba\u2019da meydana gelen ANLA\u015eILMAZ OLAYLAR HAKKINDA \u0130NANILMAZ DE\u011eERL\u0130 B\u0130R B\u0130LG\u0130 KAYNA\u011eINA SAH\u0130PS\u0130N! Bu rehberi yaz tatilini ge\u00e7irmek u\u0308zere Harika Amca Stan\u2019e gelir gelmez yazmaya ba\u015flad\u0131m. Paranormal olaylar, garip yarat\u0131klar, gizemli yerler ve gizli laboratuvarlar&#8230; ne kadar \u00e7ok ilgin\u00e7 \u015fey g\u00f6rdu\u0308m yahu! \u0130\u00e7eride, \u00e7e\u015fitli anormalliklerin tan\u0131mlar\u0131 (ki bunlar\u0131n baz\u0131lar\u0131n\u0131 Bu\u0308yu\u0308k Amca Ford\u2019un yazd\u0131\u011f\u0131 Gu\u0308nlu\u0308klerde bile bulamazs\u0131n!), inan\u0131lmaz yarat\u0131klar, gizemli yerler seni bekliyor!Ayr\u0131ca Esrarengiz Kasaba sakinlerinin bir portre galerisi de var! \u015eunu akl\u0131ndan hi\u00e7 \u00e7\u0131karma: Dikkatli olman \u015fart! \u00c7u\u0308nku\u0308 bugu\u0308n Esrarengiz Kasaba\u2019da seni neyin bekledi\u011fini asla bilemezsin&#8230;<\/p>\n","protected":false},"excerpt":{"rendered":"<p>Merhaba Yabanc\u0131!Bu rehberin eline nas\u0131l ge\u00e7ti\u011fini bilmiyorum ama \u015fundan emin olabilirsin: BUNDAN B\u00d6YLE Esrarengiz Kasaba\u2019da meydana gelen ANLA\u015eILMAZ OLAYLAR HAKKINDA \u0130NANILMAZ DE\u011eERL\u0130 B\u0130R B\u0130LG\u0130 KAYNA\u011eINA SAH\u0130PS\u0130N!<span class=\"excerpt-hellip\"> [\u2026]<\/span><\/p>\n","protected":false},"featured_media":0,"template":"","meta":{"_monsterinsights_skip_tracking":false,"_monsterinsights_sitenote_active":false,"_monsterinsights_sitenote_note":"","_monsterinsights_sitenote_category":0},"product_brand":[],"product_cat":[12291,12711],"product_tag":[],"class_list":{"0":"post-756119","1":"product","2":"type-product","3":"status-publish","5":"product_cat-edebiyat","6":"product_cat-roman-oyku","7":"pa_cilt-ciltsiz","8":"pa_tur-kitap","9":"pa_yayinevi-beta-kids","10":"pa_yazar-disney-editor-ekibi","12":"first","13":"instock","14":"sale","15":"shipping-taxable","16":"purchasable","17":"product-type-simple"},"_links":{"self":[{"href":"https:\/\/roveyayinevi.com.tr\/index.php\/wp-json\/wp\/v2\/product\/756119","targetHints":{"allow":["GET"]}}],"collection":[{"href":"https:\/\/roveyayinevi.com.tr\/index.php\/wp-json\/wp\/v2\/product"}],"about":[{"href":"https:\/\/roveyayinevi.com.tr\/index.php\/wp-json\/wp\/v2\/types\/product"}],"wp:attachment":[{"href":"https:\/\/roveyayinevi.com.tr\/index.php\/wp-json\/wp\/v2\/media?parent=756119"}],"wp:term":[{"taxonomy":"product_brand","embeddable":true,"href":"https:\/\/roveyayinevi.com.tr\/index.php\/wp-json\/wp\/v2\/product_brand?post=756119"},{"taxonomy":"product_cat","embeddable":true,"href":"https:\/\/roveyayinevi.com.tr\/index.php\/wp-json\/wp\/v2\/product_cat?post=756119"},{"taxonomy":"product_tag","embeddable":true,"href":"https:\/\/roveyayinevi.com.tr\/index.php\/wp-json\/wp\/v2\/product_tag?post=756119"}],"curies":[{"name":"wp","href":"https:\/\/api.w.org\/{rel}","templated":true}]}}