{"id":756118,"date":"2025-08-28T06:58:51","date_gmt":"2025-08-28T03:58:51","guid":{"rendered":"https:\/\/roveyayinevi.com.tr\/index.php\/urun\/disney-cizgi-klasikler-define-adasi-basrolde-mickey\/"},"modified":"2026-04-16T03:09:28","modified_gmt":"2026-04-16T00:09:28","slug":"disney-cizgi-klasikler-define-adasi-basrolde-mickey","status":"publish","type":"product","link":"https:\/\/roveyayinevi.com.tr\/index.php\/urun\/disney-cizgi-klasikler-define-adasi-basrolde-mickey\/","title":{"rendered":"Disney  \u00c7izgi Klasikler \u2013 DEF\u0130NE ADASI BA\u015eROLDE MICKEY"},"content":{"rendered":"<p>Robert Louis Stevenson\u2019\u0131n korsanlar, defineler ve maceralarla dolu klasik roman\u0131, Mickey, Goofy ve Uzun Pete\u2019in rol ald\u0131klar\u0131 bu uyarlamayla yeniden hayat buluyor!Gen\u00e7 Jim Farecan, bir define haritas\u0131 ke\u015ffedince uzun zamand\u0131r hayallerini s\u00fcsleyen maceraya at\u0131l\u0131yor, a\u00e7\u0131k denizlerde yolculu\u011fa \u00e7\u0131k\u0131yor, tropikal ada ormanlar\u0131nda ara\u015ft\u0131rma yap\u0131yor ve ac\u0131mas\u0131z korsanlardan pa\u00e7ay\u0131 kurtarmaya \u00e7al\u0131\u015f\u0131yor! Bakal\u0131m Jim Farecan\u2019\u0131 bu macerada ba\u015fka neler bekliyor?<\/p>\n","protected":false},"excerpt":{"rendered":"<p>Robert Louis Stevenson\u2019\u0131n korsanlar, defineler ve maceralarla dolu klasik roman\u0131, Mickey, Goofy ve Uzun Pete\u2019in rol ald\u0131klar\u0131 bu uyarlamayla yeniden hayat buluyor!Gen\u00e7 Jim Farecan, bir define<span class=\"excerpt-hellip\"> [\u2026]<\/span><\/p>\n","protected":false},"featured_media":0,"template":"","meta":{"_monsterinsights_skip_tracking":false,"_monsterinsights_sitenote_active":false,"_monsterinsights_sitenote_note":"","_monsterinsights_sitenote_category":0},"product_brand":[],"product_cat":[12689,12274],"product_tag":[],"class_list":{"0":"post-756118","1":"product","2":"type-product","3":"status-publish","5":"product_cat-cizgi-roman-cocuk-ve-genclik-kitaplari","6":"product_cat-cocuk-ve-genclik-kitaplari","7":"pa_cilt-ciltsiz","8":"pa_tur-kitap","9":"pa_yayinevi-beta-kids","10":"pa_yazar-disney-editor-ekibi-ve-teresa-radice","12":"first","13":"instock","14":"sale","15":"shipping-taxable","16":"purchasable","17":"product-type-simple"},"_links":{"self":[{"href":"https:\/\/roveyayinevi.com.tr\/index.php\/wp-json\/wp\/v2\/product\/756118","targetHints":{"allow":["GET"]}}],"collection":[{"href":"https:\/\/roveyayinevi.com.tr\/index.php\/wp-json\/wp\/v2\/product"}],"about":[{"href":"https:\/\/roveyayinevi.com.tr\/index.php\/wp-json\/wp\/v2\/types\/product"}],"wp:attachment":[{"href":"https:\/\/roveyayinevi.com.tr\/index.php\/wp-json\/wp\/v2\/media?parent=756118"}],"wp:term":[{"taxonomy":"product_brand","embeddable":true,"href":"https:\/\/roveyayinevi.com.tr\/index.php\/wp-json\/wp\/v2\/product_brand?post=756118"},{"taxonomy":"product_cat","embeddable":true,"href":"https:\/\/roveyayinevi.com.tr\/index.php\/wp-json\/wp\/v2\/product_cat?post=756118"},{"taxonomy":"product_tag","embeddable":true,"href":"https:\/\/roveyayinevi.com.tr\/index.php\/wp-json\/wp\/v2\/product_tag?post=756118"}],"curies":[{"name":"wp","href":"https:\/\/api.w.org\/{rel}","templated":true}]}}