{"id":756117,"date":"2025-08-28T06:58:49","date_gmt":"2025-08-28T03:58:49","guid":{"rendered":"https:\/\/roveyayinevi.com.tr\/index.php\/urun\/disney-cizgi-klasikler-karlar-ulkesi-sinirlari-asmak\/"},"modified":"2026-04-16T03:09:28","modified_gmt":"2026-04-16T00:09:28","slug":"disney-cizgi-klasikler-karlar-ulkesi-sinirlari-asmak","status":"publish","type":"product","link":"https:\/\/roveyayinevi.com.tr\/index.php\/urun\/disney-cizgi-klasikler-karlar-ulkesi-sinirlari-asmak\/","title":{"rendered":"Disney \u00c7izgi Klasikler Karlar \u00dclkesi S\u0131n\u0131rlar\u0131 A\u015fmak"},"content":{"rendered":"<p>Anna, Erindel halk\u0131na daha c\u0327ok yard\u0131m edebilmek ic\u0327in yeni yollar bulmay\u0131 go\u0308rev ediniyor. Vahs\u0327i bir hayvan ko\u0308yde karmas\u0327a c\u0327\u0131kard\u0131g\u0306\u0131nda, prenses onunla benzer duygulara sahip olan macerac\u0131 Mari\u2019yle tan\u0131s\u0327\u0131yor. I\u0307ki genc\u0327 k\u0131z, krall\u0131g\u0306\u0131n ihtiyac\u0327 duydug\u0306u farkl\u0131 meslekleri kes\u0327fetmeye karar veriyorlar. Bu s\u0131rada Elsa, Erindel\u2019e bag\u0306l\u0131 Bat\u0131 Ormanlar\u0131\u2019nda bas\u0327 go\u0308steren bir gizemi ve koms\u0327u u\u0308lkedeki bir gerginlig\u0306i c\u0327o\u0308zmekle mes\u0327gul. Anna ile Mari, Elsa, Kristoff, Olaf ve Sven go\u0308revlerini tamamlamal\u0131, gizemleri c\u0327o\u0308zmeli ve u\u0308lkeye huzuru geri getirmeliler&#8230; Acaba bas\u0327ar\u0131l\u0131 olacaklar m\u0131?<\/p>\n","protected":false},"excerpt":{"rendered":"<p>Anna, Erindel halk\u0131na daha c\u0327ok yard\u0131m edebilmek ic\u0327in yeni yollar bulmay\u0131 go\u0308rev ediniyor. Vahs\u0327i bir hayvan ko\u0308yde karmas\u0327a c\u0327\u0131kard\u0131g\u0306\u0131nda, prenses onunla benzer duygulara sahip olan macerac\u0131<span class=\"excerpt-hellip\"> [\u2026]<\/span><\/p>\n","protected":false},"featured_media":0,"template":"","meta":{"_monsterinsights_skip_tracking":false,"_monsterinsights_sitenote_active":false,"_monsterinsights_sitenote_note":"","_monsterinsights_sitenote_category":0},"product_brand":[],"product_cat":[12689,12274],"product_tag":[],"class_list":{"0":"post-756117","1":"product","2":"type-product","3":"status-publish","5":"product_cat-cizgi-roman-cocuk-ve-genclik-kitaplari","6":"product_cat-cocuk-ve-genclik-kitaplari","7":"pa_cilt-ciltsiz","8":"pa_tur-kitap","9":"pa_yayinevi-beta-kids","10":"pa_yazar-joe-caramagna","12":"first","13":"instock","14":"sale","15":"shipping-taxable","16":"purchasable","17":"product-type-simple"},"_links":{"self":[{"href":"https:\/\/roveyayinevi.com.tr\/index.php\/wp-json\/wp\/v2\/product\/756117","targetHints":{"allow":["GET"]}}],"collection":[{"href":"https:\/\/roveyayinevi.com.tr\/index.php\/wp-json\/wp\/v2\/product"}],"about":[{"href":"https:\/\/roveyayinevi.com.tr\/index.php\/wp-json\/wp\/v2\/types\/product"}],"wp:attachment":[{"href":"https:\/\/roveyayinevi.com.tr\/index.php\/wp-json\/wp\/v2\/media?parent=756117"}],"wp:term":[{"taxonomy":"product_brand","embeddable":true,"href":"https:\/\/roveyayinevi.com.tr\/index.php\/wp-json\/wp\/v2\/product_brand?post=756117"},{"taxonomy":"product_cat","embeddable":true,"href":"https:\/\/roveyayinevi.com.tr\/index.php\/wp-json\/wp\/v2\/product_cat?post=756117"},{"taxonomy":"product_tag","embeddable":true,"href":"https:\/\/roveyayinevi.com.tr\/index.php\/wp-json\/wp\/v2\/product_tag?post=756117"}],"curies":[{"name":"wp","href":"https:\/\/api.w.org\/{rel}","templated":true}]}}