{"id":756116,"date":"2025-08-28T06:58:47","date_gmt":"2025-08-28T03:58:47","guid":{"rendered":"https:\/\/roveyayinevi.com.tr\/index.php\/urun\/disney-cizgi-klasikler-soy-luna-paten-askina-1\/"},"modified":"2026-04-16T03:09:28","modified_gmt":"2026-04-16T00:09:28","slug":"disney-cizgi-klasikler-soy-luna-paten-askina-1","status":"publish","type":"product","link":"https:\/\/roveyayinevi.com.tr\/index.php\/urun\/disney-cizgi-klasikler-soy-luna-paten-askina-1\/","title":{"rendered":"Disney \u00c7izgi Klasikler Soy Luna Paten A\u015fk\u0131na 1"},"content":{"rendered":"<p>Luna paten kaymaya kars\u0327\u0131 c\u0327ok bu\u0308yu\u0308k bir tutkusu ve yeteneg\u0306i olan, nes\u0327eli, iyi kalpli, azimli ve cesur bir k\u0131z.Bu harika c\u0327izgi romanda, Luna\u2019n\u0131n paten pistinde ve hayat\u0131nda kars\u0327\u0131las\u0327t\u0131g\u0306\u0131 yeni maceralarla heyecan verici mu\u0308cadelelere tan\u0131k olacaks\u0131n! Paten u\u0308stu\u0308nde dog\u0306ac\u0327lama bir dans sergilerken, annesiyle babas\u0131n\u0131n evlilik y\u0131l do\u0308nu\u0308mleri ic\u0327in o\u0308zel bir su\u0308rpriz haz\u0131rlarken ve Shakespeare\u2019in u\u0308nlu\u0308 oyununda Juliet\u2019i canland\u0131r\u0131rken Luna\u2019ya es\u0327lik etmeye haz\u0131r m\u0131s\u0131n?<\/p>\n","protected":false},"excerpt":{"rendered":"<p>Luna paten kaymaya kars\u0327\u0131 c\u0327ok bu\u0308yu\u0308k bir tutkusu ve yeteneg\u0306i olan, nes\u0327eli, iyi kalpli, azimli ve cesur bir k\u0131z.Bu harika c\u0327izgi romanda, Luna\u2019n\u0131n paten pistinde ve<span class=\"excerpt-hellip\"> [\u2026]<\/span><\/p>\n","protected":false},"featured_media":0,"template":"","meta":{"_monsterinsights_skip_tracking":false,"_monsterinsights_sitenote_active":false,"_monsterinsights_sitenote_note":"","_monsterinsights_sitenote_category":0},"product_brand":[],"product_cat":[12689,12274],"product_tag":[],"class_list":{"0":"post-756116","1":"product","2":"type-product","3":"status-publish","5":"product_cat-cizgi-roman-cocuk-ve-genclik-kitaplari","6":"product_cat-cocuk-ve-genclik-kitaplari","7":"pa_cilt-ciltsiz","8":"pa_tur-kitap","9":"pa_yayinevi-beta-kids","10":"pa_yazar-disney-editor-ekibi","12":"first","13":"instock","14":"sale","15":"shipping-taxable","16":"purchasable","17":"product-type-simple"},"_links":{"self":[{"href":"https:\/\/roveyayinevi.com.tr\/index.php\/wp-json\/wp\/v2\/product\/756116","targetHints":{"allow":["GET"]}}],"collection":[{"href":"https:\/\/roveyayinevi.com.tr\/index.php\/wp-json\/wp\/v2\/product"}],"about":[{"href":"https:\/\/roveyayinevi.com.tr\/index.php\/wp-json\/wp\/v2\/types\/product"}],"wp:attachment":[{"href":"https:\/\/roveyayinevi.com.tr\/index.php\/wp-json\/wp\/v2\/media?parent=756116"}],"wp:term":[{"taxonomy":"product_brand","embeddable":true,"href":"https:\/\/roveyayinevi.com.tr\/index.php\/wp-json\/wp\/v2\/product_brand?post=756116"},{"taxonomy":"product_cat","embeddable":true,"href":"https:\/\/roveyayinevi.com.tr\/index.php\/wp-json\/wp\/v2\/product_cat?post=756116"},{"taxonomy":"product_tag","embeddable":true,"href":"https:\/\/roveyayinevi.com.tr\/index.php\/wp-json\/wp\/v2\/product_tag?post=756116"}],"curies":[{"name":"wp","href":"https:\/\/api.w.org\/{rel}","templated":true}]}}