{"id":756115,"date":"2025-08-28T06:58:46","date_gmt":"2025-08-28T03:58:46","guid":{"rendered":"https:\/\/roveyayinevi.com.tr\/index.php\/urun\/disney-cizgi-klasikler-karlar-ulkesi-kavusma-yolculugu\/"},"modified":"2026-04-16T03:09:28","modified_gmt":"2026-04-16T00:09:28","slug":"disney-cizgi-klasikler-karlar-ulkesi-kavusma-yolculugu","status":"publish","type":"product","link":"https:\/\/roveyayinevi.com.tr\/index.php\/urun\/disney-cizgi-klasikler-karlar-ulkesi-kavusma-yolculugu\/","title":{"rendered":"Disney  \u00c7izgi Klasikler \u2013 KARLAR \u00dcLKES\u0130 KAVU\u015eMA YOLCULU\u011eU"},"content":{"rendered":"<p>Elsa ve Anna, Snoob Krall\u0131g\u0306\u0131 hasat s\u0327enlig\u0306ine davet ediliyorlar! Sevgili dostlar\u0131 Kai\u2019\u0131n kay\u0131p kardes\u0327inin orada yas\u0327ad\u0131g\u0306\u0131n\u0131 kes\u0327fedince, iki kardes\u0327i kavus\u0327turmak ic\u0327in is\u0327e koyuluyorlar&#8230; Elsa, Anna, Kai, Olaf, Kristoff ve Sven\u2019le heyecanl\u0131 bir yolculug\u0306a c\u0327\u0131kmaya haz\u0131r m\u0131s\u0131n? Tehlikeli dag\u0306 ko\u0308pru\u0308leri, yabani hayvanlar, kac\u0327ak arabalar ve yepyeni, yard\u0131msever dostlarla dolu bir macera seni bekliyor&#8230;<\/p>\n","protected":false},"excerpt":{"rendered":"<p>Elsa ve Anna, Snoob Krall\u0131g\u0306\u0131 hasat s\u0327enlig\u0306ine davet ediliyorlar! Sevgili dostlar\u0131 Kai\u2019\u0131n kay\u0131p kardes\u0327inin orada yas\u0327ad\u0131g\u0306\u0131n\u0131 kes\u0327fedince, iki kardes\u0327i kavus\u0327turmak ic\u0327in is\u0327e koyuluyorlar&#8230; Elsa, Anna, Kai,<span class=\"excerpt-hellip\"> [\u2026]<\/span><\/p>\n","protected":false},"featured_media":0,"template":"","meta":{"_monsterinsights_skip_tracking":false,"_monsterinsights_sitenote_active":false,"_monsterinsights_sitenote_note":"","_monsterinsights_sitenote_category":0},"product_brand":[],"product_cat":[12274,12467],"product_tag":[],"class_list":{"0":"post-756115","1":"product","2":"type-product","3":"status-publish","5":"product_cat-cocuk-ve-genclik-kitaplari","6":"product_cat-dunya-klasikleri","7":"pa_cilt-ciltsiz","8":"pa_tur-kitap","9":"pa_yayinevi-beta-kids","10":"pa_yazar-joe-caramagna","12":"first","13":"instock","14":"sale","15":"shipping-taxable","16":"purchasable","17":"product-type-simple"},"_links":{"self":[{"href":"https:\/\/roveyayinevi.com.tr\/index.php\/wp-json\/wp\/v2\/product\/756115","targetHints":{"allow":["GET"]}}],"collection":[{"href":"https:\/\/roveyayinevi.com.tr\/index.php\/wp-json\/wp\/v2\/product"}],"about":[{"href":"https:\/\/roveyayinevi.com.tr\/index.php\/wp-json\/wp\/v2\/types\/product"}],"wp:attachment":[{"href":"https:\/\/roveyayinevi.com.tr\/index.php\/wp-json\/wp\/v2\/media?parent=756115"}],"wp:term":[{"taxonomy":"product_brand","embeddable":true,"href":"https:\/\/roveyayinevi.com.tr\/index.php\/wp-json\/wp\/v2\/product_brand?post=756115"},{"taxonomy":"product_cat","embeddable":true,"href":"https:\/\/roveyayinevi.com.tr\/index.php\/wp-json\/wp\/v2\/product_cat?post=756115"},{"taxonomy":"product_tag","embeddable":true,"href":"https:\/\/roveyayinevi.com.tr\/index.php\/wp-json\/wp\/v2\/product_tag?post=756115"}],"curies":[{"name":"wp","href":"https:\/\/api.w.org\/{rel}","templated":true}]}}