{"id":756113,"date":"2025-08-28T06:58:42","date_gmt":"2025-08-28T03:58:42","guid":{"rendered":"https:\/\/roveyayinevi.com.tr\/index.php\/urun\/disney-cizgi-klasikler-moby-dick-basrolde-donald\/"},"modified":"2026-04-16T03:09:28","modified_gmt":"2026-04-16T00:09:28","slug":"disney-cizgi-klasikler-moby-dick-basrolde-donald","status":"publish","type":"product","link":"https:\/\/roveyayinevi.com.tr\/index.php\/urun\/disney-cizgi-klasikler-moby-dick-basrolde-donald\/","title":{"rendered":"Disney  \u00c7izgi Klasikler \u2013 MOBY DICK BA\u015eROLDE DONALD"},"content":{"rendered":"<p>Herman Melville\u2019in klasik eseri Moby Dick yepyeni bir uyarlamayla okurlar\u0131n\u0131n kar\u015f\u0131s\u0131nda! Hem de ba\u015frolde Varyemez Amca, Donald ve ye\u011fenleri Cin, Can, Cem\u2019le! T\u00fcyl\u00fc m\u00fcrettebat\u0131m\u0131z, Kaptan Vakvak\u2019\u0131n \u015fansl\u0131 paras\u0131n\u0131 \u00e7alan beyaz balina Moby Dick\u2019i bulmak i\u00e7in a\u00e7\u0131k denizlere yelken a\u00e7\u0131yor. Vakvak\u2019\u0131n intikam u\u011fruna ba\u015flatt\u0131\u011f\u0131 bu yolculukta a\u00e7\u0131k denizlerin tehlikeleriyle kar\u015f\u0131la\u015fan kahramanlar\u0131m\u0131z \u015fu sorunun yan\u0131t\u0131n\u0131 \u00e7ok merak etmeye ba\u015fl\u0131yor: Kaptanlar\u0131 intikam almak i\u00e7in ne kadar ileri gidecek?<\/p>\n","protected":false},"excerpt":{"rendered":"<p>Herman Melville\u2019in klasik eseri Moby Dick yepyeni bir uyarlamayla okurlar\u0131n\u0131n kar\u015f\u0131s\u0131nda! Hem de ba\u015frolde Varyemez Amca, Donald ve ye\u011fenleri Cin, Can, Cem\u2019le! T\u00fcyl\u00fc m\u00fcrettebat\u0131m\u0131z, Kaptan Vakvak\u2019\u0131n<span class=\"excerpt-hellip\"> [\u2026]<\/span><\/p>\n","protected":false},"featured_media":0,"template":"","meta":{"_monsterinsights_skip_tracking":false,"_monsterinsights_sitenote_active":false,"_monsterinsights_sitenote_note":"","_monsterinsights_sitenote_category":0},"product_brand":[],"product_cat":[12689,12274],"product_tag":[],"class_list":{"0":"post-756113","1":"product","2":"type-product","3":"status-publish","5":"product_cat-cizgi-roman-cocuk-ve-genclik-kitaplari","6":"product_cat-cocuk-ve-genclik-kitaplari","7":"pa_cilt-ciltsiz","8":"pa_tur-kitap","9":"pa_yayinevi-beta-kids","10":"pa_yazar-francesco-artibani","12":"first","13":"instock","14":"sale","15":"shipping-taxable","16":"purchasable","17":"product-type-simple"},"_links":{"self":[{"href":"https:\/\/roveyayinevi.com.tr\/index.php\/wp-json\/wp\/v2\/product\/756113","targetHints":{"allow":["GET"]}}],"collection":[{"href":"https:\/\/roveyayinevi.com.tr\/index.php\/wp-json\/wp\/v2\/product"}],"about":[{"href":"https:\/\/roveyayinevi.com.tr\/index.php\/wp-json\/wp\/v2\/types\/product"}],"wp:attachment":[{"href":"https:\/\/roveyayinevi.com.tr\/index.php\/wp-json\/wp\/v2\/media?parent=756113"}],"wp:term":[{"taxonomy":"product_brand","embeddable":true,"href":"https:\/\/roveyayinevi.com.tr\/index.php\/wp-json\/wp\/v2\/product_brand?post=756113"},{"taxonomy":"product_cat","embeddable":true,"href":"https:\/\/roveyayinevi.com.tr\/index.php\/wp-json\/wp\/v2\/product_cat?post=756113"},{"taxonomy":"product_tag","embeddable":true,"href":"https:\/\/roveyayinevi.com.tr\/index.php\/wp-json\/wp\/v2\/product_tag?post=756113"}],"curies":[{"name":"wp","href":"https:\/\/api.w.org\/{rel}","templated":true}]}}