{"id":756112,"date":"2025-08-28T06:58:39","date_gmt":"2025-08-28T03:58:39","guid":{"rendered":"https:\/\/roveyayinevi.com.tr\/index.php\/urun\/disney-cizgi-klasikler-karlar-ulkesi-gercek-hazine\/"},"modified":"2026-04-16T03:09:28","modified_gmt":"2026-04-16T00:09:28","slug":"disney-cizgi-klasikler-karlar-ulkesi-gercek-hazine","status":"publish","type":"product","link":"https:\/\/roveyayinevi.com.tr\/index.php\/urun\/disney-cizgi-klasikler-karlar-ulkesi-gercek-hazine\/","title":{"rendered":"Disney  \u00c7izgi Klasikler \u2013 KARLAR \u00dcLKES\u0130 GER\u00c7EK HAZ\u0130NE"},"content":{"rendered":"<p>Karlar U\u0308lkesi 2 o\u0308ncesinde yas\u0327ananlar\u0131 kes\u0327fetmeye haz\u0131rlan! Sevgili Kral Agnarr ve Kralic\u0327e Iduna ic\u0327in du\u0308zenlenen anma etkinlikleri s\u0131ras\u0131nda Elsa ve Anna ebeveynlerinin es\u0327yalar\u0131yla dolu bir kutu buluyorlar. Kutunun ic\u0327inden, Kralic\u0327e Iduna\u2019n\u0131n du\u0308zenledig\u0306i hazine av\u0131 oyunu da c\u0327\u0131k\u0131yor. I\u0307ki k\u0131z kardes\u0327 bu kutuyla c\u0327ocukluk an\u0131lar\u0131na do\u0308nu\u0308yorlar. Anneleriyle yeni ve farkl\u0131 bir deneyim yas\u0327ama s\u0327ans\u0131na kavus\u0327an Elsa ve Anna heyecanla oyunu oynamaya bas\u0327l\u0131yorlar. Ama oyundaki s\u0327ifreleri c\u0327o\u0308zmek ic\u0327in gec\u0327mis\u0327te kalsa da unutulmayan zamanlar\u0131n maceralar\u0131na tekrar bakmalar\u0131 gerekiyor&#8230;<\/p>\n","protected":false},"excerpt":{"rendered":"<p>Karlar U\u0308lkesi 2 o\u0308ncesinde yas\u0327ananlar\u0131 kes\u0327fetmeye haz\u0131rlan! Sevgili Kral Agnarr ve Kralic\u0327e Iduna ic\u0327in du\u0308zenlenen anma etkinlikleri s\u0131ras\u0131nda Elsa ve Anna ebeveynlerinin es\u0327yalar\u0131yla dolu bir kutu<span class=\"excerpt-hellip\"> [\u2026]<\/span><\/p>\n","protected":false},"featured_media":0,"template":"","meta":{"_monsterinsights_skip_tracking":false,"_monsterinsights_sitenote_active":false,"_monsterinsights_sitenote_note":"","_monsterinsights_sitenote_category":0},"product_brand":[],"product_cat":[12689,12274],"product_tag":[],"class_list":{"0":"post-756112","1":"product","2":"type-product","3":"status-publish","5":"product_cat-cizgi-roman-cocuk-ve-genclik-kitaplari","6":"product_cat-cocuk-ve-genclik-kitaplari","7":"pa_cilt-ciltsiz","8":"pa_tur-kitap","9":"pa_yayinevi-beta-kids","10":"pa_yazar-joe-caramagna","12":"first","13":"instock","14":"sale","15":"shipping-taxable","16":"purchasable","17":"product-type-simple"},"_links":{"self":[{"href":"https:\/\/roveyayinevi.com.tr\/index.php\/wp-json\/wp\/v2\/product\/756112","targetHints":{"allow":["GET"]}}],"collection":[{"href":"https:\/\/roveyayinevi.com.tr\/index.php\/wp-json\/wp\/v2\/product"}],"about":[{"href":"https:\/\/roveyayinevi.com.tr\/index.php\/wp-json\/wp\/v2\/types\/product"}],"wp:attachment":[{"href":"https:\/\/roveyayinevi.com.tr\/index.php\/wp-json\/wp\/v2\/media?parent=756112"}],"wp:term":[{"taxonomy":"product_brand","embeddable":true,"href":"https:\/\/roveyayinevi.com.tr\/index.php\/wp-json\/wp\/v2\/product_brand?post=756112"},{"taxonomy":"product_cat","embeddable":true,"href":"https:\/\/roveyayinevi.com.tr\/index.php\/wp-json\/wp\/v2\/product_cat?post=756112"},{"taxonomy":"product_tag","embeddable":true,"href":"https:\/\/roveyayinevi.com.tr\/index.php\/wp-json\/wp\/v2\/product_tag?post=756112"}],"curies":[{"name":"wp","href":"https:\/\/api.w.org\/{rel}","templated":true}]}}