{"id":756109,"date":"2025-08-28T06:58:34","date_gmt":"2025-08-28T03:58:34","guid":{"rendered":"https:\/\/roveyayinevi.com.tr\/index.php\/urun\/disney-cizgi-klasikler-ralph-ve-internet\/"},"modified":"2026-04-16T03:09:28","modified_gmt":"2026-04-16T00:09:28","slug":"disney-cizgi-klasikler-ralph-ve-internet","status":"publish","type":"product","link":"https:\/\/roveyayinevi.com.tr\/index.php\/urun\/disney-cizgi-klasikler-ralph-ve-internet\/","title":{"rendered":"Disney  \u00c7izgi Klasikler \u2013RALPH VE INTERNET"},"content":{"rendered":"<p>I\u0307NTERNETE GI\u0307DI\u0307YORLAR&#8230;Kankalar Oyunbozan Ralph ve Vanellope von Schweetz internete vard\u0131klar\u0131nda genis\u0327, kalabal\u0131k ama bir o kadar da heyecan verici, yepyeni bir du\u0308nyayla kars\u0327\u0131las\u0327\u0131yorlar. Bos\u0327a harcayacak bir dakikas\u0131 bile olmayan ikili, S\u0327eker Yar\u0131s\u0327\u0131 oyun makinesinin k\u0131r\u0131lan direksiyonunun yenisini bulabilmek ic\u0327in maceraya at\u0131l\u0131yor. I\u0307nternet trafig\u0306i, ac\u0327\u0131l\u0131r pencereler ve engel u\u0308stu\u0308ne engelle kars\u0327\u0131las\u0327an kankalar, dikkatlerini hedeflerinden bir an bile ay\u0131rmamal\u0131lar! Bu maceran\u0131n belirleyicisi sen olacaks\u0131n! Sec\u0327tig\u0306in yol onlar\u0131 var\u0131s\u0327 noktas\u0131na zaman\u0131nda ulas\u0327t\u0131rabilecek mi?Bu s\u0131rada Litwak\u2019\u0131n Video Oyun Salonu\u2019ndaki Tamir Et Felix Jr. oyunu Ralph\u2019siz kald\u0131 ve bu s\u0327ekilde devam edemez. Ralph\u2019in yerini gec\u0327ici olarak dolduracak bir Ko\u0308tu\u0308 Adam bulmak ic\u0327in Felix ve Gene, Gu\u0308zelistan\u2019da bir sec\u0327me du\u0308zenliyorlar. Bu o\u0308nemli rolu\u0308 kime vereceksin?Bir karakter belirle, bir internet maceras\u0131 sec\u0327&#8230; ve bas\u0327lamak ic\u0327in t\u0131kla!<\/p>\n","protected":false},"excerpt":{"rendered":"<p>I\u0307NTERNETE GI\u0307DI\u0307YORLAR&#8230;Kankalar Oyunbozan Ralph ve Vanellope von Schweetz internete vard\u0131klar\u0131nda genis\u0327, kalabal\u0131k ama bir o kadar da heyecan verici, yepyeni bir du\u0308nyayla kars\u0327\u0131las\u0327\u0131yorlar. Bos\u0327a harcayacak bir<span class=\"excerpt-hellip\"> [\u2026]<\/span><\/p>\n","protected":false},"featured_media":0,"template":"","meta":{"_monsterinsights_skip_tracking":false,"_monsterinsights_sitenote_active":false,"_monsterinsights_sitenote_note":"","_monsterinsights_sitenote_category":0},"product_brand":[],"product_cat":[12689,12274],"product_tag":[],"class_list":{"0":"post-756109","1":"product","2":"type-product","3":"status-publish","5":"product_cat-cizgi-roman-cocuk-ve-genclik-kitaplari","6":"product_cat-cocuk-ve-genclik-kitaplari","7":"pa_cilt-ciltsiz","8":"pa_tur-kitap","9":"pa_yayinevi-beta-kids","10":"pa_yazar-disney-editor-ekibi-ve-joe-caramagna","12":"first","13":"instock","14":"sale","15":"shipping-taxable","16":"purchasable","17":"product-type-simple"},"_links":{"self":[{"href":"https:\/\/roveyayinevi.com.tr\/index.php\/wp-json\/wp\/v2\/product\/756109","targetHints":{"allow":["GET"]}}],"collection":[{"href":"https:\/\/roveyayinevi.com.tr\/index.php\/wp-json\/wp\/v2\/product"}],"about":[{"href":"https:\/\/roveyayinevi.com.tr\/index.php\/wp-json\/wp\/v2\/types\/product"}],"wp:attachment":[{"href":"https:\/\/roveyayinevi.com.tr\/index.php\/wp-json\/wp\/v2\/media?parent=756109"}],"wp:term":[{"taxonomy":"product_brand","embeddable":true,"href":"https:\/\/roveyayinevi.com.tr\/index.php\/wp-json\/wp\/v2\/product_brand?post=756109"},{"taxonomy":"product_cat","embeddable":true,"href":"https:\/\/roveyayinevi.com.tr\/index.php\/wp-json\/wp\/v2\/product_cat?post=756109"},{"taxonomy":"product_tag","embeddable":true,"href":"https:\/\/roveyayinevi.com.tr\/index.php\/wp-json\/wp\/v2\/product_tag?post=756109"}],"curies":[{"name":"wp","href":"https:\/\/api.w.org\/{rel}","templated":true}]}}