{"id":756107,"date":"2025-08-28T06:58:30","date_gmt":"2025-08-28T03:58:30","guid":{"rendered":"https:\/\/roveyayinevi.com.tr\/index.php\/urun\/disney-bingo-ve-rolinin-maceralari-cizgi-diziden-oykuler\/"},"modified":"2026-04-16T03:09:28","modified_gmt":"2026-04-16T00:09:28","slug":"disney-bingo-ve-rolinin-maceralari-cizgi-diziden-oykuler","status":"publish","type":"product","link":"https:\/\/roveyayinevi.com.tr\/index.php\/urun\/disney-bingo-ve-rolinin-maceralari-cizgi-diziden-oykuler\/","title":{"rendered":"D\u0130SNEY B\u0130NGO VE ROL\u0130&#8217;N\u0130N MACERALARI- \u00c7izgi Diziden \u00d6yk\u00fcler"},"content":{"rendered":"<p>Sevimli yavru k\u00f6pekler g\u00f6rev ba\u015f\u0131nda! \u0130ngiltere\u2019ye giden Bingo ile Roli hem bir krali\u00e7eye nas\u0131l davran\u0131lmas\u0131 gerekti\u011fini \u00f6\u011freniyor hem de krallara lay\u0131k bir macera ya\u015f\u0131yorlar! S\u00fcper asil bir k\u00f6pekle tan\u0131\u015fan iki karde\u015f, \u0130ngiltere krali\u00e7esiyle \u00e7ay i\u00e7iyor ve \u00e7ok \u00f6zel biri i\u00e7in d\u00fczenlenen, t\u00fcm zamanlar\u0131n en m\u00fcthi\u015f do\u011fum g\u00fcn\u00fc partisine haz\u0131rlan\u0131yor.\u00c7ok sevilen Disney Channel dizisi Bingo ve Roli\u2019nin Maceralar\u0131\u2019n\u0131n bu e\u011flenceli \u00e7izgi roman uyarlamas\u0131n\u0131 okurken \u00e7ok e\u011fleneceksiniz!<\/p>\n","protected":false},"excerpt":{"rendered":"<p>Sevimli yavru k\u00f6pekler g\u00f6rev ba\u015f\u0131nda! \u0130ngiltere\u2019ye giden Bingo ile Roli hem bir krali\u00e7eye nas\u0131l davran\u0131lmas\u0131 gerekti\u011fini \u00f6\u011freniyor hem de krallara lay\u0131k bir macera ya\u015f\u0131yorlar! S\u00fcper asil<span class=\"excerpt-hellip\"> [\u2026]<\/span><\/p>\n","protected":false},"featured_media":0,"template":"","meta":{"_monsterinsights_skip_tracking":false,"_monsterinsights_sitenote_active":false,"_monsterinsights_sitenote_note":"","_monsterinsights_sitenote_category":0},"product_brand":[],"product_cat":[12689,12274],"product_tag":[],"class_list":{"0":"post-756107","1":"product","2":"type-product","3":"status-publish","5":"product_cat-cizgi-roman-cocuk-ve-genclik-kitaplari","6":"product_cat-cocuk-ve-genclik-kitaplari","7":"pa_cilt-ciltsiz","8":"pa_tur-kitap","9":"pa_yayinevi-beta-kids","10":"pa_yazar-disney-editor-ekibi","12":"first","13":"instock","14":"sale","15":"shipping-taxable","16":"purchasable","17":"product-type-simple"},"_links":{"self":[{"href":"https:\/\/roveyayinevi.com.tr\/index.php\/wp-json\/wp\/v2\/product\/756107","targetHints":{"allow":["GET"]}}],"collection":[{"href":"https:\/\/roveyayinevi.com.tr\/index.php\/wp-json\/wp\/v2\/product"}],"about":[{"href":"https:\/\/roveyayinevi.com.tr\/index.php\/wp-json\/wp\/v2\/types\/product"}],"wp:attachment":[{"href":"https:\/\/roveyayinevi.com.tr\/index.php\/wp-json\/wp\/v2\/media?parent=756107"}],"wp:term":[{"taxonomy":"product_brand","embeddable":true,"href":"https:\/\/roveyayinevi.com.tr\/index.php\/wp-json\/wp\/v2\/product_brand?post=756107"},{"taxonomy":"product_cat","embeddable":true,"href":"https:\/\/roveyayinevi.com.tr\/index.php\/wp-json\/wp\/v2\/product_cat?post=756107"},{"taxonomy":"product_tag","embeddable":true,"href":"https:\/\/roveyayinevi.com.tr\/index.php\/wp-json\/wp\/v2\/product_tag?post=756107"}],"curies":[{"name":"wp","href":"https:\/\/api.w.org\/{rel}","templated":true}]}}