{"id":756106,"date":"2025-08-28T06:58:28","date_gmt":"2025-08-28T03:58:28","guid":{"rendered":"https:\/\/roveyayinevi.com.tr\/index.php\/urun\/disney-vampirina-pijama-partisi-cizgi-dizisinden-oykuler\/"},"modified":"2026-04-16T03:09:28","modified_gmt":"2026-04-16T00:09:28","slug":"disney-vampirina-pijama-partisi-cizgi-dizisinden-oykuler","status":"publish","type":"product","link":"https:\/\/roveyayinevi.com.tr\/index.php\/urun\/disney-vampirina-pijama-partisi-cizgi-dizisinden-oykuler\/","title":{"rendered":"D\u0130SNEY VAMP\u0130R\u0130NA P\u0130JAMA PART\u0130S\u0130- \u00c7izgi Dizisinden \u00d6yk\u00fcler"},"content":{"rendered":"<p>Vampirina\u2019n\u0131n arkada\u015flar\u0131 pijama partisi i\u00e7in Hauntley ailesinin evine geliyorlar ama Vampirina\u2019n\u0131n onlardan gizlemesi gereken b\u00fcy\u00fck s\u0131rlar\u0131 var!Bridget \u00e7ok \u00fcrkek ve Vee\u2019nin bir vampir oldu\u011fundan t\u00fcm\u00fcyle habersiz! Vampirina ger\u00e7ek kimli\u011fini ve evcil kurt adam\u0131n\u0131 ondan gizlemeye \u00e7al\u0131\u015f\u0131yor. Acaba k\u0131zlar yine de korkun\u00e7 g\u00fczel bir pijama partisi ge\u00e7irebilecekler mi?\u00c7ok sevilen Disney Channel dizisi Vampirina\u2019n\u0131n bu e\u011flenceli \u00e7izgi roman uyarlamas\u0131n\u0131 okurken \u00e7ok e\u011fleneceksiniz!<\/p>\n","protected":false},"excerpt":{"rendered":"<p>Vampirina\u2019n\u0131n arkada\u015flar\u0131 pijama partisi i\u00e7in Hauntley ailesinin evine geliyorlar ama Vampirina\u2019n\u0131n onlardan gizlemesi gereken b\u00fcy\u00fck s\u0131rlar\u0131 var!Bridget \u00e7ok \u00fcrkek ve Vee\u2019nin bir vampir oldu\u011fundan t\u00fcm\u00fcyle habersiz!<span class=\"excerpt-hellip\"> [\u2026]<\/span><\/p>\n","protected":false},"featured_media":0,"template":"","meta":{"_monsterinsights_skip_tracking":false,"_monsterinsights_sitenote_active":false,"_monsterinsights_sitenote_note":"","_monsterinsights_sitenote_category":0},"product_brand":[],"product_cat":[12689,12274],"product_tag":[],"class_list":{"0":"post-756106","1":"product","2":"type-product","3":"status-publish","5":"product_cat-cizgi-roman-cocuk-ve-genclik-kitaplari","6":"product_cat-cocuk-ve-genclik-kitaplari","7":"pa_cilt-ciltsiz","8":"pa_tur-kitap","9":"pa_yayinevi-beta-kids","10":"pa_yazar-disney-editor-ekibi","12":"first","13":"instock","14":"sale","15":"shipping-taxable","16":"purchasable","17":"product-type-simple"},"_links":{"self":[{"href":"https:\/\/roveyayinevi.com.tr\/index.php\/wp-json\/wp\/v2\/product\/756106","targetHints":{"allow":["GET"]}}],"collection":[{"href":"https:\/\/roveyayinevi.com.tr\/index.php\/wp-json\/wp\/v2\/product"}],"about":[{"href":"https:\/\/roveyayinevi.com.tr\/index.php\/wp-json\/wp\/v2\/types\/product"}],"wp:attachment":[{"href":"https:\/\/roveyayinevi.com.tr\/index.php\/wp-json\/wp\/v2\/media?parent=756106"}],"wp:term":[{"taxonomy":"product_brand","embeddable":true,"href":"https:\/\/roveyayinevi.com.tr\/index.php\/wp-json\/wp\/v2\/product_brand?post=756106"},{"taxonomy":"product_cat","embeddable":true,"href":"https:\/\/roveyayinevi.com.tr\/index.php\/wp-json\/wp\/v2\/product_cat?post=756106"},{"taxonomy":"product_tag","embeddable":true,"href":"https:\/\/roveyayinevi.com.tr\/index.php\/wp-json\/wp\/v2\/product_tag?post=756106"}],"curies":[{"name":"wp","href":"https:\/\/api.w.org\/{rel}","templated":true}]}}