{"id":756105,"date":"2025-08-28T06:58:26","date_gmt":"2025-08-28T03:58:26","guid":{"rendered":"https:\/\/roveyayinevi.com.tr\/index.php\/urun\/disney-doktor-doti-oyuncak-hastanesi-cizgi-dizisinden-oykuler\/"},"modified":"2026-04-16T03:09:28","modified_gmt":"2026-04-16T00:09:28","slug":"disney-doktor-doti-oyuncak-hastanesi-cizgi-dizisinden-oykuler","status":"publish","type":"product","link":"https:\/\/roveyayinevi.com.tr\/index.php\/urun\/disney-doktor-doti-oyuncak-hastanesi-cizgi-dizisinden-oykuler\/","title":{"rendered":"D\u0130SNEY DOKTOR DOT\u0130 OYUNCAK HASTANES\u0130- \u00c7izgi Dizisinden \u00d6yk\u00fcler"},"content":{"rendered":"<p>Doktor, Kuzucuk, Mavi\u015f, Tombi\u015f ve Kardan Adam hep birlikte Leylek Stuart\u2019a yard\u0131ma gidiyorlar. Her \u015fey yolunda g\u00f6r\u00fcn\u00fcyor\u2026 Ta ki Kuzucuk ve oyuncaklar birer bebek oyunca\u011fa d\u00f6n\u00fc\u015f\u00fcne kadar! Ama hi\u00e7bir \u015fey Kuzucuk\u2019un bebek oyuncaklar\u0131 g\u00fcven i\u00e7inde teslim etmesini engelleyemez! Arkada\u015flar\u0131n\u0131n sevgisi ve deste\u011fi sayesinde Kuzucuk her \u015feyin m\u00fcmk\u00fcn oldu\u011funu kan\u0131tlayacak!\u00c7ok sevilen Disney Channel dizisi Doktor Doti\u2019nin bu sevgi dolu \u00e7izgi uyarlamas\u0131n\u0131 okurken \u00e7ok e\u011fleneceksiniz!<\/p>\n","protected":false},"excerpt":{"rendered":"<p>Doktor, Kuzucuk, Mavi\u015f, Tombi\u015f ve Kardan Adam hep birlikte Leylek Stuart\u2019a yard\u0131ma gidiyorlar. Her \u015fey yolunda g\u00f6r\u00fcn\u00fcyor\u2026 Ta ki Kuzucuk ve oyuncaklar birer bebek oyunca\u011fa d\u00f6n\u00fc\u015f\u00fcne<span class=\"excerpt-hellip\"> [\u2026]<\/span><\/p>\n","protected":false},"featured_media":0,"template":"","meta":{"_monsterinsights_skip_tracking":false,"_monsterinsights_sitenote_active":false,"_monsterinsights_sitenote_note":"","_monsterinsights_sitenote_category":0},"product_brand":[],"product_cat":[12689,12274],"product_tag":[],"class_list":{"0":"post-756105","1":"product","2":"type-product","3":"status-publish","5":"product_cat-cizgi-roman-cocuk-ve-genclik-kitaplari","6":"product_cat-cocuk-ve-genclik-kitaplari","7":"pa_cilt-ciltsiz","8":"pa_tur-kitap","9":"pa_yayinevi-beta-kids","10":"pa_yazar-disney-editor-ekibi","12":"first","13":"instock","14":"sale","15":"shipping-taxable","16":"purchasable","17":"product-type-simple"},"_links":{"self":[{"href":"https:\/\/roveyayinevi.com.tr\/index.php\/wp-json\/wp\/v2\/product\/756105","targetHints":{"allow":["GET"]}}],"collection":[{"href":"https:\/\/roveyayinevi.com.tr\/index.php\/wp-json\/wp\/v2\/product"}],"about":[{"href":"https:\/\/roveyayinevi.com.tr\/index.php\/wp-json\/wp\/v2\/types\/product"}],"wp:attachment":[{"href":"https:\/\/roveyayinevi.com.tr\/index.php\/wp-json\/wp\/v2\/media?parent=756105"}],"wp:term":[{"taxonomy":"product_brand","embeddable":true,"href":"https:\/\/roveyayinevi.com.tr\/index.php\/wp-json\/wp\/v2\/product_brand?post=756105"},{"taxonomy":"product_cat","embeddable":true,"href":"https:\/\/roveyayinevi.com.tr\/index.php\/wp-json\/wp\/v2\/product_cat?post=756105"},{"taxonomy":"product_tag","embeddable":true,"href":"https:\/\/roveyayinevi.com.tr\/index.php\/wp-json\/wp\/v2\/product_tag?post=756105"}],"curies":[{"name":"wp","href":"https:\/\/api.w.org\/{rel}","templated":true}]}}