{"id":756104,"date":"2025-08-28T06:58:24","date_gmt":"2025-08-28T03:58:24","guid":{"rendered":"https:\/\/roveyayinevi.com.tr\/index.php\/urun\/disney-vampirina-dogaustu-cizgi-dizisinden-oykuler\/"},"modified":"2026-04-16T03:09:28","modified_gmt":"2026-04-16T00:09:28","slug":"disney-vampirina-dogaustu-cizgi-dizisinden-oykuler","status":"publish","type":"product","link":"https:\/\/roveyayinevi.com.tr\/index.php\/urun\/disney-vampirina-dogaustu-cizgi-dizisinden-oykuler\/","title":{"rendered":"D\u0130SNEY VAMP\u0130R\u0130NA DO\u011eA\u00dcST\u00dc- \u00c7izgi Dizisinden \u00d6yk\u00fcler"},"content":{"rendered":"<p>M\u00dcTH\u0130\u015e \u00d6TES\u0130!Hayalet avc\u0131lar\u0131 konaklamak i\u00e7in Korku Pansiyonu\u2019na geliyorlar! Vapmirina ile ailesi, misafirlerini evlerinin hayaletli olmad\u0131\u011f\u0131na inand\u0131rmaya \u00e7al\u0131\u015f\u0131yorlar. Oysa ev, tabii ki hayaletli!\u00c7ok sevilen Disney Channel dizisi Vampirina\u2019n\u0131n bu e\u011flenceli \u00e7izgi roman uyarlamas\u0131n\u0131 okurken \u00e7ok e\u011fleneceksiniz!<\/p>\n","protected":false},"excerpt":{"rendered":"<p>M\u00dcTH\u0130\u015e \u00d6TES\u0130!Hayalet avc\u0131lar\u0131 konaklamak i\u00e7in Korku Pansiyonu\u2019na geliyorlar! Vapmirina ile ailesi, misafirlerini evlerinin hayaletli olmad\u0131\u011f\u0131na inand\u0131rmaya \u00e7al\u0131\u015f\u0131yorlar. Oysa ev, tabii ki hayaletli!\u00c7ok sevilen Disney Channel dizisi<span class=\"excerpt-hellip\"> [\u2026]<\/span><\/p>\n","protected":false},"featured_media":0,"template":"","meta":{"_monsterinsights_skip_tracking":false,"_monsterinsights_sitenote_active":false,"_monsterinsights_sitenote_note":"","_monsterinsights_sitenote_category":0},"product_brand":[],"product_cat":[12689,12274],"product_tag":[],"class_list":{"0":"post-756104","1":"product","2":"type-product","3":"status-publish","5":"product_cat-cizgi-roman-cocuk-ve-genclik-kitaplari","6":"product_cat-cocuk-ve-genclik-kitaplari","7":"pa_cilt-ciltsiz","8":"pa_tur-kitap","9":"pa_yayinevi-beta-kids","10":"pa_yazar-disney-editor-ekibi","12":"first","13":"instock","14":"sale","15":"shipping-taxable","16":"purchasable","17":"product-type-simple"},"_links":{"self":[{"href":"https:\/\/roveyayinevi.com.tr\/index.php\/wp-json\/wp\/v2\/product\/756104","targetHints":{"allow":["GET"]}}],"collection":[{"href":"https:\/\/roveyayinevi.com.tr\/index.php\/wp-json\/wp\/v2\/product"}],"about":[{"href":"https:\/\/roveyayinevi.com.tr\/index.php\/wp-json\/wp\/v2\/types\/product"}],"wp:attachment":[{"href":"https:\/\/roveyayinevi.com.tr\/index.php\/wp-json\/wp\/v2\/media?parent=756104"}],"wp:term":[{"taxonomy":"product_brand","embeddable":true,"href":"https:\/\/roveyayinevi.com.tr\/index.php\/wp-json\/wp\/v2\/product_brand?post=756104"},{"taxonomy":"product_cat","embeddable":true,"href":"https:\/\/roveyayinevi.com.tr\/index.php\/wp-json\/wp\/v2\/product_cat?post=756104"},{"taxonomy":"product_tag","embeddable":true,"href":"https:\/\/roveyayinevi.com.tr\/index.php\/wp-json\/wp\/v2\/product_tag?post=756104"}],"curies":[{"name":"wp","href":"https:\/\/api.w.org\/{rel}","templated":true}]}}