{"id":756099,"date":"2025-08-28T06:58:14","date_gmt":"2025-08-28T03:58:14","guid":{"rendered":"https:\/\/roveyayinevi.com.tr\/index.php\/urun\/disney-jessie-yeni-dadi\/"},"modified":"2026-04-16T03:09:28","modified_gmt":"2026-04-16T00:09:28","slug":"disney-jessie-yeni-dadi","status":"publish","type":"product","link":"https:\/\/roveyayinevi.com.tr\/index.php\/urun\/disney-jessie-yeni-dadi\/","title":{"rendered":"D\u0130SNEY-  JESS\u0130E Yeni Dad\u0131"},"content":{"rendered":"<p>Dad\u0131yla tan\u0131\u015f!Jessie, u\u0308nlu\u0308 bir \u00e7iftin d\u00f6rt \u00e7ocu\u011funa dad\u0131l\u0131k yapmaya ba\u015flad\u0131\u011f\u0131nda kendini zor bir i\u015fin i\u00e7inde bulur. Emma, Luke, Ravi ve Zuri\u2026 Hemen hemen hi\u00e7bir konuda anla\u015famayan d\u00f6rt \u00e7ocuk! Jessie, aile u\u0308yelerinin birbirleriyle iyi ge\u00e7inmesini sa\u011flayabilecek mi? Yoksa i\u015fe al\u0131nan bir dad\u0131yken, i\u015ften at\u0131lan bir dad\u0131 m\u0131 olacak?Peki ya sonra? Jessie, tam da hayat\u0131n art\u0131k daha kolay olaca\u011f\u0131n\u0131 du\u0308\u015fu\u0308nu\u0308rken \u00e7ocuklar\u0131n okula d\u00f6nu\u0308\u015f sendromu ba\u015flarsa? \u00dcstelik tek sorunlar\u0131 da ev \u00f6devleri de\u011filse? Jessie bu zorluklar\u0131 atlatmalar\u0131 i\u00e7in onlara yard\u0131m edebilecekmi acaba?<\/p>\n","protected":false},"excerpt":{"rendered":"<p>Dad\u0131yla tan\u0131\u015f!Jessie, u\u0308nlu\u0308 bir \u00e7iftin d\u00f6rt \u00e7ocu\u011funa dad\u0131l\u0131k yapmaya ba\u015flad\u0131\u011f\u0131nda kendini zor bir i\u015fin i\u00e7inde bulur. Emma, Luke, Ravi ve Zuri\u2026 Hemen hemen hi\u00e7bir konuda anla\u015famayan<span class=\"excerpt-hellip\"> [\u2026]<\/span><\/p>\n","protected":false},"featured_media":0,"template":"","meta":{"_monsterinsights_skip_tracking":false,"_monsterinsights_sitenote_active":false,"_monsterinsights_sitenote_note":"","_monsterinsights_sitenote_category":0},"product_brand":[],"product_cat":[12689,12274],"product_tag":[],"class_list":{"0":"post-756099","1":"product","2":"type-product","3":"status-publish","5":"product_cat-cizgi-roman-cocuk-ve-genclik-kitaplari","6":"product_cat-cocuk-ve-genclik-kitaplari","7":"pa_cilt-ciltsiz","8":"pa_tur-kitap","9":"pa_yayinevi-beta-kids","10":"pa_yazar-lexi-ryals","12":"first","13":"instock","14":"sale","15":"shipping-taxable","16":"purchasable","17":"product-type-simple"},"_links":{"self":[{"href":"https:\/\/roveyayinevi.com.tr\/index.php\/wp-json\/wp\/v2\/product\/756099","targetHints":{"allow":["GET"]}}],"collection":[{"href":"https:\/\/roveyayinevi.com.tr\/index.php\/wp-json\/wp\/v2\/product"}],"about":[{"href":"https:\/\/roveyayinevi.com.tr\/index.php\/wp-json\/wp\/v2\/types\/product"}],"wp:attachment":[{"href":"https:\/\/roveyayinevi.com.tr\/index.php\/wp-json\/wp\/v2\/media?parent=756099"}],"wp:term":[{"taxonomy":"product_brand","embeddable":true,"href":"https:\/\/roveyayinevi.com.tr\/index.php\/wp-json\/wp\/v2\/product_brand?post=756099"},{"taxonomy":"product_cat","embeddable":true,"href":"https:\/\/roveyayinevi.com.tr\/index.php\/wp-json\/wp\/v2\/product_cat?post=756099"},{"taxonomy":"product_tag","embeddable":true,"href":"https:\/\/roveyayinevi.com.tr\/index.php\/wp-json\/wp\/v2\/product_tag?post=756099"}],"curies":[{"name":"wp","href":"https:\/\/api.w.org\/{rel}","templated":true}]}}