{"id":756098,"date":"2025-08-28T06:58:12","date_gmt":"2025-08-28T03:58:12","guid":{"rendered":"https:\/\/roveyayinevi.com.tr\/index.php\/urun\/disney-jessie-cilgin-asik\/"},"modified":"2026-04-16T03:09:28","modified_gmt":"2026-04-16T00:09:28","slug":"disney-jessie-cilgin-asik","status":"publish","type":"product","link":"https:\/\/roveyayinevi.com.tr\/index.php\/urun\/disney-jessie-cilgin-asik\/","title":{"rendered":"D\u0130SNEY- JESS\u0130E \u00c7\u0131lg\u0131n A\u015f\u0131k"},"content":{"rendered":"<p>Bir randevu facias\u0131!Jessie, Connie\u2019nin Luke\u2019un gizli hayran\u0131 oldu\u011funu \u00f6\u011frendi\u011finde, onu Luke\u2019la birlikte ders \u00e7al\u0131\u015fmas\u0131 i\u00e7in eve davet eder. Ancak Jessie k\u0131sa su\u0308re i\u00e7erisinde, onun bir hayrandan \u00e7ok daha fazlas\u0131 oldu\u011funun fark\u0131na var\u0131r. Connie tam bir yap\u0131\u015fkand\u0131r! Jessie ve Luke, ondan kurtulmay\u0131 ba\u015farabilecek mi acaba?Peki ya sonra? Tony, Jessie\u2019yi \u00f6zel bir yeme\u011fe davet etti\u011finde Jessie onun kendisine evlenme teklifi edece\u011fini du\u0308\u015fu\u0308nu\u0308p deh\u015fete kap\u0131l\u0131rsa? Jessie bu ili\u015fkiyi bitirecek mi, yoksa Tony\u2019yle birlikte sonsuza kadar mutlu mu ya\u015fayacak?<\/p>\n","protected":false},"excerpt":{"rendered":"<p>Bir randevu facias\u0131!Jessie, Connie\u2019nin Luke\u2019un gizli hayran\u0131 oldu\u011funu \u00f6\u011frendi\u011finde, onu Luke\u2019la birlikte ders \u00e7al\u0131\u015fmas\u0131 i\u00e7in eve davet eder. Ancak Jessie k\u0131sa su\u0308re i\u00e7erisinde, onun bir hayrandan<span class=\"excerpt-hellip\"> [\u2026]<\/span><\/p>\n","protected":false},"featured_media":0,"template":"","meta":{"_monsterinsights_skip_tracking":false,"_monsterinsights_sitenote_active":false,"_monsterinsights_sitenote_note":"","_monsterinsights_sitenote_category":0},"product_brand":[],"product_cat":[12689,12274],"product_tag":[],"class_list":{"0":"post-756098","1":"product","2":"type-product","3":"status-publish","5":"product_cat-cizgi-roman-cocuk-ve-genclik-kitaplari","6":"product_cat-cocuk-ve-genclik-kitaplari","7":"pa_cilt-ciltsiz","8":"pa_tur-kitap","9":"pa_yayinevi-beta-kids","10":"pa_yazar-lexi-ryals","12":"first","13":"instock","14":"sale","15":"shipping-taxable","16":"purchasable","17":"product-type-simple"},"_links":{"self":[{"href":"https:\/\/roveyayinevi.com.tr\/index.php\/wp-json\/wp\/v2\/product\/756098","targetHints":{"allow":["GET"]}}],"collection":[{"href":"https:\/\/roveyayinevi.com.tr\/index.php\/wp-json\/wp\/v2\/product"}],"about":[{"href":"https:\/\/roveyayinevi.com.tr\/index.php\/wp-json\/wp\/v2\/types\/product"}],"wp:attachment":[{"href":"https:\/\/roveyayinevi.com.tr\/index.php\/wp-json\/wp\/v2\/media?parent=756098"}],"wp:term":[{"taxonomy":"product_brand","embeddable":true,"href":"https:\/\/roveyayinevi.com.tr\/index.php\/wp-json\/wp\/v2\/product_brand?post=756098"},{"taxonomy":"product_cat","embeddable":true,"href":"https:\/\/roveyayinevi.com.tr\/index.php\/wp-json\/wp\/v2\/product_cat?post=756098"},{"taxonomy":"product_tag","embeddable":true,"href":"https:\/\/roveyayinevi.com.tr\/index.php\/wp-json\/wp\/v2\/product_tag?post=756098"}],"curies":[{"name":"wp","href":"https:\/\/api.w.org\/{rel}","templated":true}]}}