{"id":756097,"date":"2025-08-28T06:58:11","date_gmt":"2025-08-28T03:58:11","guid":{"rendered":"https:\/\/roveyayinevi.com.tr\/index.php\/urun\/disney-jessie-yasasin-hayat\/"},"modified":"2026-04-16T03:09:28","modified_gmt":"2026-04-16T00:09:28","slug":"disney-jessie-yasasin-hayat","status":"publish","type":"product","link":"https:\/\/roveyayinevi.com.tr\/index.php\/urun\/disney-jessie-yasasin-hayat\/","title":{"rendered":"D\u0130SNEY-JESS\u0130E Ya\u015fas\u0131n Hayat"},"content":{"rendered":"<p>Jessie, Zuri\u2019nin s\u0131n\u0131f tav\u015fan\u0131 Lucy\u2019ye bakmas\u0131na yard\u0131m ederken Lucy ortadan kaybolur! Jessie, Zuri fark etmeden, ka\u00e7ak tav\u015fan\u0131 bulabilmek i\u00e7in evin her k\u00f6\u015fesiniarar\u2026 Tav\u015fanc\u0131k sonunda ortaya \u00e7\u0131kacak m\u0131 acaba? Peki ya sonra? Jessie, Zuri\u2019nin okulda daha ba\u015far\u0131l\u0131 olmas\u0131n\u0131 sa\u011flamak i\u00e7in \u00f6\u011fretmeni Bayan Falkenberg\u2019in sevgisini kazanman\u0131n ne kadar \u00f6nemli oldu\u011funu g\u00f6stermeye \u00e7al\u0131\u015f\u0131rsa\u2026 Ama Zuri\u2019nin \u00f6\u011fretmenini etkilemek bir yana, Jessie kendi ad\u0131n\u0131 yaramazlar listesinin tepesinde bulursa\u2026 Jessie, s\u0131n\u0131f\u0131n yaramaz\u0131 olmaktan kurtulup \u00f6\u011fretmenin g\u00f6zdesi mi olacak, yoksa ad\u0131 sonsuza kadar o listede mi kalacak?<\/p>\n","protected":false},"excerpt":{"rendered":"<p>Jessie, Zuri\u2019nin s\u0131n\u0131f tav\u015fan\u0131 Lucy\u2019ye bakmas\u0131na yard\u0131m ederken Lucy ortadan kaybolur! Jessie, Zuri fark etmeden, ka\u00e7ak tav\u015fan\u0131 bulabilmek i\u00e7in evin her k\u00f6\u015fesiniarar\u2026 Tav\u015fanc\u0131k sonunda ortaya \u00e7\u0131kacak<span class=\"excerpt-hellip\"> [\u2026]<\/span><\/p>\n","protected":false},"featured_media":0,"template":"","meta":{"_monsterinsights_skip_tracking":false,"_monsterinsights_sitenote_active":false,"_monsterinsights_sitenote_note":"","_monsterinsights_sitenote_category":0},"product_brand":[],"product_cat":[12689,12274],"product_tag":[],"class_list":{"0":"post-756097","1":"product","2":"type-product","3":"status-publish","5":"product_cat-cizgi-roman-cocuk-ve-genclik-kitaplari","6":"product_cat-cocuk-ve-genclik-kitaplari","7":"pa_cilt-ciltsiz","8":"pa_tur-kitap","9":"pa_yayinevi-beta-kids","10":"pa_yazar-lexi-ryals","12":"first","13":"instock","14":"sale","15":"shipping-taxable","16":"purchasable","17":"product-type-simple"},"_links":{"self":[{"href":"https:\/\/roveyayinevi.com.tr\/index.php\/wp-json\/wp\/v2\/product\/756097","targetHints":{"allow":["GET"]}}],"collection":[{"href":"https:\/\/roveyayinevi.com.tr\/index.php\/wp-json\/wp\/v2\/product"}],"about":[{"href":"https:\/\/roveyayinevi.com.tr\/index.php\/wp-json\/wp\/v2\/types\/product"}],"wp:attachment":[{"href":"https:\/\/roveyayinevi.com.tr\/index.php\/wp-json\/wp\/v2\/media?parent=756097"}],"wp:term":[{"taxonomy":"product_brand","embeddable":true,"href":"https:\/\/roveyayinevi.com.tr\/index.php\/wp-json\/wp\/v2\/product_brand?post=756097"},{"taxonomy":"product_cat","embeddable":true,"href":"https:\/\/roveyayinevi.com.tr\/index.php\/wp-json\/wp\/v2\/product_cat?post=756097"},{"taxonomy":"product_tag","embeddable":true,"href":"https:\/\/roveyayinevi.com.tr\/index.php\/wp-json\/wp\/v2\/product_tag?post=756097"}],"curies":[{"name":"wp","href":"https:\/\/api.w.org\/{rel}","templated":true}]}}