{"id":756096,"date":"2025-08-28T06:58:09","date_gmt":"2025-08-28T03:58:09","guid":{"rendered":"https:\/\/roveyayinevi.com.tr\/index.php\/urun\/disney-baykus-evi-kaynar-adalardan-sihir-tesem-maceralar\/"},"modified":"2026-04-16T03:09:28","modified_gmt":"2026-04-16T00:09:28","slug":"disney-baykus-evi-kaynar-adalardan-sihir-tesem-maceralar","status":"publish","type":"product","link":"https:\/\/roveyayinevi.com.tr\/index.php\/urun\/disney-baykus-evi-kaynar-adalardan-sihir-tesem-maceralar\/","title":{"rendered":"D\u0130SNEY BAYKU\u015e EV\u0130 KAYNAR ADALAR\u2019DAN S\u0130H\u0130R-TE\u015eEM MACERALAR"},"content":{"rendered":"<p>D\u0130SNEY BAYKU\u015e EV\u0130 KAYNAR ADALAR\u2019DAN S\u0130H\u0130R-TE\u015eEM MACERALAR     KAYNAR ADALAR\u2019A HO\u015e GELD\u0130N!Luz Noceda yanl\u0131\u015fl\u0131kla Kaynar Adalar\u2019\u0131n sihir dolu topraklar\u0131na a\u00e7\u0131lan bir portaldan ge\u00e7ince kendini sihrin, cad\u0131lar\u0131n ve sevimli iblis sava\u015f\u00e7\u0131lar\u0131n ger\u00e7ek oldu\u011fu bir fantezi d\u00fcnyas\u0131nda buldu! Kendine g\u00fcveni tam olan Luz, adalar\u0131n en g\u00fc\u00e7l\u00fc cad\u0131s\u0131 Eda ve yard\u0131mc\u0131s\u0131 Kral\u2019la tan\u0131\u015ft\u0131ktan sonra onlarla birlikte Bayku\u015f Evi\u2019nde kalmaya karar Verdi.  Luz, \u00e7\u0131ra\u011f\u0131 olmak i\u00e7in Eda\u2019y\u0131 ikna etse de, sihirli yetenekleri olmad\u0131\u011f\u0131ndan cad\u0131l\u0131k zanaat\u0131n\u0131 \u00f6\u011frenmek i\u00e7in \u00e7ok \u00e7al\u0131\u015fmal\u0131. Eda\u2019n\u0131n al\u0131\u015f\u0131lmad\u0131k \u00f6\u011fretileri, Kral\u2019\u0131n cesaretlendirmesi ve yeni arkada\u015flar\u0131 Amity, Willow ile Gus\u2019\u0131n yard\u0131mlar\u0131 sayesinde Luz bu i\u015fi k\u0131v\u0131raca\u011f\u0131n\u0131 umuyor. Ama tuhaf bir fantezi d\u00fcnyas\u0131nda sihir \u00f6\u011frenmeye \u00e7al\u0131\u015fan bu insan k\u0131z\u0131 zor zamanlar bekledi\u011fi kesin!<\/p>\n","protected":false},"excerpt":{"rendered":"<p>D\u0130SNEY BAYKU\u015e EV\u0130 KAYNAR ADALAR\u2019DAN S\u0130H\u0130R-TE\u015eEM MACERALAR KAYNAR ADALAR\u2019A HO\u015e GELD\u0130N!Luz Noceda yanl\u0131\u015fl\u0131kla Kaynar Adalar\u2019\u0131n sihir dolu topraklar\u0131na a\u00e7\u0131lan bir portaldan ge\u00e7ince kendini sihrin, cad\u0131lar\u0131n ve<span class=\"excerpt-hellip\"> [\u2026]<\/span><\/p>\n","protected":false},"featured_media":0,"template":"","meta":{"_monsterinsights_skip_tracking":false,"_monsterinsights_sitenote_active":false,"_monsterinsights_sitenote_note":"","_monsterinsights_sitenote_category":0},"product_brand":[],"product_cat":[12274,12284],"product_tag":[],"class_list":{"0":"post-756096","1":"product","2":"type-product","3":"status-publish","5":"product_cat-cocuk-ve-genclik-kitaplari","6":"product_cat-hikayeler","7":"pa_cilt-ciltsiz","8":"pa_tur-kitap","9":"pa_yayinevi-beta-kids","10":"pa_yazar-steve-behling","12":"first","13":"instock","14":"sale","15":"shipping-taxable","16":"purchasable","17":"product-type-simple"},"_links":{"self":[{"href":"https:\/\/roveyayinevi.com.tr\/index.php\/wp-json\/wp\/v2\/product\/756096","targetHints":{"allow":["GET"]}}],"collection":[{"href":"https:\/\/roveyayinevi.com.tr\/index.php\/wp-json\/wp\/v2\/product"}],"about":[{"href":"https:\/\/roveyayinevi.com.tr\/index.php\/wp-json\/wp\/v2\/types\/product"}],"wp:attachment":[{"href":"https:\/\/roveyayinevi.com.tr\/index.php\/wp-json\/wp\/v2\/media?parent=756096"}],"wp:term":[{"taxonomy":"product_brand","embeddable":true,"href":"https:\/\/roveyayinevi.com.tr\/index.php\/wp-json\/wp\/v2\/product_brand?post=756096"},{"taxonomy":"product_cat","embeddable":true,"href":"https:\/\/roveyayinevi.com.tr\/index.php\/wp-json\/wp\/v2\/product_cat?post=756096"},{"taxonomy":"product_tag","embeddable":true,"href":"https:\/\/roveyayinevi.com.tr\/index.php\/wp-json\/wp\/v2\/product_tag?post=756096"}],"curies":[{"name":"wp","href":"https:\/\/api.w.org\/{rel}","templated":true}]}}