{"id":756095,"date":"2025-08-28T06:58:07","date_gmt":"2025-08-28T03:58:07","guid":{"rendered":"https:\/\/roveyayinevi.com.tr\/index.php\/urun\/gunde-10-dakika-alistirma-kitabi-6-yas\/"},"modified":"2026-04-16T03:09:28","modified_gmt":"2026-04-16T00:09:28","slug":"gunde-10-dakika-alistirma-kitabi-6-yas","status":"publish","type":"product","link":"https:\/\/roveyayinevi.com.tr\/index.php\/urun\/gunde-10-dakika-alistirma-kitabi-6-yas\/","title":{"rendered":"G\u00dcNDE 10 DAK\u0130KA ALI\u015eTIRMA K\u0130TABI 6 YA\u015e"},"content":{"rendered":"<p>G\u00fcnde 10 Dakika Al\u0131\u015ft\u0131rma Kitab\u0131 ile \u00e7ocu\u011funuzun okulda \u00f6\u011frendiklerini evde tekrarlay\u0131n!\u00c7ocu\u011funuzun ihtiya\u00e7lar\u0131na ve sizin beklentilerinize en uygun okulu se\u00e7tiniz. Peki \u00e7ocu\u011funuz okuldan yeterince verim al\u0131yor mu? \u00c7ocu\u011funuzun geli\u015fimini desteklemek i\u00e7in okulda edindi\u011fi beceri ve bilgileri evde tekrar etmek ister misiniz? \u00d6yleyse, G\u00fcnde 10 Dakika Al\u0131\u015ft\u0131rma Kitab\u0131 tam size g\u00f6re!Kitaptaki al\u0131\u015ft\u0131rmalar\u0131 g\u00fcnde sadece 10 dakika uygulayarak \u00e7ocu\u011funuzun ara\u015ft\u0131rma, d\u00fc\u015f\u00fcnme, yarat\u0131c\u0131l\u0131k gibi becerilerini destekleyip bili\u015fsel geli\u015fimini h\u0131zland\u0131rabilirsiniz.<\/p>\n","protected":false},"excerpt":{"rendered":"<p>G\u00fcnde 10 Dakika Al\u0131\u015ft\u0131rma Kitab\u0131 ile \u00e7ocu\u011funuzun okulda \u00f6\u011frendiklerini evde tekrarlay\u0131n!\u00c7ocu\u011funuzun ihtiya\u00e7lar\u0131na ve sizin beklentilerinize en uygun okulu se\u00e7tiniz. Peki \u00e7ocu\u011funuz okuldan yeterince verim al\u0131yor mu?<span class=\"excerpt-hellip\"> [\u2026]<\/span><\/p>\n","protected":false},"featured_media":0,"template":"","meta":{"_monsterinsights_skip_tracking":false,"_monsterinsights_sitenote_active":false,"_monsterinsights_sitenote_note":"","_monsterinsights_sitenote_category":0},"product_brand":[],"product_cat":[12274,15842],"product_tag":[],"class_list":{"0":"post-756095","1":"product","2":"type-product","3":"status-publish","5":"product_cat-cocuk-ve-genclik-kitaplari","6":"product_cat-egitici-kitaplar","7":"pa_cilt-ciltsiz","8":"pa_tur-kitap","9":"pa_yayinevi-beta-kids","10":"pa_yazar-kollektif","12":"first","13":"instock","14":"sale","15":"shipping-taxable","16":"purchasable","17":"product-type-simple"},"_links":{"self":[{"href":"https:\/\/roveyayinevi.com.tr\/index.php\/wp-json\/wp\/v2\/product\/756095","targetHints":{"allow":["GET"]}}],"collection":[{"href":"https:\/\/roveyayinevi.com.tr\/index.php\/wp-json\/wp\/v2\/product"}],"about":[{"href":"https:\/\/roveyayinevi.com.tr\/index.php\/wp-json\/wp\/v2\/types\/product"}],"wp:attachment":[{"href":"https:\/\/roveyayinevi.com.tr\/index.php\/wp-json\/wp\/v2\/media?parent=756095"}],"wp:term":[{"taxonomy":"product_brand","embeddable":true,"href":"https:\/\/roveyayinevi.com.tr\/index.php\/wp-json\/wp\/v2\/product_brand?post=756095"},{"taxonomy":"product_cat","embeddable":true,"href":"https:\/\/roveyayinevi.com.tr\/index.php\/wp-json\/wp\/v2\/product_cat?post=756095"},{"taxonomy":"product_tag","embeddable":true,"href":"https:\/\/roveyayinevi.com.tr\/index.php\/wp-json\/wp\/v2\/product_tag?post=756095"}],"curies":[{"name":"wp","href":"https:\/\/api.w.org\/{rel}","templated":true}]}}