{"id":756091,"date":"2025-08-28T06:58:01","date_gmt":"2025-08-28T03:58:01","guid":{"rendered":"https:\/\/roveyayinevi.com.tr\/index.php\/urun\/disney-pixar-kayip-balik-dori-abcyi-ogrenelim-noktalari-birlestirme-2\/"},"modified":"2026-04-16T03:09:28","modified_gmt":"2026-04-16T00:09:28","slug":"disney-pixar-kayip-balik-dori-abcyi-ogrenelim-noktalari-birlestirme-2","status":"publish","type":"product","link":"https:\/\/roveyayinevi.com.tr\/index.php\/urun\/disney-pixar-kayip-balik-dori-abcyi-ogrenelim-noktalari-birlestirme-2\/","title":{"rendered":"D\u0130SNEY PIXAR KAYIP BALIK DOR\u0130 ABC\u2019Y\u0130 \u00d6\u011eRENEL\u0130M NOKTALARI B\u0130RLE\u015eT\u0130RME"},"content":{"rendered":"<p>Disney Pixar Kay\u0131p Bal\u0131k DoriSesleri \u00d6\u011frenelimYaz-\u00c7iz-\u00d6\u011fren!Nas\u0131l Kullan\u0131l\u0131rKitaptaki etkinlikleri yaparken yararlanmak \u00fczere alfabeyi tablosunu kes \u00e7\u0131kar. Yazma becerilerini geli\u015ftiren etkinlikler.EtkinliklerHarfleri Tan\u0131maKalem Tutma Becerisini Geli\u015ftirme\u0130nce Motor Becerilerini Destekleme<\/p>\n","protected":false},"excerpt":{"rendered":"<p>Disney Pixar Kay\u0131p Bal\u0131k DoriSesleri \u00d6\u011frenelimYaz-\u00c7iz-\u00d6\u011fren!Nas\u0131l Kullan\u0131l\u0131rKitaptaki etkinlikleri yaparken yararlanmak \u00fczere alfabeyi tablosunu kes \u00e7\u0131kar. Yazma becerilerini geli\u015ftiren etkinlikler.EtkinliklerHarfleri Tan\u0131maKalem Tutma Becerisini Geli\u015ftirme\u0130nce Motor Becerilerini Destekleme<\/p>\n","protected":false},"featured_media":0,"template":"","meta":{"_monsterinsights_skip_tracking":false,"_monsterinsights_sitenote_active":false,"_monsterinsights_sitenote_note":"","_monsterinsights_sitenote_category":0},"product_brand":[],"product_cat":[12274,15842],"product_tag":[],"class_list":{"0":"post-756091","1":"product","2":"type-product","3":"status-publish","5":"product_cat-cocuk-ve-genclik-kitaplari","6":"product_cat-egitici-kitaplar","7":"pa_cilt-ciltsiz","8":"pa_tur-kitap","9":"pa_yayinevi-beta-kids","10":"pa_yazar-kollektif","12":"first","13":"instock","14":"sale","15":"shipping-taxable","16":"purchasable","17":"product-type-simple"},"_links":{"self":[{"href":"https:\/\/roveyayinevi.com.tr\/index.php\/wp-json\/wp\/v2\/product\/756091","targetHints":{"allow":["GET"]}}],"collection":[{"href":"https:\/\/roveyayinevi.com.tr\/index.php\/wp-json\/wp\/v2\/product"}],"about":[{"href":"https:\/\/roveyayinevi.com.tr\/index.php\/wp-json\/wp\/v2\/types\/product"}],"wp:attachment":[{"href":"https:\/\/roveyayinevi.com.tr\/index.php\/wp-json\/wp\/v2\/media?parent=756091"}],"wp:term":[{"taxonomy":"product_brand","embeddable":true,"href":"https:\/\/roveyayinevi.com.tr\/index.php\/wp-json\/wp\/v2\/product_brand?post=756091"},{"taxonomy":"product_cat","embeddable":true,"href":"https:\/\/roveyayinevi.com.tr\/index.php\/wp-json\/wp\/v2\/product_cat?post=756091"},{"taxonomy":"product_tag","embeddable":true,"href":"https:\/\/roveyayinevi.com.tr\/index.php\/wp-json\/wp\/v2\/product_tag?post=756091"}],"curies":[{"name":"wp","href":"https:\/\/api.w.org\/{rel}","templated":true}]}}