{"id":756090,"date":"2025-08-28T06:57:59","date_gmt":"2025-08-28T03:57:59","guid":{"rendered":"https:\/\/roveyayinevi.com.tr\/index.php\/urun\/disney-pixar-kayip-balik-dori-renkleri-ogrenelim-yaz-ciz-eglen\/"},"modified":"2026-04-16T03:09:28","modified_gmt":"2026-04-16T00:09:28","slug":"disney-pixar-kayip-balik-dori-renkleri-ogrenelim-yaz-ciz-eglen","status":"publish","type":"product","link":"https:\/\/roveyayinevi.com.tr\/index.php\/urun\/disney-pixar-kayip-balik-dori-renkleri-ogrenelim-yaz-ciz-eglen\/","title":{"rendered":"D\u0130SNEY PIXAR KAYIP BALIK DOR\u0130 RENKLER\u0130 \u00d6\u011eRENEL\u0130M YAZ-\u00c7\u0130Z-E\u011eLEN!"},"content":{"rendered":"<p>Disney Pixar Kay\u0131p Bal\u0131k DoriRenkleri \u00d6\u011frenelimYaz-\u00c7iz-\u00d6\u011fren!Nas\u0131l Kullan\u0131l\u0131rKitaptaki etkinlikleri yaparken yararlanmak \u00fczere renk tablosunu kes \u00e7\u0131kar. Bir yeti\u015fkinden yard\u0131m alabilirsin.EtkinliklerRenkleri Tan\u0131maE\u015fle\u015ftirme ve \u00d6r\u00fcnt\u00fc \u00c7al\u0131\u015fmalar\u0131\u0130nce Motor Becerilerini Destekleme<\/p>\n","protected":false},"excerpt":{"rendered":"<p>Disney Pixar Kay\u0131p Bal\u0131k DoriRenkleri \u00d6\u011frenelimYaz-\u00c7iz-\u00d6\u011fren!Nas\u0131l Kullan\u0131l\u0131rKitaptaki etkinlikleri yaparken yararlanmak \u00fczere renk tablosunu kes \u00e7\u0131kar. Bir yeti\u015fkinden yard\u0131m alabilirsin.EtkinliklerRenkleri Tan\u0131maE\u015fle\u015ftirme ve \u00d6r\u00fcnt\u00fc \u00c7al\u0131\u015fmalar\u0131\u0130nce Motor Becerilerini Destekleme<\/p>\n","protected":false},"featured_media":0,"template":"","meta":{"_monsterinsights_skip_tracking":false,"_monsterinsights_sitenote_active":false,"_monsterinsights_sitenote_note":"","_monsterinsights_sitenote_category":0},"product_brand":[],"product_cat":[12274,15842],"product_tag":[],"class_list":{"0":"post-756090","1":"product","2":"type-product","3":"status-publish","5":"product_cat-cocuk-ve-genclik-kitaplari","6":"product_cat-egitici-kitaplar","7":"pa_cilt-ciltsiz","8":"pa_tur-kitap","9":"pa_yayinevi-beta-kids","10":"pa_yazar-kollektif","12":"first","13":"instock","14":"sale","15":"shipping-taxable","16":"purchasable","17":"product-type-simple"},"_links":{"self":[{"href":"https:\/\/roveyayinevi.com.tr\/index.php\/wp-json\/wp\/v2\/product\/756090","targetHints":{"allow":["GET"]}}],"collection":[{"href":"https:\/\/roveyayinevi.com.tr\/index.php\/wp-json\/wp\/v2\/product"}],"about":[{"href":"https:\/\/roveyayinevi.com.tr\/index.php\/wp-json\/wp\/v2\/types\/product"}],"wp:attachment":[{"href":"https:\/\/roveyayinevi.com.tr\/index.php\/wp-json\/wp\/v2\/media?parent=756090"}],"wp:term":[{"taxonomy":"product_brand","embeddable":true,"href":"https:\/\/roveyayinevi.com.tr\/index.php\/wp-json\/wp\/v2\/product_brand?post=756090"},{"taxonomy":"product_cat","embeddable":true,"href":"https:\/\/roveyayinevi.com.tr\/index.php\/wp-json\/wp\/v2\/product_cat?post=756090"},{"taxonomy":"product_tag","embeddable":true,"href":"https:\/\/roveyayinevi.com.tr\/index.php\/wp-json\/wp\/v2\/product_tag?post=756090"}],"curies":[{"name":"wp","href":"https:\/\/api.w.org\/{rel}","templated":true}]}}