{"id":756084,"date":"2025-08-28T06:57:49","date_gmt":"2025-08-28T03:57:49","guid":{"rendered":"https:\/\/roveyayinevi.com.tr\/index.php\/urun\/disney-egitsel-arabalar-cikartmali-alistirma-kitabim-toplama-ve-cikarma\/"},"modified":"2026-04-16T03:09:27","modified_gmt":"2026-04-16T00:09:27","slug":"disney-egitsel-arabalar-cikartmali-alistirma-kitabim-toplama-ve-cikarma","status":"publish","type":"product","link":"https:\/\/roveyayinevi.com.tr\/index.php\/urun\/disney-egitsel-arabalar-cikartmali-alistirma-kitabim-toplama-ve-cikarma\/","title":{"rendered":"Disney E\u011fitsel Arabalar \u00c7\u0131kartmal\u0131 Al\u0131\u015ft\u0131rma Kitab\u0131m Toplama ve \u00c7\u0131karma"},"content":{"rendered":"<p>Al\u0131\u015ft\u0131rma Kitab\u0131m serisi, Disney E\u011fitsel program\u0131n\u0131nbir par\u00e7as\u0131 olarak Okul \u00d6ncesi \u00e7ocuklar\u0131n matematik kavramalar\u0131n\u0131\u00f6\u011frenmelerine yard\u0131mc\u0131 olmakla kalmaz, ayn\u0131 zamanda:\u2022 El becerilerini geli\u015ftirir.\u2022 Kalem tutmay\u0131 kolayla\u015ft\u0131r\u0131r.\u2022 Matematik bilgisini geli\u015ftirir.\u2022 Yarat\u0131c\u0131l\u0131k ve hayal g\u00fcc\u00fcn\u00fc destekler.B\u00fct\u00fcn bunlar i\u00e7in ihtiyac\u0131n\u0131z olan sadece boya kalemleri!Say\u0131 sayma, problem \u00c7\u00f6zme ve boyama faaliyetleriyaparak ailece harika vakit ge\u00e7irecek ve \u00e7ocu\u011funuzmatemati\u011fe e\u011flenceli bir ad\u0131m atacak!<\/p>\n","protected":false},"excerpt":{"rendered":"<p>Al\u0131\u015ft\u0131rma Kitab\u0131m serisi, Disney E\u011fitsel program\u0131n\u0131nbir par\u00e7as\u0131 olarak Okul \u00d6ncesi \u00e7ocuklar\u0131n matematik kavramalar\u0131n\u0131\u00f6\u011frenmelerine yard\u0131mc\u0131 olmakla kalmaz, ayn\u0131 zamanda:\u2022 El becerilerini geli\u015ftirir.\u2022 Kalem tutmay\u0131 kolayla\u015ft\u0131r\u0131r.\u2022 Matematik bilgisini<span class=\"excerpt-hellip\"> [\u2026]<\/span><\/p>\n","protected":false},"featured_media":0,"template":"","meta":{"_monsterinsights_skip_tracking":false,"_monsterinsights_sitenote_active":false,"_monsterinsights_sitenote_note":"","_monsterinsights_sitenote_category":0},"product_brand":[],"product_cat":[12554,12274],"product_tag":[],"class_list":{"0":"post-756084","1":"product","2":"type-product","3":"status-publish","5":"product_cat-cikartmali-kitaplar","6":"product_cat-cocuk-ve-genclik-kitaplari","7":"pa_cilt-ciltsiz","8":"pa_tur-kitap","9":"pa_yayinevi-beta-kids","10":"pa_yazar-kollektif","12":"first","13":"instock","14":"sale","15":"shipping-taxable","16":"purchasable","17":"product-type-simple"},"_links":{"self":[{"href":"https:\/\/roveyayinevi.com.tr\/index.php\/wp-json\/wp\/v2\/product\/756084","targetHints":{"allow":["GET"]}}],"collection":[{"href":"https:\/\/roveyayinevi.com.tr\/index.php\/wp-json\/wp\/v2\/product"}],"about":[{"href":"https:\/\/roveyayinevi.com.tr\/index.php\/wp-json\/wp\/v2\/types\/product"}],"wp:attachment":[{"href":"https:\/\/roveyayinevi.com.tr\/index.php\/wp-json\/wp\/v2\/media?parent=756084"}],"wp:term":[{"taxonomy":"product_brand","embeddable":true,"href":"https:\/\/roveyayinevi.com.tr\/index.php\/wp-json\/wp\/v2\/product_brand?post=756084"},{"taxonomy":"product_cat","embeddable":true,"href":"https:\/\/roveyayinevi.com.tr\/index.php\/wp-json\/wp\/v2\/product_cat?post=756084"},{"taxonomy":"product_tag","embeddable":true,"href":"https:\/\/roveyayinevi.com.tr\/index.php\/wp-json\/wp\/v2\/product_tag?post=756084"}],"curies":[{"name":"wp","href":"https:\/\/api.w.org\/{rel}","templated":true}]}}