{"id":756073,"date":"2025-08-28T06:57:31","date_gmt":"2025-08-28T03:57:31","guid":{"rendered":"https:\/\/roveyayinevi.com.tr\/index.php\/urun\/disney-egitsel-okul-oncesi-sayilari-ogreniyorum\/"},"modified":"2026-04-16T03:09:27","modified_gmt":"2026-04-16T00:09:27","slug":"disney-egitsel-okul-oncesi-sayilari-ogreniyorum","status":"publish","type":"product","link":"https:\/\/roveyayinevi.com.tr\/index.php\/urun\/disney-egitsel-okul-oncesi-sayilari-ogreniyorum\/","title":{"rendered":"Disney E\u011fitsel Okul \u00d6ncesi Say\u0131lar\u0131 \u00d6\u011freniyorum"},"content":{"rendered":"<p>\u00c7ocu\u011funuzun en \u00f6nemli zihinsel becerileri kazanmas\u0131 i\u00e7in uzmanlar Taraf\u0131ndan haz\u0131rlanan Disney Okul \u00d6ncesi serisi, \u00e7ocu\u011funuzu ba\u015far\u0131ya ula\u015ft\u0131rmak i\u00e7in etkili bir \u00f6\u011frenme kayna\u011f\u0131 olacak.<\/p>\n","protected":false},"excerpt":{"rendered":"<p>\u00c7ocu\u011funuzun en \u00f6nemli zihinsel becerileri kazanmas\u0131 i\u00e7in uzmanlar Taraf\u0131ndan haz\u0131rlanan Disney Okul \u00d6ncesi serisi, \u00e7ocu\u011funuzu ba\u015far\u0131ya ula\u015ft\u0131rmak i\u00e7in etkili bir \u00f6\u011frenme kayna\u011f\u0131 olacak.<\/p>\n","protected":false},"featured_media":0,"template":"","meta":{"_monsterinsights_skip_tracking":false,"_monsterinsights_sitenote_active":false,"_monsterinsights_sitenote_note":"","_monsterinsights_sitenote_category":0},"product_brand":[],"product_cat":[12274,12518],"product_tag":[],"class_list":{"0":"post-756073","1":"product","2":"type-product","3":"status-publish","5":"product_cat-cocuk-ve-genclik-kitaplari","6":"product_cat-okul-oncesi-kitaplar","7":"pa_cilt-ciltsiz","8":"pa_tur-kitap","9":"pa_yayinevi-beta-kids","10":"pa_yazar-kollektif","12":"first","13":"instock","14":"sale","15":"shipping-taxable","16":"purchasable","17":"product-type-simple"},"_links":{"self":[{"href":"https:\/\/roveyayinevi.com.tr\/index.php\/wp-json\/wp\/v2\/product\/756073","targetHints":{"allow":["GET"]}}],"collection":[{"href":"https:\/\/roveyayinevi.com.tr\/index.php\/wp-json\/wp\/v2\/product"}],"about":[{"href":"https:\/\/roveyayinevi.com.tr\/index.php\/wp-json\/wp\/v2\/types\/product"}],"wp:attachment":[{"href":"https:\/\/roveyayinevi.com.tr\/index.php\/wp-json\/wp\/v2\/media?parent=756073"}],"wp:term":[{"taxonomy":"product_brand","embeddable":true,"href":"https:\/\/roveyayinevi.com.tr\/index.php\/wp-json\/wp\/v2\/product_brand?post=756073"},{"taxonomy":"product_cat","embeddable":true,"href":"https:\/\/roveyayinevi.com.tr\/index.php\/wp-json\/wp\/v2\/product_cat?post=756073"},{"taxonomy":"product_tag","embeddable":true,"href":"https:\/\/roveyayinevi.com.tr\/index.php\/wp-json\/wp\/v2\/product_tag?post=756073"}],"curies":[{"name":"wp","href":"https:\/\/api.w.org\/{rel}","templated":true}]}}