{"id":756070,"date":"2025-08-28T06:57:26","date_gmt":"2025-08-28T03:57:26","guid":{"rendered":"https:\/\/roveyayinevi.com.tr\/index.php\/urun\/disney-aristokedicikler-en-guzel-buskuvi-yarismasi\/"},"modified":"2026-04-16T03:09:27","modified_gmt":"2026-04-16T00:09:27","slug":"disney-aristokedicikler-en-guzel-buskuvi-yarismasi","status":"publish","type":"product","link":"https:\/\/roveyayinevi.com.tr\/index.php\/urun\/disney-aristokedicikler-en-guzel-buskuvi-yarismasi\/","title":{"rendered":"DISNEY -AR\u0130STOKED\u0130C\u0130KLER EN G\u00dcZEL B\u00dcSK\u00dcV\u0130 YARI\u015eMASI"},"content":{"rendered":"<p>AR\u0130STOKED\u0130C\u0130KLERLE TANI\u015e!PAR\u0130S\u2019TE HAYVANLAR \u0130\u00c7\u0130N G\u0130ZL\u0130 B\u0130R PASTANE \u0130\u015eLETEN \u00dc\u00c7\u00dcZLERLE!\u00dc\u00e7 yavru k\u00f6pekle arkada\u015f olduktan sonra, Marie, Berlioz ve Toulouse\u2019un akl\u0131na harika bir fikir gelir: En G\u00fczel K\u00f6pek Bisk\u00fcvisi Yar\u0131\u015fmas\u0131\u2019na ev sahipli\u011fi yapmak! Toulouse bu yar\u0131\u015fmaya kat\u0131l\u0131p sadece bir pastane ressam\u0131 olmad\u0131\u011f\u0131n\u0131 kan\u0131tlamak i\u00e7in sab\u0131rs\u0131zlan\u0131r. Ancak Marie ile Toulouse rakip tak\u0131mlara kat\u0131l\u0131p Berlioz da ikisinin aras\u0131nda kal\u0131nca, yar\u0131\u015fma olduk\u00e7a zor ve rekabet\u00e7i bir hal al\u0131r.Bu yar\u0131\u015fma b\u00fcy\u00fck bir zafer mi olacak? Yoksa talihsiz bir felaket mi?AR\u0130STO KED\u0130C\u0130KLER\u0130N \u0130LK MACERASINI KA\u00c7IRMA!<\/p>\n","protected":false},"excerpt":{"rendered":"<p>AR\u0130STOKED\u0130C\u0130KLERLE TANI\u015e!PAR\u0130S\u2019TE HAYVANLAR \u0130\u00c7\u0130N G\u0130ZL\u0130 B\u0130R PASTANE \u0130\u015eLETEN \u00dc\u00c7\u00dcZLERLE!\u00dc\u00e7 yavru k\u00f6pekle arkada\u015f olduktan sonra, Marie, Berlioz ve Toulouse\u2019un akl\u0131na harika bir fikir gelir: En G\u00fczel K\u00f6pek<span class=\"excerpt-hellip\"> [\u2026]<\/span><\/p>\n","protected":false},"featured_media":0,"template":"","meta":{"_monsterinsights_skip_tracking":false,"_monsterinsights_sitenote_active":false,"_monsterinsights_sitenote_note":"","_monsterinsights_sitenote_category":0},"product_brand":[],"product_cat":[12274,12284],"product_tag":[],"class_list":{"0":"post-756070","1":"product","2":"type-product","3":"status-publish","5":"product_cat-cocuk-ve-genclik-kitaplari","6":"product_cat-hikayeler","7":"pa_cilt-ciltsiz","8":"pa_tur-kitap","9":"pa_yayinevi-beta-kids","10":"pa_yazar-jennifer-castle","12":"first","13":"instock","14":"sale","15":"shipping-taxable","16":"purchasable","17":"product-type-simple"},"_links":{"self":[{"href":"https:\/\/roveyayinevi.com.tr\/index.php\/wp-json\/wp\/v2\/product\/756070","targetHints":{"allow":["GET"]}}],"collection":[{"href":"https:\/\/roveyayinevi.com.tr\/index.php\/wp-json\/wp\/v2\/product"}],"about":[{"href":"https:\/\/roveyayinevi.com.tr\/index.php\/wp-json\/wp\/v2\/types\/product"}],"wp:attachment":[{"href":"https:\/\/roveyayinevi.com.tr\/index.php\/wp-json\/wp\/v2\/media?parent=756070"}],"wp:term":[{"taxonomy":"product_brand","embeddable":true,"href":"https:\/\/roveyayinevi.com.tr\/index.php\/wp-json\/wp\/v2\/product_brand?post=756070"},{"taxonomy":"product_cat","embeddable":true,"href":"https:\/\/roveyayinevi.com.tr\/index.php\/wp-json\/wp\/v2\/product_cat?post=756070"},{"taxonomy":"product_tag","embeddable":true,"href":"https:\/\/roveyayinevi.com.tr\/index.php\/wp-json\/wp\/v2\/product_tag?post=756070"}],"curies":[{"name":"wp","href":"https:\/\/api.w.org\/{rel}","templated":true}]}}