{"id":756069,"date":"2025-08-28T06:57:24","date_gmt":"2025-08-28T03:57:24","guid":{"rendered":"https:\/\/roveyayinevi.com.tr\/index.php\/urun\/disney-nobetci-fareler-su-altinda\/"},"modified":"2026-04-16T03:09:27","modified_gmt":"2026-04-16T00:09:27","slug":"disney-nobetci-fareler-su-altinda","status":"publish","type":"product","link":"https:\/\/roveyayinevi.com.tr\/index.php\/urun\/disney-nobetci-fareler-su-altinda\/","title":{"rendered":"D\u0130SNEY N\u00d6BET\u00c7\u0130 FARELER SU ALTINDA"},"content":{"rendered":"<p>D\u0130SNEY N\u00d6BET\u00c7\u0130 FARELER SU ALTINDASU ALTI SER\u00dcVENLER\u0130! KORKUN\u00c7 KORSANLAR!DEH\u015eETL\u0130 DEN\u0130Z YARATIKLARI! AKIL ALMAZ AYGITLAR!UFACIK TEFEC\u0130K TEKNOLOJ\u0130K DONANIMLAR!AKLA Z\u0130YAN B\u0130R SU ALTI OPERASYONU     Cesur fare Bernie ve utanga\u00e7 s\u0131\u00e7an Jarvis N\u00f6bet\u00e7i Fareler\u2019e  kat\u0131lal\u0131 alt\u0131 ay oluyor; iki arkada\u015f art\u0131k resmen Birinci D\u00fczey  kat\u0131lal\u0131 alt\u0131 ay oluyor; iki arkada\u015f art\u0131k resmen Birinci D\u00fczey ajan oldular ve aralar\u0131ndan su s\u0131zm\u0131yor! Daha ilk g\u00fcnden  ba\u015far\u0131l\u0131  bir  g\u00f6rev  ger\u00e7ekle\u015ftirdikten  sonra  kald\u0131klar\u0131  yerden  temel e\u011fitime devam ediyorlar ve N\u00f6bet\u2019te y\u00fckselmeye can at\u0131yorlar.                                                                                                        Gel g\u00f6r ki \u015fimdi bundan \u00e7ok daha \u00f6nemli sorunlar\u0131 var. Gizemli bir telsiz mesaj\u0131yla uzun s\u00fcre \u00f6nce denizde kaybolan casus denizalt\u0131  bir telsiz mesaj\u0131yla CD Ay\u2019\u0131n h\u00e2l\u00e2 denizin dibinde yat\u0131yor olabilece\u011fini \u00f6\u011freniyorlar. Bu denizalt\u0131n\u0131n i\u00e7inde S\u00fct Taba\u011f\u0131 denilen, d\u00fcnyay\u0131 kurtarabilecek ya da yok edebilecek bir enerji kayna\u011f\u0131n\u0131n oldu\u011funa inan\u0131l\u0131yor. N\u00f6bet\u00e7i  Fareler\u2019in S\u00fct Taba\u011f\u0131\u2019na ezeli d\u00fc\u015fmanlar\u0131 S.I.\u00c7.A.N.\u2019\u0131n eline d\u00fc\u015fmeden ula\u015fmas\u0131 gerekiyor! Bernie\u2019yle Jarvis derin sulardaki bu g\u00f6reve bal\u0131klama dal\u0131yor. Bir k\u00f6pek bal\u0131\u011f\u0131n\u0131n bir lokmada yutabilece\u011fi b\u00fcy\u00fckl\u00fckte bir denizalt\u0131yla okyanusun derinliklerine iniyorlar. Her kula\u00e7ta a\u00e7 deniz yarat\u0131klar\u0131yla, parag\u00f6z korsan farelerle, bat\u0131k \u015fehir Kedlantis\u2019le ve \u00e7e\u015fit \u00e7e\u015fit korkun\u00e7 d\u00fc\u015fmanlarla  kar\u015f\u0131la\u015fan  iki  arkada\u015f,  S\u00fct  Taba\u011f\u0131\u2019n\u0131  herkesten  \u00f6nce  bulmak ve d\u00fcnyay\u0131 kurtarmak i\u00e7in b\u00fct\u00fcn cesaretlerini ve zek\u00e2lar\u0131n\u0131  kullanmak zorunda.<\/p>\n","protected":false},"excerpt":{"rendered":"<p>D\u0130SNEY N\u00d6BET\u00c7\u0130 FARELER SU ALTINDASU ALTI SER\u00dcVENLER\u0130! KORKUN\u00c7 KORSANLAR!DEH\u015eETL\u0130 DEN\u0130Z YARATIKLARI! AKIL ALMAZ AYGITLAR!UFACIK TEFEC\u0130K TEKNOLOJ\u0130K DONANIMLAR!AKLA Z\u0130YAN B\u0130R SU ALTI OPERASYONU Cesur fare Bernie ve<span class=\"excerpt-hellip\"> [\u2026]<\/span><\/p>\n","protected":false},"featured_media":0,"template":"","meta":{"_monsterinsights_skip_tracking":false,"_monsterinsights_sitenote_active":false,"_monsterinsights_sitenote_note":"","_monsterinsights_sitenote_category":0},"product_brand":[],"product_cat":[12274,12284],"product_tag":[],"class_list":{"0":"post-756069","1":"product","2":"type-product","3":"status-publish","5":"product_cat-cocuk-ve-genclik-kitaplari","6":"product_cat-hikayeler","7":"pa_cilt-ciltsiz","8":"pa_tur-kitap","9":"pa_yayinevi-beta-kids","10":"pa_yazar-j-j-gilbert","12":"first","13":"instock","14":"sale","15":"shipping-taxable","16":"purchasable","17":"product-type-simple"},"_links":{"self":[{"href":"https:\/\/roveyayinevi.com.tr\/index.php\/wp-json\/wp\/v2\/product\/756069","targetHints":{"allow":["GET"]}}],"collection":[{"href":"https:\/\/roveyayinevi.com.tr\/index.php\/wp-json\/wp\/v2\/product"}],"about":[{"href":"https:\/\/roveyayinevi.com.tr\/index.php\/wp-json\/wp\/v2\/types\/product"}],"wp:attachment":[{"href":"https:\/\/roveyayinevi.com.tr\/index.php\/wp-json\/wp\/v2\/media?parent=756069"}],"wp:term":[{"taxonomy":"product_brand","embeddable":true,"href":"https:\/\/roveyayinevi.com.tr\/index.php\/wp-json\/wp\/v2\/product_brand?post=756069"},{"taxonomy":"product_cat","embeddable":true,"href":"https:\/\/roveyayinevi.com.tr\/index.php\/wp-json\/wp\/v2\/product_cat?post=756069"},{"taxonomy":"product_tag","embeddable":true,"href":"https:\/\/roveyayinevi.com.tr\/index.php\/wp-json\/wp\/v2\/product_tag?post=756069"}],"curies":[{"name":"wp","href":"https:\/\/api.w.org\/{rel}","templated":true}]}}