{"id":756068,"date":"2025-08-28T06:57:22","date_gmt":"2025-08-28T03:57:22","guid":{"rendered":"https:\/\/roveyayinevi.com.tr\/index.php\/urun\/disney-nobetci-fareler\/"},"modified":"2026-04-11T03:17:42","modified_gmt":"2026-04-11T00:17:42","slug":"disney-nobetci-fareler","status":"publish","type":"product","link":"https:\/\/roveyayinevi.com.tr\/index.php\/urun\/disney-nobetci-fareler\/","title":{"rendered":"D\u0130SNEY N\u00d6BET\u00c7\u0130 FARELER"},"content":{"rendered":"<p>D\u0130SNEY N\u00d6BET\u00c7\u0130 FARELERASLAN Y\u00dcREKL\u0130 FARELER.AL\u00c7AK ZARARLILAR.NEFES KES\u0130C\u0130 CASUSLUK OLAYLARI.TEKNOLOJ\u0130 HAR\u0130KALARI.N\u00d6BET\u2019E HO\u015e GELD\u0130N\u0130Z!Bernadette k\u00fc\u00e7\u00fck bir fare olabilirdi belki ama t\u00fcm hayat\u0131n\u0131 b\u00fcy\u00fck bir \u015feyler ba\u015farman\u0131n hayaliyle ge\u00e7irmi\u015fti. Odas\u0131n\u0131n duvarlar\u0131 kahraman\u0131 Alet \u0130\u015fler\u2019in posterleriyle s\u00fcsl\u00fcyd\u00fc: Alet \u00fcnl\u00fc bir mucit fare, eski bir Chip ve Dale Kurtarma Kuvveti \u00fcyesi ve \u015fimdi de D\u00fcnyay\u0131 kurtarma amac\u0131yla \u00e7al\u0131\u015fan gizli fare \u00f6rg\u00fct\u00fc N\u00f6bet\u00e7i Fareler\u2019in lideriydi, \u00f6rg\u00fct en se\u00e7kin fare ajanlar\u0131ndan olu\u015fuyordu.      Hal b\u00f6yleyken, N\u00f6bet\u2019e kat\u0131lmas\u0131 i\u00e7in postadan imrendirici bir davet \u00e7\u0131kt\u0131\u011f\u0131nda Bernie, k\u00fc\u00e7\u00fck hayat\u0131nda hayal edilebilecek en b\u00fcy\u00fck de\u011fi\u015fimin ger\u00e7ekle\u015fmek \u00fczere oldu\u011funu anlam\u0131\u015ft\u0131.     Yine de hi\u00e7bir \u015fey onu gelmekte olana haz\u0131rlayamazd\u0131. Bir kere e\u011fitim orta\u011f\u0131 Jarvis, N\u00f6be\u2019e Kat\u0131lmadan \u00f6nce S.I.\u00c7.A.N.\u2019da, yani S\u0131\u00e7an Irk\u0131na \u00c7a\u011f Atlama Noktas\u0131\u2019nda \u00e7al\u0131\u015fm\u0131\u015ft\u0131. Bernie ona nas\u0131l g\u00fcvenebilirdi? Sonra, daha e\u011fitimdeki ilk g\u00fcnlerinde N\u00f6bet\u00e7i Fareler merkezindeki herkes birden bire ortadan kaybolacakt\u0131!   Bernie ve Jarvis ajan arkada\u015flar\u0131n\u0131 bulmak i\u00e7in \u00e7\u0131lg\u0131nca bir maceraya at\u0131l\u0131rken, bu k\u00fc\u00e7\u00fck cesur fareyle \u00e7ekingen ama \u00e7ok zeki s\u0131\u00e7an, N\u00f6bet\u00e7i Fareler\u2019I \u2013 ve tan\u0131d\u0131klar\u0131 kadar\u0131yla d\u00fcnyay\u0131- kurtarmak i\u00e7in birlikte \u00e7al\u0131\u015fmay\u0131 \u00f6\u011frenmek zorunda kalacaklard\u0131.<\/p>\n","protected":false},"excerpt":{"rendered":"<p>D\u0130SNEY N\u00d6BET\u00c7\u0130 FARELERASLAN Y\u00dcREKL\u0130 FARELER.AL\u00c7AK ZARARLILAR.NEFES KES\u0130C\u0130 CASUSLUK OLAYLARI.TEKNOLOJ\u0130 HAR\u0130KALARI.N\u00d6BET\u2019E HO\u015e GELD\u0130N\u0130Z!Bernadette k\u00fc\u00e7\u00fck bir fare olabilirdi belki ama t\u00fcm hayat\u0131n\u0131 b\u00fcy\u00fck bir \u015feyler ba\u015farman\u0131n hayaliyle ge\u00e7irmi\u015fti.<span class=\"excerpt-hellip\"> [\u2026]<\/span><\/p>\n","protected":false},"featured_media":0,"template":"","meta":{"_monsterinsights_skip_tracking":false,"_monsterinsights_sitenote_active":false,"_monsterinsights_sitenote_note":"","_monsterinsights_sitenote_category":0},"product_brand":[],"product_cat":[12291,12711],"product_tag":[],"class_list":{"0":"post-756068","1":"product","2":"type-product","3":"status-publish","5":"product_cat-edebiyat","6":"product_cat-roman-oyku","7":"pa_cilt-ciltsiz","8":"pa_tur-kitap","9":"pa_yayinevi-beta-kids","10":"pa_yazar-j-j-gilbert","12":"first","13":"instock","14":"sale","15":"shipping-taxable","16":"purchasable","17":"product-type-simple"},"_links":{"self":[{"href":"https:\/\/roveyayinevi.com.tr\/index.php\/wp-json\/wp\/v2\/product\/756068","targetHints":{"allow":["GET"]}}],"collection":[{"href":"https:\/\/roveyayinevi.com.tr\/index.php\/wp-json\/wp\/v2\/product"}],"about":[{"href":"https:\/\/roveyayinevi.com.tr\/index.php\/wp-json\/wp\/v2\/types\/product"}],"wp:attachment":[{"href":"https:\/\/roveyayinevi.com.tr\/index.php\/wp-json\/wp\/v2\/media?parent=756068"}],"wp:term":[{"taxonomy":"product_brand","embeddable":true,"href":"https:\/\/roveyayinevi.com.tr\/index.php\/wp-json\/wp\/v2\/product_brand?post=756068"},{"taxonomy":"product_cat","embeddable":true,"href":"https:\/\/roveyayinevi.com.tr\/index.php\/wp-json\/wp\/v2\/product_cat?post=756068"},{"taxonomy":"product_tag","embeddable":true,"href":"https:\/\/roveyayinevi.com.tr\/index.php\/wp-json\/wp\/v2\/product_tag?post=756068"}],"curies":[{"name":"wp","href":"https:\/\/api.w.org\/{rel}","templated":true}]}}