{"id":756067,"date":"2025-08-28T06:57:21","date_gmt":"2025-08-28T03:57:21","guid":{"rendered":"https:\/\/roveyayinevi.com.tr\/index.php\/urun\/national-geographic-kids-bilim-ansiklopedisi\/"},"modified":"2026-04-16T03:09:27","modified_gmt":"2026-04-16T00:09:27","slug":"national-geographic-kids-bilim-ansiklopedisi","status":"publish","type":"product","link":"https:\/\/roveyayinevi.com.tr\/index.php\/urun\/national-geographic-kids-bilim-ansiklopedisi\/","title":{"rendered":"National Geographic Kids \u2013 Bilim Ansiklopedisi"},"content":{"rendered":"<p>M\u0130N\u0130K ATOMLARDAN LEVHA TEKTON\u0130\u011e\u0130NE, UZAYIN UZAK K\u00d6\u015eELER\u0130NDEN OKYANUSLARIN DER\u0130NL\u0130KLER\u0130NE B\u0130L\u0130M ANS\u0130KLOPED\u0130S\u0130 B\u0130L\u0130MSEL T\u00dcM KONULARI EN KAPSAMLI \u015eEK\u0130LDE \u0130\u00c7ER\u0130YOR.              \u2022 Depremler, elektrik, elementler ve bilim hakk\u0131nda ilgin\u00e7 ve e\u011flenceli bilmek istedi\u011finiz her \u015fey\u2022 Ola\u011fan\u00fcst\u00fc bilim insanlar\u0131 ve ke\u015fifler hakk\u0131nda sizi \u015fa\u015f\u0131rtacak bilgiler\u2022 \u201cBunu deneyin!\u201d ba\u015fl\u0131\u011f\u0131 alt\u0131nda bilimi i\u015f ba\u015f\u0131nda g\u00f6rebilece\u011finiz kendi ba\u015f\u0131n\u0131za yapabilece\u011finiz deneyler\u2022 D\u0131\u015f uzaydan, \u00fczerinde ya\u015fad\u0131\u011f\u0131m\u0131z gezegene her \u015feyi g\u00f6steren canl\u0131 resimler\u2022 Aralar\u0131nda madde, kuvvetler ve makineler, enerji, elektronik, evren, D\u00fcnya\u2019da ya\u015fam, insan v\u00fccudu ve D\u00fcnya gezegeninin yer ald\u0131\u011f\u0131 kapsaml\u0131 bilimsel ba\u015fl\u0131klar.<\/p>\n","protected":false},"excerpt":{"rendered":"<p>M\u0130N\u0130K ATOMLARDAN LEVHA TEKTON\u0130\u011e\u0130NE, UZAYIN UZAK K\u00d6\u015eELER\u0130NDEN OKYANUSLARIN DER\u0130NL\u0130KLER\u0130NE B\u0130L\u0130M ANS\u0130KLOPED\u0130S\u0130 B\u0130L\u0130MSEL T\u00dcM KONULARI EN KAPSAMLI \u015eEK\u0130LDE \u0130\u00c7ER\u0130YOR. \u2022 Depremler, elektrik, elementler ve bilim hakk\u0131nda ilgin\u00e7<span class=\"excerpt-hellip\"> [\u2026]<\/span><\/p>\n","protected":false},"featured_media":0,"template":"","meta":{"_monsterinsights_skip_tracking":false,"_monsterinsights_sitenote_active":false,"_monsterinsights_sitenote_note":"","_monsterinsights_sitenote_category":0},"product_brand":[],"product_cat":[13005],"product_tag":[],"class_list":{"0":"post-756067","1":"product","2":"type-product","3":"status-publish","5":"product_cat-bilim-muhendislik","6":"pa_cilt-ciltli","7":"pa_tur-kitap","8":"pa_yayinevi-beta-kids","9":"pa_yazar-kollektif","11":"first","12":"instock","13":"sale","14":"shipping-taxable","15":"purchasable","16":"product-type-simple"},"_links":{"self":[{"href":"https:\/\/roveyayinevi.com.tr\/index.php\/wp-json\/wp\/v2\/product\/756067","targetHints":{"allow":["GET"]}}],"collection":[{"href":"https:\/\/roveyayinevi.com.tr\/index.php\/wp-json\/wp\/v2\/product"}],"about":[{"href":"https:\/\/roveyayinevi.com.tr\/index.php\/wp-json\/wp\/v2\/types\/product"}],"wp:attachment":[{"href":"https:\/\/roveyayinevi.com.tr\/index.php\/wp-json\/wp\/v2\/media?parent=756067"}],"wp:term":[{"taxonomy":"product_brand","embeddable":true,"href":"https:\/\/roveyayinevi.com.tr\/index.php\/wp-json\/wp\/v2\/product_brand?post=756067"},{"taxonomy":"product_cat","embeddable":true,"href":"https:\/\/roveyayinevi.com.tr\/index.php\/wp-json\/wp\/v2\/product_cat?post=756067"},{"taxonomy":"product_tag","embeddable":true,"href":"https:\/\/roveyayinevi.com.tr\/index.php\/wp-json\/wp\/v2\/product_tag?post=756067"}],"curies":[{"name":"wp","href":"https:\/\/api.w.org\/{rel}","templated":true}]}}