{"id":756066,"date":"2025-08-28T06:57:19","date_gmt":"2025-08-28T03:57:19","guid":{"rendered":"https:\/\/roveyayinevi.com.tr\/index.php\/urun\/natinonal-geographic-kids-ilk-nasillar-kitabim\/"},"modified":"2026-04-16T03:09:27","modified_gmt":"2026-04-16T00:09:27","slug":"natinonal-geographic-kids-ilk-nasillar-kitabim","status":"publish","type":"product","link":"https:\/\/roveyayinevi.com.tr\/index.php\/urun\/natinonal-geographic-kids-ilk-nasillar-kitabim\/","title":{"rendered":"NATINONAL GEOGRAPHIC KIDS &#8211; \u0130LK NASILLAR K\u0130TABIM"},"content":{"rendered":"<p>Kahverengi ay\u0131lar, k\u0131\u015f uykusundayken nas\u0131l s\u00fcrekli uyurlar? Dondurma nas\u0131l yap\u0131l\u0131r?Nas\u0131l? Bu \u00e7ocuklar\u0131n her g\u00fcn, pek \u00e7ok \u015fey hakk\u0131nda sorduklar\u0131 bir sorudur. National Geographic Little Kids \u0130lk Nas\u0131llar Kitab\u0131m ile aileler \u00e7ocuklar\u0131n\u0131n seviyesine uygun, ilgi \u00e7ekici ve do\u011fru cevaplar\u0131 \u00e7ocuklar\u0131yla payla\u015fabilecekler. 300\u2019den fazla parlak ve renkli foto\u011fraf, \u00e7ocuklar\u0131n d\u00fcnyas\u0131na hayat verirken onlar\u0131n merak\u0131n\u0131 ve e\u011flence ihtiya\u00e7lar\u0131n\u0131 kar\u015f\u0131l\u0131yor. Ara\u015ft\u0131rmalar, oyunlar ve aileler i\u00e7in ipu\u00e7lar\u0131, interaktif e\u011flenceyi desteklerken, kitab\u0131n sundu\u011fu deneyimi sayfalar\u0131n \u00f6tesine ta\u015f\u0131yor.<\/p>\n","protected":false},"excerpt":{"rendered":"<p>Kahverengi ay\u0131lar, k\u0131\u015f uykusundayken nas\u0131l s\u00fcrekli uyurlar? Dondurma nas\u0131l yap\u0131l\u0131r?Nas\u0131l? Bu \u00e7ocuklar\u0131n her g\u00fcn, pek \u00e7ok \u015fey hakk\u0131nda sorduklar\u0131 bir sorudur. National Geographic Little Kids \u0130lk<span class=\"excerpt-hellip\"> [\u2026]<\/span><\/p>\n","protected":false},"featured_media":0,"template":"","meta":{"_monsterinsights_skip_tracking":false,"_monsterinsights_sitenote_active":false,"_monsterinsights_sitenote_note":"","_monsterinsights_sitenote_category":0},"product_brand":[],"product_cat":[12274,14573],"product_tag":[],"class_list":{"0":"post-756066","1":"product","2":"type-product","3":"status-publish","5":"product_cat-cocuk-ve-genclik-kitaplari","6":"product_cat-referans-kitaplar-cocuk-ve-genclik-kitaplari","7":"pa_cilt-ciltsiz","8":"pa_tur-kitap","9":"pa_yayinevi-beta-kids","10":"pa_yazar-jill-esboum","12":"first","13":"instock","14":"sale","15":"shipping-taxable","16":"purchasable","17":"product-type-simple"},"_links":{"self":[{"href":"https:\/\/roveyayinevi.com.tr\/index.php\/wp-json\/wp\/v2\/product\/756066","targetHints":{"allow":["GET"]}}],"collection":[{"href":"https:\/\/roveyayinevi.com.tr\/index.php\/wp-json\/wp\/v2\/product"}],"about":[{"href":"https:\/\/roveyayinevi.com.tr\/index.php\/wp-json\/wp\/v2\/types\/product"}],"wp:attachment":[{"href":"https:\/\/roveyayinevi.com.tr\/index.php\/wp-json\/wp\/v2\/media?parent=756066"}],"wp:term":[{"taxonomy":"product_brand","embeddable":true,"href":"https:\/\/roveyayinevi.com.tr\/index.php\/wp-json\/wp\/v2\/product_brand?post=756066"},{"taxonomy":"product_cat","embeddable":true,"href":"https:\/\/roveyayinevi.com.tr\/index.php\/wp-json\/wp\/v2\/product_cat?post=756066"},{"taxonomy":"product_tag","embeddable":true,"href":"https:\/\/roveyayinevi.com.tr\/index.php\/wp-json\/wp\/v2\/product_tag?post=756066"}],"curies":[{"name":"wp","href":"https:\/\/api.w.org\/{rel}","templated":true}]}}