{"id":756064,"date":"2025-08-28T06:57:16","date_gmt":"2025-08-28T03:57:16","guid":{"rendered":"https:\/\/roveyayinevi.com.tr\/index.php\/urun\/national-geographic-kids-bocekler-hakkinda-1000-gercek\/"},"modified":"2026-04-16T03:09:27","modified_gmt":"2026-04-16T00:09:27","slug":"national-geographic-kids-bocekler-hakkinda-1000-gercek","status":"publish","type":"product","link":"https:\/\/roveyayinevi.com.tr\/index.php\/urun\/national-geographic-kids-bocekler-hakkinda-1000-gercek\/","title":{"rendered":"NATIONAL GEOGRAPHIC KIDS- B\u00d6CEKLER HAKKINDA 1000 GER\u00c7EK"},"content":{"rendered":"<p>B\u00f6ceklerin Harika D\u00fcnyas\u0131n\u0131 Ke\u015ffedin!D\u00fcnyadaki en inan\u0131lmaz s\u00fcr\u00fcngenler, u\u00e7an ve z\u0131playan t\u00fcrler hakk\u0131ndaki en b\u00fcy\u00fcleyici, harika ve vah\u015fi bilgileri ke\u015ffetmek i\u00e7in bu kitaba dal\u0131n. \u0130nan\u0131lmaz duyular, davran\u0131\u015flar, aileler ve ya\u015fam alanlar\u0131yla bu kapsaml\u0131 kitapta \u00e7ocuk dostu bir s\u00f6zl\u00fck ve t\u00fcm b\u00f6cek ailelerinin s\u0131ral\u0131 listesi var.<\/p>\n","protected":false},"excerpt":{"rendered":"<p>B\u00f6ceklerin Harika D\u00fcnyas\u0131n\u0131 Ke\u015ffedin!D\u00fcnyadaki en inan\u0131lmaz s\u00fcr\u00fcngenler, u\u00e7an ve z\u0131playan t\u00fcrler hakk\u0131ndaki en b\u00fcy\u00fcleyici, harika ve vah\u015fi bilgileri ke\u015ffetmek i\u00e7in bu kitaba dal\u0131n. \u0130nan\u0131lmaz duyular, davran\u0131\u015flar,<span class=\"excerpt-hellip\"> [\u2026]<\/span><\/p>\n","protected":false},"featured_media":0,"template":"","meta":{"_monsterinsights_skip_tracking":false,"_monsterinsights_sitenote_active":false,"_monsterinsights_sitenote_note":"","_monsterinsights_sitenote_category":0},"product_brand":[],"product_cat":[13829,12274],"product_tag":[],"class_list":{"0":"post-756064","1":"product","2":"type-product","3":"status-publish","5":"product_cat-bilimsel-kitaplar","6":"product_cat-cocuk-ve-genclik-kitaplari","7":"pa_cilt-ciltsiz","8":"pa_tur-kitap","9":"pa_yayinevi-beta-kids","10":"pa_yazar-nancy-honovich","12":"first","13":"instock","14":"sale","15":"shipping-taxable","16":"purchasable","17":"product-type-simple"},"_links":{"self":[{"href":"https:\/\/roveyayinevi.com.tr\/index.php\/wp-json\/wp\/v2\/product\/756064","targetHints":{"allow":["GET"]}}],"collection":[{"href":"https:\/\/roveyayinevi.com.tr\/index.php\/wp-json\/wp\/v2\/product"}],"about":[{"href":"https:\/\/roveyayinevi.com.tr\/index.php\/wp-json\/wp\/v2\/types\/product"}],"wp:attachment":[{"href":"https:\/\/roveyayinevi.com.tr\/index.php\/wp-json\/wp\/v2\/media?parent=756064"}],"wp:term":[{"taxonomy":"product_brand","embeddable":true,"href":"https:\/\/roveyayinevi.com.tr\/index.php\/wp-json\/wp\/v2\/product_brand?post=756064"},{"taxonomy":"product_cat","embeddable":true,"href":"https:\/\/roveyayinevi.com.tr\/index.php\/wp-json\/wp\/v2\/product_cat?post=756064"},{"taxonomy":"product_tag","embeddable":true,"href":"https:\/\/roveyayinevi.com.tr\/index.php\/wp-json\/wp\/v2\/product_tag?post=756064"}],"curies":[{"name":"wp","href":"https:\/\/api.w.org\/{rel}","templated":true}]}}