{"id":756061,"date":"2025-08-28T06:57:10","date_gmt":"2025-08-28T03:57:10","guid":{"rendered":"https:\/\/roveyayinevi.com.tr\/index.php\/urun\/natinonal-geographic-kids-su\/"},"modified":"2026-04-16T03:09:27","modified_gmt":"2026-04-16T00:09:27","slug":"natinonal-geographic-kids-su","status":"publish","type":"product","link":"https:\/\/roveyayinevi.com.tr\/index.php\/urun\/natinonal-geographic-kids-su\/","title":{"rendered":"NATINONAL GEOGRAPHIC KIDS &#8211; SU"},"content":{"rendered":"<p>Ya\u015fam kayna\u011f\u0131m\u0131z suyun d\u00f6ng\u00fclerinden, ya\u011fmurun olu\u015fumuna, nehirlerden okyanuslara ve suda ya\u015fayan canl\u0131lara kadar bu kitapta suya dair pek \u00e7ok \u015fey ke\u015ffedecek; suyun hayat\u0131m\u0131zdaki \u00f6nemini, v\u00fccudumuzun suyu hangi ama\u00e7lar i\u00e7in kulland\u0131\u011f\u0131n\u0131 ve suyu nas\u0131l tasarruflu kullanabilece\u011fimizi \u00f6\u011frenece\u011fiz.National Geographic\u2019in uzman foto\u011fraf\u00e7\u0131lar\u0131n\u0131n imzas\u0131n\u0131 ta\u015f\u0131yan g\u00f6rsellerle, zengin bir i\u00e7erik, bu kitapta bir araya geldi. 12 kitaptan olu\u015fan, 3. seviye okuma kitaplar\u0131ndan biri olan Su, kendi ba\u015flar\u0131na ak\u0131c\u0131 olarak okuyabilen ve yeni s\u00f6zc\u00fcklerle uzun c\u00fcmlelere haz\u0131r olan \u00e7ocuklar i\u00e7indir. \u0130lgi \u00e7ekici parlak resimleriyle \u00e7ocuklar\u0131n ilgilerini kaybetmeden hem e\u011flenmelerini hem de \u00f6\u011frenmelerini sa\u011flayan bu yar\u0131n\u0131n ka\u015fiflerinin bilim ve  d\u00fcnyas\u0131na att\u0131klar\u0131 ilk ad\u0131mlardan olacak.Melisa Stewart \u00e7ocuklar i\u00e7in 180\u2019in \u00fczerinde bilimsel i\u00e7erikli kitap kaleme alm\u0131\u015ft\u0131r.  Stewart, kitaplar\u0131 i\u00e7in bilgi toplarken tropikal ya\u011fmur ormanlar\u0131nda y\u00fcr\u00fcy\u00fc\u015f yapar, Afrika\u2019da safariye kat\u0131l\u0131r ve Galapagos Adalar\u0131\u2019nda deniz aslanlar\u0131yla birlikte y\u00fczer. Biyoloji \u00fczerine ald\u0131\u011f\u0131 lisans e\u011fitiminin ard\u0131ndan, New York \u00dcniversitesi Bilim Gazetecili\u011fi b\u00f6l\u00fcm\u00fcnde y\u00fcksek lisans yapm\u0131\u015ft\u0131r ve tam zamanl\u0131 olarak yazarl\u0131\u011fa ba\u015flad\u0131\u011f\u0131 2000 y\u0131l\u0131na kadar dokuz y\u0131l boyunca \u00e7ocuk kitaplar\u0131 edit\u00f6rl\u00fc\u011f\u00fc yapm\u0131\u015ft\u0131r.<\/p>\n","protected":false},"excerpt":{"rendered":"<p>Ya\u015fam kayna\u011f\u0131m\u0131z suyun d\u00f6ng\u00fclerinden, ya\u011fmurun olu\u015fumuna, nehirlerden okyanuslara ve suda ya\u015fayan canl\u0131lara kadar bu kitapta suya dair pek \u00e7ok \u015fey ke\u015ffedecek; suyun hayat\u0131m\u0131zdaki \u00f6nemini, v\u00fccudumuzun suyu<span class=\"excerpt-hellip\"> [\u2026]<\/span><\/p>\n","protected":false},"featured_media":0,"template":"","meta":{"_monsterinsights_skip_tracking":false,"_monsterinsights_sitenote_active":false,"_monsterinsights_sitenote_note":"","_monsterinsights_sitenote_category":0},"product_brand":[],"product_cat":[13829,12274],"product_tag":[],"class_list":{"0":"post-756061","1":"product","2":"type-product","3":"status-publish","5":"product_cat-bilimsel-kitaplar","6":"product_cat-cocuk-ve-genclik-kitaplari","7":"pa_cilt-ciltsiz","8":"pa_tur-kitap","9":"pa_yayinevi-beta-kids","10":"pa_yazar-melissa-stewart","12":"first","13":"instock","14":"sale","15":"shipping-taxable","16":"purchasable","17":"product-type-simple"},"_links":{"self":[{"href":"https:\/\/roveyayinevi.com.tr\/index.php\/wp-json\/wp\/v2\/product\/756061","targetHints":{"allow":["GET"]}}],"collection":[{"href":"https:\/\/roveyayinevi.com.tr\/index.php\/wp-json\/wp\/v2\/product"}],"about":[{"href":"https:\/\/roveyayinevi.com.tr\/index.php\/wp-json\/wp\/v2\/types\/product"}],"wp:attachment":[{"href":"https:\/\/roveyayinevi.com.tr\/index.php\/wp-json\/wp\/v2\/media?parent=756061"}],"wp:term":[{"taxonomy":"product_brand","embeddable":true,"href":"https:\/\/roveyayinevi.com.tr\/index.php\/wp-json\/wp\/v2\/product_brand?post=756061"},{"taxonomy":"product_cat","embeddable":true,"href":"https:\/\/roveyayinevi.com.tr\/index.php\/wp-json\/wp\/v2\/product_cat?post=756061"},{"taxonomy":"product_tag","embeddable":true,"href":"https:\/\/roveyayinevi.com.tr\/index.php\/wp-json\/wp\/v2\/product_tag?post=756061"}],"curies":[{"name":"wp","href":"https:\/\/api.w.org\/{rel}","templated":true}]}}