{"id":756058,"date":"2025-08-28T06:57:06","date_gmt":"2025-08-28T03:57:06","guid":{"rendered":"https:\/\/roveyayinevi.com.tr\/index.php\/urun\/natinonal-geographic-kids-kafadan-bacaklilar\/"},"modified":"2026-04-16T03:09:27","modified_gmt":"2026-04-16T00:09:27","slug":"natinonal-geographic-kids-kafadan-bacaklilar","status":"publish","type":"product","link":"https:\/\/roveyayinevi.com.tr\/index.php\/urun\/natinonal-geographic-kids-kafadan-bacaklilar\/","title":{"rendered":"NATINONAL GEOGRAPHIC KIDS &#8211; KAFADAN BACAKLILAR"},"content":{"rendered":"<p>1888 y\u0131l\u0131ndan beri ke\u015fif, ara\u015ft\u0131rma ve yard\u0131m \u00e7al\u0131\u015fmalar\u0131 konusunda alan\u0131n\u0131n en tan\u0131nan ismi olan ve bilim d\u00fcnyas\u0131na pek \u00e7ok ke\u015fif kazand\u0131ran National Geographic\u2019in, \u00e7ocuklar i\u00e7in \u00f6zel olarak yaratt\u0131\u011f\u0131 National Geographic Kids kitaplar\u0131 art\u0131k T\u00fcrkiye\u2019de. Bilimsel merak\u0131n k\u00fc\u00e7\u00fck ya\u015flarda geli\u015ftirilmesinin \u00f6neminin bilincinde olan National Geographic, hayvanlar, ula\u015f\u0131m ara\u00e7lar\u0131, co\u011frafya, iklim, uzay, d\u00fcnyam\u0131z ve genel k\u00fclt\u00fcr gibi pek \u00e7ok konuda, \u00e7ocuklar\u0131n ilgisini \u00e7eken ve onlar\u0131n bilimsel konulalara olan kat\u0131l\u0131m\u0131n\u0131 art\u0131ran yay\u0131nlar sunmaktad\u0131r.      3.Seviye; Okuma kitaplar\u0131, kendi ba\u015flar\u0131na ak\u0131c\u0131 olarak okuyan ve yeni s\u00f6zc\u00fcklere uzun c\u00fcmlelere haz\u0131r olan \u00e7ocuklar i\u00e7indir. Kapsaml\u0131 i\u00e7eri\u011fi ve ileri seviye kelime bilgisiyle \u00e7ocuklar\u0131n \u00f6\u011frenimlerini destekler. Okuma serisinin her kitab\u0131nda olu\u011fu gibi, bu kitaplar\u0131n sonunda da \u00e7ocuklar\u0131n kat\u0131l\u0131m\u0131n\u0131 sa\u011flayan kompozisyon ve bo\u015fluk doldurma gibi farkl\u0131 b\u00f6l\u00fcmler bulunur. \u00c7ocuklar\u0131n aktif kat\u0131l\u0131m\u0131yla konuya olan hakimiyetlerini art\u0131ran bu seri, i\u00e7erikleri hakk\u0131nda sunum haz\u0131rlamak i\u00e7in idealdir.<\/p>\n","protected":false},"excerpt":{"rendered":"<p>1888 y\u0131l\u0131ndan beri ke\u015fif, ara\u015ft\u0131rma ve yard\u0131m \u00e7al\u0131\u015fmalar\u0131 konusunda alan\u0131n\u0131n en tan\u0131nan ismi olan ve bilim d\u00fcnyas\u0131na pek \u00e7ok ke\u015fif kazand\u0131ran National Geographic\u2019in, \u00e7ocuklar i\u00e7in \u00f6zel<span class=\"excerpt-hellip\"> [\u2026]<\/span><\/p>\n","protected":false},"featured_media":0,"template":"","meta":{"_monsterinsights_skip_tracking":false,"_monsterinsights_sitenote_active":false,"_monsterinsights_sitenote_note":"","_monsterinsights_sitenote_category":0},"product_brand":[],"product_cat":[12274,14573],"product_tag":[],"class_list":{"0":"post-756058","1":"product","2":"type-product","3":"status-publish","5":"product_cat-cocuk-ve-genclik-kitaplari","6":"product_cat-referans-kitaplar-cocuk-ve-genclik-kitaplari","7":"pa_cilt-ciltsiz","8":"pa_tur-kitap","9":"pa_yayinevi-beta-kids","10":"pa_yazar-s-warren-drimmer","12":"first","13":"instock","14":"sale","15":"shipping-taxable","16":"purchasable","17":"product-type-simple"},"_links":{"self":[{"href":"https:\/\/roveyayinevi.com.tr\/index.php\/wp-json\/wp\/v2\/product\/756058","targetHints":{"allow":["GET"]}}],"collection":[{"href":"https:\/\/roveyayinevi.com.tr\/index.php\/wp-json\/wp\/v2\/product"}],"about":[{"href":"https:\/\/roveyayinevi.com.tr\/index.php\/wp-json\/wp\/v2\/types\/product"}],"wp:attachment":[{"href":"https:\/\/roveyayinevi.com.tr\/index.php\/wp-json\/wp\/v2\/media?parent=756058"}],"wp:term":[{"taxonomy":"product_brand","embeddable":true,"href":"https:\/\/roveyayinevi.com.tr\/index.php\/wp-json\/wp\/v2\/product_brand?post=756058"},{"taxonomy":"product_cat","embeddable":true,"href":"https:\/\/roveyayinevi.com.tr\/index.php\/wp-json\/wp\/v2\/product_cat?post=756058"},{"taxonomy":"product_tag","embeddable":true,"href":"https:\/\/roveyayinevi.com.tr\/index.php\/wp-json\/wp\/v2\/product_tag?post=756058"}],"curies":[{"name":"wp","href":"https:\/\/api.w.org\/{rel}","templated":true}]}}